{"id":131893,"date":"2025-05-18T22:27:56","date_gmt":"2025-05-18T22:27:56","guid":{"rendered":"https:\/\/staging2.stylingagenten.com\/fi\/produkt\/wet-n-wild-mega-protein-waterproof-mascara-very-black\/"},"modified":"2026-02-26T14:16:32","modified_gmt":"2026-02-26T14:16:32","slug":"wet-n-wild-mega-protein-waterproof-mascara-very-black","status":"publish","type":"product","link":"https:\/\/stylingagenten.com\/fi\/tuote\/wet-n-wild-mega-protein-waterproof-mascara-very-black\/","title":{"rendered":"Wet n Wild Mega Protein Waterproof Mascara Very Black"},"content":{"rendered":"<p>Wet n Wild&reg; Mega Protein&trade; Ripsiv\u00e4ri tekee ripsist\u00e4si terveemm\u00e4t, luonnollisesti t\u00e4ytel\u00e4isemm\u00e4t ja paksummat yhdell\u00e4 pyyhk\u00e4isyll\u00e4. <br \/>Soijaproteiinia ja soijalesitiini\u00e4, acai\u00f6ljy\u00e4 ja D-Phantenolia sis\u00e4lt\u00e4v\u00e4 tehokas koostumus auttaa suojaamaan, vahvistamaan ja ravitsemaan ripsi\u00e4. <br \/>Spiraalinmuotoinen sivellin eritt\u00e4in tiivistetyll\u00e4 ja ravintoainerikkaalla koostumuksella antaa ripsille mustat, dramaattiset ja tahrattomat tulokset. <br \/>Saatavana 2 cruelty-free, hajusteeton, sulfaatitonta versiota: musta ja musta vedenpit\u00e4v\u00e4. Kaikki wet n wild -tuotteet ovat cruelty-vapaita ja PETA-hyv\u00e4ksyttyj\u00e4!<\/p>\n","protected":false},"excerpt":{"rendered":"<p>Wet n Wild&reg; Mega Protein&trade; Ripsiv\u00e4ri tekee ripsist\u00e4si terveemm\u00e4t, luonnollisesti t\u00e4ytel\u00e4isemm\u00e4t ja paksummat yhdell\u00e4 pyyhk\u00e4isyll\u00e4. Soijaproteiinia ja soijalesitiini\u00e4, acai\u00f6ljy\u00e4 ja D-Phantenolia sis\u00e4lt\u00e4v\u00e4 tehokas koostumus auttaa suojaamaan, vahvistamaan ja ravitsemaan ripsi\u00e4. Spiraalinmuotoinen sivellin eritt\u00e4in tiivistetyll\u00e4 ja ravintoainerikkaalla koostumuksella antaa ripsille mustat, dramaattiset ja tahrattomat tulokset. Saatavana 2 cruelty-free, hajusteeton, sulfaatitonta versiota: musta ja musta vedenpit\u00e4v\u00e4. Kaikki [&hellip;]<\/p>\n","protected":false},"featured_media":131885,"comment_status":"open","ping_status":"closed","template":"","meta":{"_trash_the_other_posts":false},"product_brand":[],"product_cat":[618],"product_tag":[],"berocket_brand":[1035],"class_list":{"0":"post-131893","1":"product","2":"type-product","3":"status-publish","4":"has-post-thumbnail","6":"product_cat-ripsivari","7":"pa_brand-wet-n-wild","8":"berocket_brand-wet-n-wild","10":"first","11":"instock","12":"sale","13":"taxable","14":"shipping-taxable","15":"purchasable","16":"product-type-simple"},"_links":{"self":[{"href":"https:\/\/stylingagenten.com\/fi\/wp-json\/wp\/v2\/product\/131893","targetHints":{"allow":["GET"]}}],"collection":[{"href":"https:\/\/stylingagenten.com\/fi\/wp-json\/wp\/v2\/product"}],"about":[{"href":"https:\/\/stylingagenten.com\/fi\/wp-json\/wp\/v2\/types\/product"}],"replies":[{"embeddable":true,"href":"https:\/\/stylingagenten.com\/fi\/wp-json\/wp\/v2\/comments?post=131893"}],"version-history":[{"count":0,"href":"https:\/\/stylingagenten.com\/fi\/wp-json\/wp\/v2\/product\/131893\/revisions"}],"wp:featuredmedia":[{"embeddable":true,"href":"https:\/\/stylingagenten.com\/fi\/wp-json\/wp\/v2\/media\/131885"}],"wp:attachment":[{"href":"https:\/\/stylingagenten.com\/fi\/wp-json\/wp\/v2\/media?parent=131893"}],"wp:term":[{"taxonomy":"product_brand","embeddable":true,"href":"https:\/\/stylingagenten.com\/fi\/wp-json\/wp\/v2\/product_brand?post=131893"},{"taxonomy":"product_cat","embeddable":true,"href":"https:\/\/stylingagenten.com\/fi\/wp-json\/wp\/v2\/product_cat?post=131893"},{"taxonomy":"product_tag","embeddable":true,"href":"https:\/\/stylingagenten.com\/fi\/wp-json\/wp\/v2\/product_tag?post=131893"},{"taxonomy":"berocket_brand","embeddable":true,"href":"https:\/\/stylingagenten.com\/fi\/wp-json\/wp\/v2\/berocket_brand?post=131893"}],"curies":[{"name":"wp","href":"https:\/\/api.w.org\/{rel}","templated":true}]}}