{"id":131828,"date":"2025-05-18T22:27:40","date_gmt":"2025-05-18T22:27:40","guid":{"rendered":"https:\/\/staging2.stylingagenten.com\/fi\/produkt\/loreal-volume-million-lashes-so-couture-so-black-95ml\/"},"modified":"2026-03-29T19:27:26","modified_gmt":"2026-03-29T19:27:26","slug":"loreal-volume-million-lashes-so-couture-so-black-95ml","status":"publish","type":"product","link":"https:\/\/stylingagenten.com\/fi\/tuote\/loreal-volume-million-lashes-so-couture-so-black-95ml\/","title":{"rendered":"L&#8217;Oreal Volume Million Lashes So Couture So Black 9,5ml"},"content":{"rendered":"<p>L&#8217;Or\u00e9al Paris Volume Million Lashes So Couture So Black antaa erottuvan, luonnollisen ilmeen pehme\u00e4n kumiharjan ja lyhyiden harjasten avulla. Volume Million Lashes So Couture So Black tarjoaa upean volyymin hienostuneella tarkkuudella. Harja m\u00e4\u00e4rittelee ja korostaa jokaista ripsi\u00e4, jotta voit muokata ulkoasuasi. Yksi pyyhk\u00e4isy luonnollisille ripsille tai kerros kerrokselle saadaksesi intensiivisen lookin. Ihana ripsiv\u00e4ri, joka antaa upean couture-volyymin ripsille samalla, kun se antaa intensiivisen s\u00e4vyn ilman kokkareita! V\u00e4ri: Musta<\/p>\n","protected":false},"excerpt":{"rendered":"<p>L&#8217;Or\u00e9al Paris Volume Million Lashes So Couture So Black antaa erottuvan, luonnollisen ilmeen pehme\u00e4n kumiharjan ja lyhyiden harjasten avulla. Volume Million Lashes So Couture So Black tarjoaa upean volyymin hienostuneella tarkkuudella. Harja m\u00e4\u00e4rittelee ja korostaa jokaista ripsi\u00e4, jotta voit muokata ulkoasuasi. Yksi pyyhk\u00e4isy luonnollisille ripsille tai kerros kerrokselle saadaksesi intensiivisen lookin. Ihana ripsiv\u00e4ri, joka antaa [&hellip;]<\/p>\n","protected":false},"featured_media":131826,"comment_status":"open","ping_status":"closed","template":"","meta":{"_trash_the_other_posts":false},"product_brand":[],"product_cat":[618],"product_tag":[],"berocket_brand":[2000],"class_list":{"0":"post-131828","1":"product","2":"type-product","3":"status-publish","4":"has-post-thumbnail","6":"product_cat-ripsivari","7":"pa_brand-loreal-paris-2","8":"berocket_brand-loreal-paris","10":"first","11":"instock","12":"sale","13":"taxable","14":"shipping-taxable","15":"purchasable","16":"product-type-simple"},"_links":{"self":[{"href":"https:\/\/stylingagenten.com\/fi\/wp-json\/wp\/v2\/product\/131828","targetHints":{"allow":["GET"]}}],"collection":[{"href":"https:\/\/stylingagenten.com\/fi\/wp-json\/wp\/v2\/product"}],"about":[{"href":"https:\/\/stylingagenten.com\/fi\/wp-json\/wp\/v2\/types\/product"}],"replies":[{"embeddable":true,"href":"https:\/\/stylingagenten.com\/fi\/wp-json\/wp\/v2\/comments?post=131828"}],"version-history":[{"count":0,"href":"https:\/\/stylingagenten.com\/fi\/wp-json\/wp\/v2\/product\/131828\/revisions"}],"wp:featuredmedia":[{"embeddable":true,"href":"https:\/\/stylingagenten.com\/fi\/wp-json\/wp\/v2\/media\/131826"}],"wp:attachment":[{"href":"https:\/\/stylingagenten.com\/fi\/wp-json\/wp\/v2\/media?parent=131828"}],"wp:term":[{"taxonomy":"product_brand","embeddable":true,"href":"https:\/\/stylingagenten.com\/fi\/wp-json\/wp\/v2\/product_brand?post=131828"},{"taxonomy":"product_cat","embeddable":true,"href":"https:\/\/stylingagenten.com\/fi\/wp-json\/wp\/v2\/product_cat?post=131828"},{"taxonomy":"product_tag","embeddable":true,"href":"https:\/\/stylingagenten.com\/fi\/wp-json\/wp\/v2\/product_tag?post=131828"},{"taxonomy":"berocket_brand","embeddable":true,"href":"https:\/\/stylingagenten.com\/fi\/wp-json\/wp\/v2\/berocket_brand?post=131828"}],"curies":[{"name":"wp","href":"https:\/\/api.w.org\/{rel}","templated":true}]}}