{"id":131793,"date":"2025-05-18T22:27:31","date_gmt":"2025-05-18T22:27:31","guid":{"rendered":"https:\/\/staging2.stylingagenten.com\/fi\/produkt\/max-factor-false-lash-epic-black-waterproof-mascara-131-ml\/"},"modified":"2026-02-18T21:36:27","modified_gmt":"2026-02-18T21:36:27","slug":"max-factor-false-lash-epic-black-waterproof-mascara-131-ml","status":"publish","type":"product","link":"https:\/\/stylingagenten.com\/fi\/tuote\/max-factor-false-lash-epic-black-waterproof-mascara-131-ml\/","title":{"rendered":"Max Factor False Lash Epic Black Waterproof Mascara  13,1 ml"},"content":{"rendered":"<p>Max Factor False Lash Epic Black Waterproof Mascara <\/p>\n<p>Ripsien tyypist\u00e4 riippumatta saavutat eeppisen volyymin faniefektill\u00e4, joka tekee ripsist\u00e4 erityisen t\u00e4ytel\u00e4iset ja intensiivisen mustat.<\/p>\n","protected":false},"excerpt":{"rendered":"<p>Max Factor False Lash Epic Black Waterproof Mascara Ripsien tyypist\u00e4 riippumatta saavutat eeppisen volyymin faniefektill\u00e4, joka tekee ripsist\u00e4 erityisen t\u00e4ytel\u00e4iset ja intensiivisen mustat.<\/p>\n","protected":false},"featured_media":131785,"comment_status":"open","ping_status":"closed","template":"","meta":{"_trash_the_other_posts":false},"product_brand":[],"product_cat":[618],"product_tag":[],"berocket_brand":[1013],"class_list":{"0":"post-131793","1":"product","2":"type-product","3":"status-publish","4":"has-post-thumbnail","6":"product_cat-ripsivari","7":"pa_brand-max-factor","8":"berocket_brand-max-factor","10":"first","11":"instock","12":"sale","13":"taxable","14":"shipping-taxable","15":"purchasable","16":"product-type-simple"},"_links":{"self":[{"href":"https:\/\/stylingagenten.com\/fi\/wp-json\/wp\/v2\/product\/131793","targetHints":{"allow":["GET"]}}],"collection":[{"href":"https:\/\/stylingagenten.com\/fi\/wp-json\/wp\/v2\/product"}],"about":[{"href":"https:\/\/stylingagenten.com\/fi\/wp-json\/wp\/v2\/types\/product"}],"replies":[{"embeddable":true,"href":"https:\/\/stylingagenten.com\/fi\/wp-json\/wp\/v2\/comments?post=131793"}],"version-history":[{"count":0,"href":"https:\/\/stylingagenten.com\/fi\/wp-json\/wp\/v2\/product\/131793\/revisions"}],"wp:featuredmedia":[{"embeddable":true,"href":"https:\/\/stylingagenten.com\/fi\/wp-json\/wp\/v2\/media\/131785"}],"wp:attachment":[{"href":"https:\/\/stylingagenten.com\/fi\/wp-json\/wp\/v2\/media?parent=131793"}],"wp:term":[{"taxonomy":"product_brand","embeddable":true,"href":"https:\/\/stylingagenten.com\/fi\/wp-json\/wp\/v2\/product_brand?post=131793"},{"taxonomy":"product_cat","embeddable":true,"href":"https:\/\/stylingagenten.com\/fi\/wp-json\/wp\/v2\/product_cat?post=131793"},{"taxonomy":"product_tag","embeddable":true,"href":"https:\/\/stylingagenten.com\/fi\/wp-json\/wp\/v2\/product_tag?post=131793"},{"taxonomy":"berocket_brand","embeddable":true,"href":"https:\/\/stylingagenten.com\/fi\/wp-json\/wp\/v2\/berocket_brand?post=131793"}],"curies":[{"name":"wp","href":"https:\/\/api.w.org\/{rel}","templated":true}]}}