{"id":131747,"date":"2025-05-18T22:27:19","date_gmt":"2025-05-18T22:27:19","guid":{"rendered":"https:\/\/staging2.stylingagenten.com\/fi\/produkt\/maybelline-colossal-curl-bounce-mascara-very-black\/"},"modified":"2025-11-19T12:09:39","modified_gmt":"2025-11-19T12:09:39","slug":"maybelline-colossal-curl-bounce-mascara-very-black","status":"publish","type":"product","link":"https:\/\/stylingagenten.com\/fi\/tuote\/maybelline-colossal-curl-bounce-mascara-very-black\/","title":{"rendered":"Maybelline Colossal Curl Bounce Mascara Very Black"},"content":{"rendered":"<p>Ripsiv\u00e4ri antaa suuren volyymin ja vaikuttavan kiharavaikutelman. Harja, joka erottaa, lakaisee ja taivuttaa ripset. Jopa 24 h* kest\u00e4v\u00e4 tulos. Ei paakkuuntu, ei tahraa eik\u00e4 putoa. <br \/>vegaaninen kaava. * K\u00e4ytt\u00e4j\u00e4testi, n = 105.<\/p>\n","protected":false},"excerpt":{"rendered":"<p>Ripsiv\u00e4ri antaa suuren volyymin ja vaikuttavan kiharavaikutelman. Harja, joka erottaa, lakaisee ja taivuttaa ripset. Jopa 24 h* kest\u00e4v\u00e4 tulos. Ei paakkuuntu, ei tahraa eik\u00e4 putoa. vegaaninen kaava. * K\u00e4ytt\u00e4j\u00e4testi, n = 105.<\/p>\n","protected":false},"featured_media":131746,"comment_status":"open","ping_status":"closed","template":"","meta":{"_trash_the_other_posts":false},"product_brand":[],"product_cat":[618],"product_tag":[],"berocket_brand":[1016],"class_list":{"0":"post-131747","1":"product","2":"type-product","3":"status-publish","4":"has-post-thumbnail","6":"product_cat-ripsivari","7":"pa_brand-maybelline","8":"berocket_brand-maybelline","10":"first","11":"instock","12":"sale","13":"taxable","14":"shipping-taxable","15":"purchasable","16":"product-type-simple"},"_links":{"self":[{"href":"https:\/\/stylingagenten.com\/fi\/wp-json\/wp\/v2\/product\/131747","targetHints":{"allow":["GET"]}}],"collection":[{"href":"https:\/\/stylingagenten.com\/fi\/wp-json\/wp\/v2\/product"}],"about":[{"href":"https:\/\/stylingagenten.com\/fi\/wp-json\/wp\/v2\/types\/product"}],"replies":[{"embeddable":true,"href":"https:\/\/stylingagenten.com\/fi\/wp-json\/wp\/v2\/comments?post=131747"}],"version-history":[{"count":0,"href":"https:\/\/stylingagenten.com\/fi\/wp-json\/wp\/v2\/product\/131747\/revisions"}],"wp:featuredmedia":[{"embeddable":true,"href":"https:\/\/stylingagenten.com\/fi\/wp-json\/wp\/v2\/media\/131746"}],"wp:attachment":[{"href":"https:\/\/stylingagenten.com\/fi\/wp-json\/wp\/v2\/media?parent=131747"}],"wp:term":[{"taxonomy":"product_brand","embeddable":true,"href":"https:\/\/stylingagenten.com\/fi\/wp-json\/wp\/v2\/product_brand?post=131747"},{"taxonomy":"product_cat","embeddable":true,"href":"https:\/\/stylingagenten.com\/fi\/wp-json\/wp\/v2\/product_cat?post=131747"},{"taxonomy":"product_tag","embeddable":true,"href":"https:\/\/stylingagenten.com\/fi\/wp-json\/wp\/v2\/product_tag?post=131747"},{"taxonomy":"berocket_brand","embeddable":true,"href":"https:\/\/stylingagenten.com\/fi\/wp-json\/wp\/v2\/berocket_brand?post=131747"}],"curies":[{"name":"wp","href":"https:\/\/api.w.org\/{rel}","templated":true}]}}