{"id":131715,"date":"2025-05-18T22:27:10","date_gmt":"2025-05-18T22:27:10","guid":{"rendered":"https:\/\/staging2.stylingagenten.com\/fi\/produkt\/maybelline-the-colossal-up-to-36h-mascara-black\/"},"modified":"2026-04-11T09:07:28","modified_gmt":"2026-04-11T09:07:28","slug":"maybelline-the-colossal-up-to-36h-mascara-black","status":"publish","type":"product","link":"https:\/\/stylingagenten.com\/fi\/tuote\/maybelline-the-colossal-up-to-36h-mascara-black\/","title":{"rendered":"Maybelline The Colossal Up To 36H Mascara Black"},"content":{"rendered":"<p>Colossal 36H antaa intensiivisen ripsien ilmeen, joka kest\u00e4\u00e4!<br \/>Vedenpit\u00e4v\u00e4 koostumus ei tahraa eik\u00e4 hilseile ja on todella hyv\u00e4 ty\u00f6hevonen volyymiripsiv\u00e4rille. Vallankumouksellinen volyymia lis\u00e4\u00e4v\u00e4 koostumus ja megaharja antavat ripsist\u00e4si paksumman vaikutelman ja volyymia kuin koskaan ennen.<\/p>\n<p>Sopii kaikille sukupuolille. Testattu oftalmologisessa valvonnassa ja sopii piilolinssien k\u00e4ytt\u00e4jille. 10 ml<br \/>*K\u00e4ytt\u00e4j\u00e4testi 111 henkil\u00f6\u00e4<\/p>\n","protected":false},"excerpt":{"rendered":"<p>Colossal 36H antaa intensiivisen ripsien ilmeen, joka kest\u00e4\u00e4!Vedenpit\u00e4v\u00e4 koostumus ei tahraa eik\u00e4 hilseile ja on todella hyv\u00e4 ty\u00f6hevonen volyymiripsiv\u00e4rille. Vallankumouksellinen volyymia lis\u00e4\u00e4v\u00e4 koostumus ja megaharja antavat ripsist\u00e4si paksumman vaikutelman ja volyymia kuin koskaan ennen. Sopii kaikille sukupuolille. Testattu oftalmologisessa valvonnassa ja sopii piilolinssien k\u00e4ytt\u00e4jille. 10 ml*K\u00e4ytt\u00e4j\u00e4testi 111 henkil\u00f6\u00e4<\/p>\n","protected":false},"featured_media":131713,"comment_status":"open","ping_status":"closed","template":"","meta":{"_trash_the_other_posts":false},"product_brand":[],"product_cat":[618],"product_tag":[],"berocket_brand":[1016],"class_list":{"0":"post-131715","1":"product","2":"type-product","3":"status-publish","4":"has-post-thumbnail","6":"product_cat-ripsivari","7":"pa_brand-maybelline","8":"berocket_brand-maybelline","10":"first","11":"instock","12":"sale","13":"taxable","14":"shipping-taxable","15":"purchasable","16":"product-type-simple"},"_links":{"self":[{"href":"https:\/\/stylingagenten.com\/fi\/wp-json\/wp\/v2\/product\/131715","targetHints":{"allow":["GET"]}}],"collection":[{"href":"https:\/\/stylingagenten.com\/fi\/wp-json\/wp\/v2\/product"}],"about":[{"href":"https:\/\/stylingagenten.com\/fi\/wp-json\/wp\/v2\/types\/product"}],"replies":[{"embeddable":true,"href":"https:\/\/stylingagenten.com\/fi\/wp-json\/wp\/v2\/comments?post=131715"}],"version-history":[{"count":0,"href":"https:\/\/stylingagenten.com\/fi\/wp-json\/wp\/v2\/product\/131715\/revisions"}],"wp:featuredmedia":[{"embeddable":true,"href":"https:\/\/stylingagenten.com\/fi\/wp-json\/wp\/v2\/media\/131713"}],"wp:attachment":[{"href":"https:\/\/stylingagenten.com\/fi\/wp-json\/wp\/v2\/media?parent=131715"}],"wp:term":[{"taxonomy":"product_brand","embeddable":true,"href":"https:\/\/stylingagenten.com\/fi\/wp-json\/wp\/v2\/product_brand?post=131715"},{"taxonomy":"product_cat","embeddable":true,"href":"https:\/\/stylingagenten.com\/fi\/wp-json\/wp\/v2\/product_cat?post=131715"},{"taxonomy":"product_tag","embeddable":true,"href":"https:\/\/stylingagenten.com\/fi\/wp-json\/wp\/v2\/product_tag?post=131715"},{"taxonomy":"berocket_brand","embeddable":true,"href":"https:\/\/stylingagenten.com\/fi\/wp-json\/wp\/v2\/berocket_brand?post=131715"}],"curies":[{"name":"wp","href":"https:\/\/api.w.org\/{rel}","templated":true}]}}