{"id":131712,"date":"2025-05-18T22:27:10","date_gmt":"2025-05-18T22:27:10","guid":{"rendered":"https:\/\/staging2.stylingagenten.com\/fi\/produkt\/maybelline-lash-sensational-sky-high-01-cosmic-black\/"},"modified":"2026-03-19T09:17:48","modified_gmt":"2026-03-19T09:17:48","slug":"maybelline-lash-sensational-sky-high-01-cosmic-black","status":"publish","type":"product","link":"https:\/\/stylingagenten.com\/fi\/tuote\/maybelline-lash-sensational-sky-high-01-cosmic-black\/","title":{"rendered":"Maybelline Lash Sensational Sky High 01 Cosmic Black"},"content":{"rendered":"<p>Maybelline Lash Sensational Sky High tarjoaa rajattoman pituuden ja volyymin sek\u00e4 intensiivisen mustan pigmentin. Joustava harja, joka tavoittaa kaikki ripset ja luo n\u00e4kyv\u00e4n tuloksen joka kulmasta. Bambuuutteella ja kuiduilla rikastettu koostumus pitkille, t\u00e4ytel\u00e4isille ripsille. <\/p>\n<p>K\u00e4ytt\u00f6: <br \/>Parhaan tuloksen saamiseksi pid\u00e4 joustavaa sivellint\u00e4 ripsi\u00e4 vasten ja levit\u00e4 tyvest\u00e4 latvaan toistuvasti, kunnes haluttu volyymi ja pituus on saavutettu. <\/p>\n<p>7,2 ml<\/p>\n","protected":false},"excerpt":{"rendered":"<p>Maybelline Lash Sensational Sky High tarjoaa rajattoman pituuden ja volyymin sek\u00e4 intensiivisen mustan pigmentin. Joustava harja, joka tavoittaa kaikki ripset ja luo n\u00e4kyv\u00e4n tuloksen joka kulmasta. Bambuuutteella ja kuiduilla rikastettu koostumus pitkille, t\u00e4ytel\u00e4isille ripsille. K\u00e4ytt\u00f6: Parhaan tuloksen saamiseksi pid\u00e4 joustavaa sivellint\u00e4 ripsi\u00e4 vasten ja levit\u00e4 tyvest\u00e4 latvaan toistuvasti, kunnes haluttu volyymi ja pituus on saavutettu. [&hellip;]<\/p>\n","protected":false},"featured_media":131711,"comment_status":"open","ping_status":"closed","template":"","meta":{"_trash_the_other_posts":false},"product_brand":[],"product_cat":[1003,618],"product_tag":[],"berocket_brand":[1016],"class_list":{"0":"post-131712","1":"product","2":"type-product","3":"status-publish","4":"has-post-thumbnail","6":"product_cat-myydyimmat","7":"product_cat-ripsivari","8":"pa_brand-maybelline","9":"berocket_brand-maybelline","11":"first","12":"instock","13":"sale","14":"taxable","15":"shipping-taxable","16":"purchasable","17":"product-type-simple"},"_links":{"self":[{"href":"https:\/\/stylingagenten.com\/fi\/wp-json\/wp\/v2\/product\/131712","targetHints":{"allow":["GET"]}}],"collection":[{"href":"https:\/\/stylingagenten.com\/fi\/wp-json\/wp\/v2\/product"}],"about":[{"href":"https:\/\/stylingagenten.com\/fi\/wp-json\/wp\/v2\/types\/product"}],"replies":[{"embeddable":true,"href":"https:\/\/stylingagenten.com\/fi\/wp-json\/wp\/v2\/comments?post=131712"}],"version-history":[{"count":0,"href":"https:\/\/stylingagenten.com\/fi\/wp-json\/wp\/v2\/product\/131712\/revisions"}],"wp:featuredmedia":[{"embeddable":true,"href":"https:\/\/stylingagenten.com\/fi\/wp-json\/wp\/v2\/media\/131711"}],"wp:attachment":[{"href":"https:\/\/stylingagenten.com\/fi\/wp-json\/wp\/v2\/media?parent=131712"}],"wp:term":[{"taxonomy":"product_brand","embeddable":true,"href":"https:\/\/stylingagenten.com\/fi\/wp-json\/wp\/v2\/product_brand?post=131712"},{"taxonomy":"product_cat","embeddable":true,"href":"https:\/\/stylingagenten.com\/fi\/wp-json\/wp\/v2\/product_cat?post=131712"},{"taxonomy":"product_tag","embeddable":true,"href":"https:\/\/stylingagenten.com\/fi\/wp-json\/wp\/v2\/product_tag?post=131712"},{"taxonomy":"berocket_brand","embeddable":true,"href":"https:\/\/stylingagenten.com\/fi\/wp-json\/wp\/v2\/berocket_brand?post=131712"}],"curies":[{"name":"wp","href":"https:\/\/api.w.org\/{rel}","templated":true}]}}