{"id":131706,"date":"2025-05-18T22:27:08","date_gmt":"2025-05-18T22:27:08","guid":{"rendered":"https:\/\/staging2.stylingagenten.com\/fi\/produkt\/loreal-air-volume-mega-mascara-black-9ml\/"},"modified":"2025-11-28T13:43:30","modified_gmt":"2025-11-28T13:43:30","slug":"loreal-air-volume-mega-mascara-black-9ml","status":"publish","type":"product","link":"https:\/\/stylingagenten.com\/fi\/tuote\/loreal-air-volume-mega-mascara-black-9ml\/","title":{"rendered":"L&#8217;Or\u00e9al Air Volume Mega Mascara Black 9ml"},"content":{"rendered":"<p>Enemm\u00e4n tilavuutta, v\u00e4hemm\u00e4n painoa! Air Volume Mega Mascara antaa ripsille mega volyymia ja tuntuu eritt\u00e4in kevyelt\u00e4 ripsiss\u00e4. Harjassa on kaksinkertaiset harjakset; lyhyet harjakset vangitsevat ja levitt\u00e4v\u00e4t koostumuksen ripsien linjalle, kun taas pitk\u00e4t harjakset jakavat koostumuksen tasaisesti ripsien poikki antaen sinulle volyymiripset. Ripsiv\u00e4riss\u00e4 on kaunis, vaaleanpunainen pakkaus. Hypoallergeeninen kaava. Ilman hajusteita. 9 ml<\/p>\n","protected":false},"excerpt":{"rendered":"<p>Enemm\u00e4n tilavuutta, v\u00e4hemm\u00e4n painoa! Air Volume Mega Mascara antaa ripsille mega volyymia ja tuntuu eritt\u00e4in kevyelt\u00e4 ripsiss\u00e4. Harjassa on kaksinkertaiset harjakset; lyhyet harjakset vangitsevat ja levitt\u00e4v\u00e4t koostumuksen ripsien linjalle, kun taas pitk\u00e4t harjakset jakavat koostumuksen tasaisesti ripsien poikki antaen sinulle volyymiripset. Ripsiv\u00e4riss\u00e4 on kaunis, vaaleanpunainen pakkaus. Hypoallergeeninen kaava. Ilman hajusteita. 9 ml<\/p>\n","protected":false},"featured_media":131705,"comment_status":"open","ping_status":"closed","template":"","meta":{"_trash_the_other_posts":false},"product_brand":[],"product_cat":[618],"product_tag":[],"berocket_brand":[2000],"class_list":{"0":"post-131706","1":"product","2":"type-product","3":"status-publish","4":"has-post-thumbnail","6":"product_cat-ripsivari","7":"pa_brand-loreal-paris-2","8":"berocket_brand-loreal-paris","10":"first","11":"instock","12":"sale","13":"taxable","14":"shipping-taxable","15":"purchasable","16":"product-type-simple"},"_links":{"self":[{"href":"https:\/\/stylingagenten.com\/fi\/wp-json\/wp\/v2\/product\/131706","targetHints":{"allow":["GET"]}}],"collection":[{"href":"https:\/\/stylingagenten.com\/fi\/wp-json\/wp\/v2\/product"}],"about":[{"href":"https:\/\/stylingagenten.com\/fi\/wp-json\/wp\/v2\/types\/product"}],"replies":[{"embeddable":true,"href":"https:\/\/stylingagenten.com\/fi\/wp-json\/wp\/v2\/comments?post=131706"}],"version-history":[{"count":0,"href":"https:\/\/stylingagenten.com\/fi\/wp-json\/wp\/v2\/product\/131706\/revisions"}],"wp:featuredmedia":[{"embeddable":true,"href":"https:\/\/stylingagenten.com\/fi\/wp-json\/wp\/v2\/media\/131705"}],"wp:attachment":[{"href":"https:\/\/stylingagenten.com\/fi\/wp-json\/wp\/v2\/media?parent=131706"}],"wp:term":[{"taxonomy":"product_brand","embeddable":true,"href":"https:\/\/stylingagenten.com\/fi\/wp-json\/wp\/v2\/product_brand?post=131706"},{"taxonomy":"product_cat","embeddable":true,"href":"https:\/\/stylingagenten.com\/fi\/wp-json\/wp\/v2\/product_cat?post=131706"},{"taxonomy":"product_tag","embeddable":true,"href":"https:\/\/stylingagenten.com\/fi\/wp-json\/wp\/v2\/product_tag?post=131706"},{"taxonomy":"berocket_brand","embeddable":true,"href":"https:\/\/stylingagenten.com\/fi\/wp-json\/wp\/v2\/berocket_brand?post=131706"}],"curies":[{"name":"wp","href":"https:\/\/api.w.org\/{rel}","templated":true}]}}