{"id":131689,"date":"2025-05-18T22:27:03","date_gmt":"2025-05-18T22:27:03","guid":{"rendered":"https:\/\/staging2.stylingagenten.com\/fi\/produkt\/loreal-paris-volume-million-lashes-balm-noir-mascara-black\/"},"modified":"2026-03-29T01:08:41","modified_gmt":"2026-03-29T01:08:41","slug":"loreal-paris-volume-million-lashes-balm-noir-mascara-black","status":"publish","type":"product","link":"https:\/\/stylingagenten.com\/fi\/tuote\/loreal-paris-volume-million-lashes-balm-noir-mascara-black\/","title":{"rendered":"L&#8217;or\u00e9al Paris Volume Million Lashes Balm Noir Mascara Black"},"content":{"rendered":"<p>Volume Million Lashes Balm Noir ripsiv\u00e4ri on L&#8217;Or\u00e9al Parisin ikonisen Volume Million Lashes -perheen uusin innovaatio. L&#8217;Or\u00e9al Paris Balm in-mascara on luotu 99 % luonnollisista ainesosista hypoallergeenisessa koostumuksessa ja antaa ripsille hyv\u00e4n olon ulkon\u00e4\u00f6n ilman volyymia tai pitoa.<br \/>Balsamikoostumus sis\u00e4lt\u00e4\u00e4 luonnollista alkuper\u00e4\u00e4 olevia \u00f6ljyj\u00e4 jotka on erityisesti valittu lis\u00e4\u00e4m\u00e4\u00e4n sek\u00e4 kosteutta ett\u00e4 volyymia. Pehmeille ja joustaville ripsille, joiden tuuheus on 7 kertaa suurempi*.<br \/>Joustava harja vangitsee jokaisen ripsen, ja jokaisella kaavak\u00e4yt\u00f6ll\u00e4 ripset erottuvat ja antavat m\u00e4\u00e4ritellyn volyymin.<br \/><em><br \/>*instrumentaalinen testi, 26 henkil\u00f6\u00e4 <\/em><\/p>\n","protected":false},"excerpt":{"rendered":"<p>Volume Million Lashes Balm Noir ripsiv\u00e4ri on L&#8217;Or\u00e9al Parisin ikonisen Volume Million Lashes -perheen uusin innovaatio. L&#8217;Or\u00e9al Paris Balm in-mascara on luotu 99 % luonnollisista ainesosista hypoallergeenisessa koostumuksessa ja antaa ripsille hyv\u00e4n olon ulkon\u00e4\u00f6n ilman volyymia tai pitoa.Balsamikoostumus sis\u00e4lt\u00e4\u00e4 luonnollista alkuper\u00e4\u00e4 olevia \u00f6ljyj\u00e4 jotka on erityisesti valittu lis\u00e4\u00e4m\u00e4\u00e4n sek\u00e4 kosteutta ett\u00e4 volyymia. Pehmeille ja joustaville [&hellip;]<\/p>\n","protected":false},"featured_media":131687,"comment_status":"open","ping_status":"closed","template":"","meta":{"_trash_the_other_posts":false},"product_brand":[],"product_cat":[618],"product_tag":[],"berocket_brand":[2000],"class_list":{"0":"post-131689","1":"product","2":"type-product","3":"status-publish","4":"has-post-thumbnail","6":"product_cat-ripsivari","7":"pa_brand-loreal-paris-2","8":"berocket_brand-loreal-paris","10":"first","11":"instock","12":"sale","13":"taxable","14":"shipping-taxable","15":"purchasable","16":"product-type-simple"},"_links":{"self":[{"href":"https:\/\/stylingagenten.com\/fi\/wp-json\/wp\/v2\/product\/131689","targetHints":{"allow":["GET"]}}],"collection":[{"href":"https:\/\/stylingagenten.com\/fi\/wp-json\/wp\/v2\/product"}],"about":[{"href":"https:\/\/stylingagenten.com\/fi\/wp-json\/wp\/v2\/types\/product"}],"replies":[{"embeddable":true,"href":"https:\/\/stylingagenten.com\/fi\/wp-json\/wp\/v2\/comments?post=131689"}],"version-history":[{"count":0,"href":"https:\/\/stylingagenten.com\/fi\/wp-json\/wp\/v2\/product\/131689\/revisions"}],"wp:featuredmedia":[{"embeddable":true,"href":"https:\/\/stylingagenten.com\/fi\/wp-json\/wp\/v2\/media\/131687"}],"wp:attachment":[{"href":"https:\/\/stylingagenten.com\/fi\/wp-json\/wp\/v2\/media?parent=131689"}],"wp:term":[{"taxonomy":"product_brand","embeddable":true,"href":"https:\/\/stylingagenten.com\/fi\/wp-json\/wp\/v2\/product_brand?post=131689"},{"taxonomy":"product_cat","embeddable":true,"href":"https:\/\/stylingagenten.com\/fi\/wp-json\/wp\/v2\/product_cat?post=131689"},{"taxonomy":"product_tag","embeddable":true,"href":"https:\/\/stylingagenten.com\/fi\/wp-json\/wp\/v2\/product_tag?post=131689"},{"taxonomy":"berocket_brand","embeddable":true,"href":"https:\/\/stylingagenten.com\/fi\/wp-json\/wp\/v2\/berocket_brand?post=131689"}],"curies":[{"name":"wp","href":"https:\/\/api.w.org\/{rel}","templated":true}]}}