{"id":131678,"date":"2025-05-18T22:26:59","date_gmt":"2025-05-18T22:26:59","guid":{"rendered":"https:\/\/staging2.stylingagenten.com\/fi\/produkt\/artdeco-volume-supreme-mascara-1-15ml\/"},"modified":"2026-03-15T07:07:52","modified_gmt":"2026-03-15T07:07:52","slug":"artdeco-volume-supreme-mascara-1-15ml","status":"publish","type":"product","link":"https:\/\/stylingagenten.com\/fi\/tuote\/artdeco-volume-supreme-mascara-1-15ml\/","title":{"rendered":"Artdeco Volume Supreme Mascara 1 15ml"},"content":{"rendered":"<p>Artdeco Volume Supreme Mascara 1 15 ml<br \/>Anna ripsisiisi niiden ansaitsema huomio Volume Supreme -ripsiv\u00e4rill\u00e4. Ripset tuntuvat paksummilta, kaareutuvat intensiivisesti ja saavat paljon volyymia. Joustava kumiharja erottaa, ja kapealla k\u00e4rjell\u00e4 saavutat lyhyimm\u00e4t ripset. Ei tahraa ja kest\u00e4\u00e4 jopa 10 tuntia. Sopii herkille silmille ja piilolinssien k\u00e4ytt\u00e4jille.<br \/>\u2022 Paksummat ja intensiivisesti kaarevat ripset t\u00e4ynn\u00e4 volyymia<br \/>\u2022 Joustava kumiharja, joka saavuttaa kaikki ripset<br \/>\u2022 Ei tahraa ja kest\u00e4\u00e4 jopa 10 tuntia<br \/>\u2022 Sopiva herkille silmille ja piilolinssien k\u00e4ytt\u00e4jille<br \/>\u2022 Dermatologisesti hyv\u00e4ksytty ja kliinisesti testattu<br \/>\u2022 Vegaani<\/p>\n","protected":false},"excerpt":{"rendered":"<p>Artdeco Volume Supreme Mascara 1 15 mlAnna ripsisiisi niiden ansaitsema huomio Volume Supreme -ripsiv\u00e4rill\u00e4. Ripset tuntuvat paksummilta, kaareutuvat intensiivisesti ja saavat paljon volyymia. Joustava kumiharja erottaa, ja kapealla k\u00e4rjell\u00e4 saavutat lyhyimm\u00e4t ripset. Ei tahraa ja kest\u00e4\u00e4 jopa 10 tuntia. Sopii herkille silmille ja piilolinssien k\u00e4ytt\u00e4jille.\u2022 Paksummat ja intensiivisesti kaarevat ripset t\u00e4ynn\u00e4 volyymia\u2022 Joustava kumiharja, joka [&hellip;]<\/p>\n","protected":false},"featured_media":131670,"comment_status":"open","ping_status":"closed","template":"","meta":{"_trash_the_other_posts":false},"product_brand":[],"product_cat":[618],"product_tag":[],"berocket_brand":[1385],"class_list":{"0":"post-131678","1":"product","2":"type-product","3":"status-publish","4":"has-post-thumbnail","6":"product_cat-ripsivari","7":"pa_brand-artdeco","8":"berocket_brand-artdeco","10":"first","11":"instock","12":"sale","13":"taxable","14":"shipping-taxable","15":"purchasable","16":"product-type-simple"},"_links":{"self":[{"href":"https:\/\/stylingagenten.com\/fi\/wp-json\/wp\/v2\/product\/131678","targetHints":{"allow":["GET"]}}],"collection":[{"href":"https:\/\/stylingagenten.com\/fi\/wp-json\/wp\/v2\/product"}],"about":[{"href":"https:\/\/stylingagenten.com\/fi\/wp-json\/wp\/v2\/types\/product"}],"replies":[{"embeddable":true,"href":"https:\/\/stylingagenten.com\/fi\/wp-json\/wp\/v2\/comments?post=131678"}],"version-history":[{"count":0,"href":"https:\/\/stylingagenten.com\/fi\/wp-json\/wp\/v2\/product\/131678\/revisions"}],"wp:featuredmedia":[{"embeddable":true,"href":"https:\/\/stylingagenten.com\/fi\/wp-json\/wp\/v2\/media\/131670"}],"wp:attachment":[{"href":"https:\/\/stylingagenten.com\/fi\/wp-json\/wp\/v2\/media?parent=131678"}],"wp:term":[{"taxonomy":"product_brand","embeddable":true,"href":"https:\/\/stylingagenten.com\/fi\/wp-json\/wp\/v2\/product_brand?post=131678"},{"taxonomy":"product_cat","embeddable":true,"href":"https:\/\/stylingagenten.com\/fi\/wp-json\/wp\/v2\/product_cat?post=131678"},{"taxonomy":"product_tag","embeddable":true,"href":"https:\/\/stylingagenten.com\/fi\/wp-json\/wp\/v2\/product_tag?post=131678"},{"taxonomy":"berocket_brand","embeddable":true,"href":"https:\/\/stylingagenten.com\/fi\/wp-json\/wp\/v2\/berocket_brand?post=131678"}],"curies":[{"name":"wp","href":"https:\/\/api.w.org\/{rel}","templated":true}]}}