{"id":131668,"date":"2025-05-18T22:26:56","date_gmt":"2025-05-18T22:26:56","guid":{"rendered":"https:\/\/staging2.stylingagenten.com\/fi\/produkt\/artdeco-lash-booster-10ml\/"},"modified":"2026-03-25T08:08:38","modified_gmt":"2026-03-25T08:08:38","slug":"artdeco-lash-booster-10ml","status":"publish","type":"product","link":"https:\/\/stylingagenten.com\/fi\/tuote\/artdeco-lash-booster-10ml\/","title":{"rendered":"Artdeco Lash Booster 10ml"},"content":{"rendered":"<p>Artdeco Lash Booster 10ml<br \/>Lash Booster Mascara Base on hoitava ripsiv\u00e4ripohjamaali, joka on rikastettu mineraaleilla ja lev\u00e4uutteilla. Ainutlaatuinen koostumus kattaa jokaisen yksitt\u00e4isen ripsen, joka tuntuu pidemm\u00e4lt\u00e4 ja t\u00e4ytel\u00e4iselt\u00e4 &#8211; t\u00e4ydellinen lyhyille ja ohuille ripsille! Punalev\u00e4uute kosteuttaa, parantaa joustavuutta ja antaa silkkisen kiillon, kun taas ruskealev\u00e4uute saa ripset tuntumaan volyymimmilt\u00e4.<br \/>\u2022 Ravitseva ripsiv\u00e4ripohjamaali<br \/>\u2022 Rikastettu ravitsevilla mineraaleilla ja lev\u00e4uutteella<br \/>\u2022 Ripset tuntuvat pidemmilt\u00e4 ja t\u00e4ytel\u00e4isemmilt\u00e4. <br \/>\u2022 Vegaani<\/p>\n","protected":false},"excerpt":{"rendered":"<p>Artdeco Lash Booster 10mlLash Booster Mascara Base on hoitava ripsiv\u00e4ripohjamaali, joka on rikastettu mineraaleilla ja lev\u00e4uutteilla. Ainutlaatuinen koostumus kattaa jokaisen yksitt\u00e4isen ripsen, joka tuntuu pidemm\u00e4lt\u00e4 ja t\u00e4ytel\u00e4iselt\u00e4 &#8211; t\u00e4ydellinen lyhyille ja ohuille ripsille! Punalev\u00e4uute kosteuttaa, parantaa joustavuutta ja antaa silkkisen kiillon, kun taas ruskealev\u00e4uute saa ripset tuntumaan volyymimmilt\u00e4.\u2022 Ravitseva ripsiv\u00e4ripohjamaali\u2022 Rikastettu ravitsevilla mineraaleilla ja lev\u00e4uutteella\u2022 [&hellip;]<\/p>\n","protected":false},"featured_media":131666,"comment_status":"open","ping_status":"closed","template":"","meta":{"_trash_the_other_posts":false},"product_brand":[],"product_cat":[716],"product_tag":[],"berocket_brand":[1385],"class_list":{"0":"post-131668","1":"product","2":"type-product","3":"status-publish","4":"has-post-thumbnail","6":"product_cat-mascaraprimer","7":"pa_brand-artdeco","8":"berocket_brand-artdeco","10":"first","11":"outofstock","12":"sale","13":"taxable","14":"shipping-taxable","15":"purchasable","16":"product-type-simple"},"_links":{"self":[{"href":"https:\/\/stylingagenten.com\/fi\/wp-json\/wp\/v2\/product\/131668","targetHints":{"allow":["GET"]}}],"collection":[{"href":"https:\/\/stylingagenten.com\/fi\/wp-json\/wp\/v2\/product"}],"about":[{"href":"https:\/\/stylingagenten.com\/fi\/wp-json\/wp\/v2\/types\/product"}],"replies":[{"embeddable":true,"href":"https:\/\/stylingagenten.com\/fi\/wp-json\/wp\/v2\/comments?post=131668"}],"version-history":[{"count":0,"href":"https:\/\/stylingagenten.com\/fi\/wp-json\/wp\/v2\/product\/131668\/revisions"}],"wp:featuredmedia":[{"embeddable":true,"href":"https:\/\/stylingagenten.com\/fi\/wp-json\/wp\/v2\/media\/131666"}],"wp:attachment":[{"href":"https:\/\/stylingagenten.com\/fi\/wp-json\/wp\/v2\/media?parent=131668"}],"wp:term":[{"taxonomy":"product_brand","embeddable":true,"href":"https:\/\/stylingagenten.com\/fi\/wp-json\/wp\/v2\/product_brand?post=131668"},{"taxonomy":"product_cat","embeddable":true,"href":"https:\/\/stylingagenten.com\/fi\/wp-json\/wp\/v2\/product_cat?post=131668"},{"taxonomy":"product_tag","embeddable":true,"href":"https:\/\/stylingagenten.com\/fi\/wp-json\/wp\/v2\/product_tag?post=131668"},{"taxonomy":"berocket_brand","embeddable":true,"href":"https:\/\/stylingagenten.com\/fi\/wp-json\/wp\/v2\/berocket_brand?post=131668"}],"curies":[{"name":"wp","href":"https:\/\/api.w.org\/{rel}","templated":true}]}}