{"id":131661,"date":"2025-05-18T22:26:54","date_gmt":"2025-05-18T22:26:54","guid":{"rendered":"https:\/\/staging2.stylingagenten.com\/fi\/produkt\/loreal-paris-air-volume-30h-mega-mascara-extra-black\/"},"modified":"2026-04-01T20:18:36","modified_gmt":"2026-04-01T20:18:36","slug":"loreal-paris-air-volume-30h-mega-mascara-extra-black","status":"publish","type":"product","link":"https:\/\/stylingagenten.com\/fi\/tuote\/loreal-paris-air-volume-30h-mega-mascara-extra-black\/","title":{"rendered":"L&#8217;Or\u00e9al Paris Air Volume 30H Mega Mascara Extra Black"},"content":{"rendered":"<p>Puhalla kaikki \u00e4\u00e4nenvoimakkuuss\u00e4\u00e4nn\u00f6t! L&#8217;Or\u00e9al Paris Air Volume 30H Mega Black ripsiv\u00e4ri antaa ripsille mega volyymia! Tulokset, jotka kest\u00e4v\u00e4t jopa 30 tuntia* ja tuntuvat silti kevyelt\u00e4 kuin ilma. Kevyt, mutta intensiivinen koostumus peitt\u00e4\u00e4 ripset tyvest\u00e4 latvoihin ja t\u00e4ytt\u00e4\u00e4 ne v\u00e4litt\u00f6m\u00e4ll\u00e4 megavolyymilla yhdell\u00e4 k\u00e4ytt\u00f6kerralla. Ei tahraa tai murene ja kest\u00e4\u00e4 hikoilua \u2013 kest\u00e4\u00e4 koko p\u00e4iv\u00e4n ja y\u00f6n. Hypoallergeeninen kaava. *instrumentaalinen testi, 118 henkil\u00f6\u00e4<\/p>\n","protected":false},"excerpt":{"rendered":"<p>Puhalla kaikki \u00e4\u00e4nenvoimakkuuss\u00e4\u00e4nn\u00f6t! L&#8217;Or\u00e9al Paris Air Volume 30H Mega Black ripsiv\u00e4ri antaa ripsille mega volyymia! Tulokset, jotka kest\u00e4v\u00e4t jopa 30 tuntia* ja tuntuvat silti kevyelt\u00e4 kuin ilma. Kevyt, mutta intensiivinen koostumus peitt\u00e4\u00e4 ripset tyvest\u00e4 latvoihin ja t\u00e4ytt\u00e4\u00e4 ne v\u00e4litt\u00f6m\u00e4ll\u00e4 megavolyymilla yhdell\u00e4 k\u00e4ytt\u00f6kerralla. Ei tahraa tai murene ja kest\u00e4\u00e4 hikoilua \u2013 kest\u00e4\u00e4 koko p\u00e4iv\u00e4n ja y\u00f6n. [&hellip;]<\/p>\n","protected":false},"featured_media":131654,"comment_status":"open","ping_status":"closed","template":"","meta":{"_trash_the_other_posts":false},"product_brand":[],"product_cat":[618],"product_tag":[],"berocket_brand":[2000],"class_list":{"0":"post-131661","1":"product","2":"type-product","3":"status-publish","4":"has-post-thumbnail","6":"product_cat-ripsivari","7":"pa_brand-loreal-paris-2","8":"berocket_brand-loreal-paris","10":"first","11":"instock","12":"sale","13":"taxable","14":"shipping-taxable","15":"purchasable","16":"product-type-simple"},"_links":{"self":[{"href":"https:\/\/stylingagenten.com\/fi\/wp-json\/wp\/v2\/product\/131661","targetHints":{"allow":["GET"]}}],"collection":[{"href":"https:\/\/stylingagenten.com\/fi\/wp-json\/wp\/v2\/product"}],"about":[{"href":"https:\/\/stylingagenten.com\/fi\/wp-json\/wp\/v2\/types\/product"}],"replies":[{"embeddable":true,"href":"https:\/\/stylingagenten.com\/fi\/wp-json\/wp\/v2\/comments?post=131661"}],"version-history":[{"count":0,"href":"https:\/\/stylingagenten.com\/fi\/wp-json\/wp\/v2\/product\/131661\/revisions"}],"wp:featuredmedia":[{"embeddable":true,"href":"https:\/\/stylingagenten.com\/fi\/wp-json\/wp\/v2\/media\/131654"}],"wp:attachment":[{"href":"https:\/\/stylingagenten.com\/fi\/wp-json\/wp\/v2\/media?parent=131661"}],"wp:term":[{"taxonomy":"product_brand","embeddable":true,"href":"https:\/\/stylingagenten.com\/fi\/wp-json\/wp\/v2\/product_brand?post=131661"},{"taxonomy":"product_cat","embeddable":true,"href":"https:\/\/stylingagenten.com\/fi\/wp-json\/wp\/v2\/product_cat?post=131661"},{"taxonomy":"product_tag","embeddable":true,"href":"https:\/\/stylingagenten.com\/fi\/wp-json\/wp\/v2\/product_tag?post=131661"},{"taxonomy":"berocket_brand","embeddable":true,"href":"https:\/\/stylingagenten.com\/fi\/wp-json\/wp\/v2\/berocket_brand?post=131661"}],"curies":[{"name":"wp","href":"https:\/\/api.w.org\/{rel}","templated":true}]}}