{"id":131652,"date":"2025-05-18T22:26:52","date_gmt":"2025-05-18T22:26:52","guid":{"rendered":"https:\/\/staging2.stylingagenten.com\/fi\/produkt\/artdeco-mascara-all-in-one-brown-10ml\/"},"modified":"2026-02-16T14:21:15","modified_gmt":"2026-02-16T14:21:15","slug":"artdeco-mascara-all-in-one-brown-10ml","status":"publish","type":"product","link":"https:\/\/stylingagenten.com\/fi\/tuote\/artdeco-mascara-all-in-one-brown-10ml\/","title":{"rendered":"Artdeco Mascara All In One Brown 10ml"},"content":{"rendered":"<p>Artdeco Mascara All In One Ruskea 10 ml<br \/>Kauniit ripset tilanteeseen kuin tilanteeseen! All In One Mascara selvi\u00e4\u00e4 kaikista haasteista ja tarjoaa pitk\u00e4t, volyymit ja kaarevat ripset. Erityinen ripsiv\u00e4riharja on kahden eri harjan yhdistelm\u00e4. Harjan tihe\u00e4mm\u00e4t alueet sopivat t\u00e4ydellisesti ripsien erottamiseen, kun taas v\u00e4hemm\u00e4n kuituja sis\u00e4lt\u00e4v\u00e4t alueet lis\u00e4\u00e4v\u00e4t v\u00e4ri\u00e4 ja volyymia. Koostumus on my\u00f6s murenematon ja tahraton, hoitava ja eritt\u00e4in kest\u00e4v\u00e4!<br \/>\u2022 Antaa pitk\u00e4t, volyymit ja kaarevat ripset<br \/>\u2022 Yhdistelm\u00e4ripsiharja<br \/>\u2022 Murtuva, tahraton ja kest\u00e4v\u00e4 lopputulos<br \/>\u2022 Carnauba vaha hoitaa ja antaa kiiltoa <br \/>\u2022 Vegaaninen<\/p>\n","protected":false},"excerpt":{"rendered":"<p>Artdeco Mascara All In One Ruskea 10 mlKauniit ripset tilanteeseen kuin tilanteeseen! All In One Mascara selvi\u00e4\u00e4 kaikista haasteista ja tarjoaa pitk\u00e4t, volyymit ja kaarevat ripset. Erityinen ripsiv\u00e4riharja on kahden eri harjan yhdistelm\u00e4. Harjan tihe\u00e4mm\u00e4t alueet sopivat t\u00e4ydellisesti ripsien erottamiseen, kun taas v\u00e4hemm\u00e4n kuituja sis\u00e4lt\u00e4v\u00e4t alueet lis\u00e4\u00e4v\u00e4t v\u00e4ri\u00e4 ja volyymia. Koostumus on my\u00f6s murenematon ja [&hellip;]<\/p>\n","protected":false},"featured_media":131650,"comment_status":"open","ping_status":"closed","template":"","meta":{"_trash_the_other_posts":false},"product_brand":[],"product_cat":[618],"product_tag":[2439],"berocket_brand":[1385],"class_list":{"0":"post-131652","1":"product","2":"type-product","3":"status-publish","4":"has-post-thumbnail","6":"product_cat-ripsivari","7":"product_tag-artdeco-mascara-all-in-one-10ml","8":"pa_brand-artdeco","9":"pa_variantti-brown","10":"berocket_brand-artdeco","12":"first","13":"instock","14":"sale","15":"taxable","16":"shipping-taxable","17":"purchasable","18":"product-type-simple"},"_links":{"self":[{"href":"https:\/\/stylingagenten.com\/fi\/wp-json\/wp\/v2\/product\/131652","targetHints":{"allow":["GET"]}}],"collection":[{"href":"https:\/\/stylingagenten.com\/fi\/wp-json\/wp\/v2\/product"}],"about":[{"href":"https:\/\/stylingagenten.com\/fi\/wp-json\/wp\/v2\/types\/product"}],"replies":[{"embeddable":true,"href":"https:\/\/stylingagenten.com\/fi\/wp-json\/wp\/v2\/comments?post=131652"}],"version-history":[{"count":0,"href":"https:\/\/stylingagenten.com\/fi\/wp-json\/wp\/v2\/product\/131652\/revisions"}],"wp:featuredmedia":[{"embeddable":true,"href":"https:\/\/stylingagenten.com\/fi\/wp-json\/wp\/v2\/media\/131650"}],"wp:attachment":[{"href":"https:\/\/stylingagenten.com\/fi\/wp-json\/wp\/v2\/media?parent=131652"}],"wp:term":[{"taxonomy":"product_brand","embeddable":true,"href":"https:\/\/stylingagenten.com\/fi\/wp-json\/wp\/v2\/product_brand?post=131652"},{"taxonomy":"product_cat","embeddable":true,"href":"https:\/\/stylingagenten.com\/fi\/wp-json\/wp\/v2\/product_cat?post=131652"},{"taxonomy":"product_tag","embeddable":true,"href":"https:\/\/stylingagenten.com\/fi\/wp-json\/wp\/v2\/product_tag?post=131652"},{"taxonomy":"berocket_brand","embeddable":true,"href":"https:\/\/stylingagenten.com\/fi\/wp-json\/wp\/v2\/berocket_brand?post=131652"}],"curies":[{"name":"wp","href":"https:\/\/api.w.org\/{rel}","templated":true}]}}