{"id":131640,"date":"2025-05-18T22:26:49","date_gmt":"2025-05-18T22:26:49","guid":{"rendered":"https:\/\/staging2.stylingagenten.com\/fi\/produkt\/bareminerals-maximist-volumizing-phyto-fiber-mascara-9ml\/"},"modified":"2026-02-25T09:47:13","modified_gmt":"2026-02-25T09:47:13","slug":"bareminerals-maximist-volumizing-phyto-fiber-mascara-9ml","status":"publish","type":"product","link":"https:\/\/stylingagenten.com\/fi\/tuote\/bareminerals-maximist-volumizing-phyto-fiber-mascara-9ml\/","title":{"rendered":"BareMinerals Maximist Volumizing Phyto-Fiber Mascara 9ml"},"content":{"rendered":"<p>Kasvipohjainen ripsiv\u00e4ri, joka saa sinut ja silm\u00e4si py\u00f6rtym\u00e4\u00e4n, maksimoi volyymin tinkim\u00e4tt\u00e4 ripsien terveydest\u00e4. T\u00e4m\u00e4 ripsiv\u00e4ri saa meid\u00e4t kaikki v\u00e4risem\u00e4\u00e4n (ripsist\u00e4 puhumattakaan), huudammeko ensin kasvipohjaista harjaa vai lis\u00e4\u00e4mmek\u00f6 kuituja v\u00e4litt\u00f6m\u00e4sti?<\/p>\n<p>Taitavasti luotu kahdella s\u00e4ili\u00f6ll\u00e4 maksimaalisen volyymin saavuttamiseksi, t\u00e4m\u00e4 julmuusvapaa harja varmistaa, ett\u00e4 saavutat kaiken draaman ja paljon muuta. Olemme kaikki kuulleet kuiduista, jotka lis\u00e4\u00e4v\u00e4t v\u00e4lit\u00f6nt\u00e4 volyymia&#8230; mutta oletko n\u00e4hnyt kierr\u00e4tettyj\u00e4 appelsiininkuorikuituja aiemmin? Emme luulleet niin! bareMinerals on valjastanut voimansa antaakseen \u00e4\u00e4rimm\u00e4isen \u00e4\u00e4nenvoimakkuuden sauvan liikkeell\u00e4. Lis\u00e4\u00e4 volyymia entisest\u00e4\u00e4n mikrolev\u00e4yhdisteell\u00e4, joka vahvistaa ja ravitsee ripsi\u00e4si ajan my\u00f6t\u00e4, jolloin ne n\u00e4ytt\u00e4v\u00e4t ja tuntuvat n\u00e4kyv\u00e4sti paksummilta ja tihe\u00e4mmilt\u00e4 jatkuvassa k\u00e4yt\u00f6ss\u00e4. T\u00e4m\u00e4 on hilseilem\u00e4t\u00f6n volumisoiva ripsiv\u00e4ri, joka tekee hyv\u00e4\u00e4 ripsille ja planeetalle.<\/p>\n","protected":false},"excerpt":{"rendered":"<p>Kasvipohjainen ripsiv\u00e4ri, joka saa sinut ja silm\u00e4si py\u00f6rtym\u00e4\u00e4n, maksimoi volyymin tinkim\u00e4tt\u00e4 ripsien terveydest\u00e4. T\u00e4m\u00e4 ripsiv\u00e4ri saa meid\u00e4t kaikki v\u00e4risem\u00e4\u00e4n (ripsist\u00e4 puhumattakaan), huudammeko ensin kasvipohjaista harjaa vai lis\u00e4\u00e4mmek\u00f6 kuituja v\u00e4litt\u00f6m\u00e4sti? Taitavasti luotu kahdella s\u00e4ili\u00f6ll\u00e4 maksimaalisen volyymin saavuttamiseksi, t\u00e4m\u00e4 julmuusvapaa harja varmistaa, ett\u00e4 saavutat kaiken draaman ja paljon muuta. Olemme kaikki kuulleet kuiduista, jotka lis\u00e4\u00e4v\u00e4t v\u00e4lit\u00f6nt\u00e4 volyymia&#8230; [&hellip;]<\/p>\n","protected":false},"featured_media":131629,"comment_status":"open","ping_status":"closed","template":"","meta":{"_trash_the_other_posts":false},"product_brand":[],"product_cat":[618],"product_tag":[],"berocket_brand":[2007],"class_list":{"0":"post-131640","1":"product","2":"type-product","3":"status-publish","4":"has-post-thumbnail","6":"product_cat-ripsivari","7":"pa_brand-id-bareminerals","8":"berocket_brand-id-bareminerals","10":"first","11":"instock","12":"sale","13":"taxable","14":"shipping-taxable","15":"purchasable","16":"product-type-simple"},"_links":{"self":[{"href":"https:\/\/stylingagenten.com\/fi\/wp-json\/wp\/v2\/product\/131640","targetHints":{"allow":["GET"]}}],"collection":[{"href":"https:\/\/stylingagenten.com\/fi\/wp-json\/wp\/v2\/product"}],"about":[{"href":"https:\/\/stylingagenten.com\/fi\/wp-json\/wp\/v2\/types\/product"}],"replies":[{"embeddable":true,"href":"https:\/\/stylingagenten.com\/fi\/wp-json\/wp\/v2\/comments?post=131640"}],"version-history":[{"count":0,"href":"https:\/\/stylingagenten.com\/fi\/wp-json\/wp\/v2\/product\/131640\/revisions"}],"wp:featuredmedia":[{"embeddable":true,"href":"https:\/\/stylingagenten.com\/fi\/wp-json\/wp\/v2\/media\/131629"}],"wp:attachment":[{"href":"https:\/\/stylingagenten.com\/fi\/wp-json\/wp\/v2\/media?parent=131640"}],"wp:term":[{"taxonomy":"product_brand","embeddable":true,"href":"https:\/\/stylingagenten.com\/fi\/wp-json\/wp\/v2\/product_brand?post=131640"},{"taxonomy":"product_cat","embeddable":true,"href":"https:\/\/stylingagenten.com\/fi\/wp-json\/wp\/v2\/product_cat?post=131640"},{"taxonomy":"product_tag","embeddable":true,"href":"https:\/\/stylingagenten.com\/fi\/wp-json\/wp\/v2\/product_tag?post=131640"},{"taxonomy":"berocket_brand","embeddable":true,"href":"https:\/\/stylingagenten.com\/fi\/wp-json\/wp\/v2\/berocket_brand?post=131640"}],"curies":[{"name":"wp","href":"https:\/\/api.w.org\/{rel}","templated":true}]}}