{"id":131622,"date":"2025-05-18T22:26:44","date_gmt":"2025-05-18T22:26:44","guid":{"rendered":"https:\/\/staging2.stylingagenten.com\/fi\/produkt\/max-factor-masterpiece-2-in-1-lash-wow-mascara-001-black-7ml\/"},"modified":"2026-03-19T09:07:33","modified_gmt":"2026-03-19T09:07:33","slug":"max-factor-masterpiece-2-in-1-lash-wow-mascara-001-black-7ml","status":"publish","type":"product","link":"https:\/\/stylingagenten.com\/fi\/tuote\/max-factor-masterpiece-2-in-1-lash-wow-mascara-001-black-7ml\/","title":{"rendered":"Max Factor Masterpiece 2 In 1 Lash Wow Mascara 001 Black 7ml"},"content":{"rendered":"<p>Max Factor Masterpiece 2 In 1 Lash Wow Mascara antaa sinulle pitk\u00e4t ja erityisen t\u00e4ytel\u00e4iset ripset. Yksinkertaisella siveltimen kahvaa kiert\u00e4m\u00e4ll\u00e4 voit muuttaa ulkoasua hetkess\u00e4. Erottele ripset ja anna niille pituudet tai nosta ne ja tee ne t\u00e4ytel\u00e4isiksi, valitse itse!<\/p>\n<p>T\u00e4m\u00e4 vegaanituote sis\u00e4lt\u00e4\u00e4 terveellisi\u00e4 ainesosia, jotka hoitavat ripsi\u00e4. &#8211; Masterpiece 2 In 1 Lash Wow Mascara ei murene eik\u00e4 paakkuunnu, vaan pysyy paikallaan aamusta iltaan. Ripsiv\u00e4ri antaa sek\u00e4 pituutta ett\u00e4 volyymia ja pysyy paikallaan. Se on helppo levitt\u00e4\u00e4, peitt\u00e4\u00e4 ripset juuresta latvaan ja vangitsee my\u00f6s pienet ripset silm\u00e4n sis\u00e4nurkkaan.<\/p>\n<p>Max Factor Masterpiece 2 In 1 Lash Wow Mascara on silm\u00e4l\u00e4\u00e4k\u00e4rien testaama ja sopii herk\u00e4t silm\u00e4t ja piilolinssien k\u00e4ytt\u00e4j\u00e4t. Anna ripsillesi ilme, joka saa kaikki sanomaan WOW!<\/p>\n","protected":false},"excerpt":{"rendered":"<p>Max Factor Masterpiece 2 In 1 Lash Wow Mascara antaa sinulle pitk\u00e4t ja erityisen t\u00e4ytel\u00e4iset ripset. Yksinkertaisella siveltimen kahvaa kiert\u00e4m\u00e4ll\u00e4 voit muuttaa ulkoasua hetkess\u00e4. Erottele ripset ja anna niille pituudet tai nosta ne ja tee ne t\u00e4ytel\u00e4isiksi, valitse itse! T\u00e4m\u00e4 vegaanituote sis\u00e4lt\u00e4\u00e4 terveellisi\u00e4 ainesosia, jotka hoitavat ripsi\u00e4. &#8211; Masterpiece 2 In 1 Lash Wow Mascara [&hellip;]<\/p>\n","protected":false},"featured_media":131614,"comment_status":"open","ping_status":"closed","template":"","meta":{"_trash_the_other_posts":false},"product_brand":[],"product_cat":[618],"product_tag":[],"berocket_brand":[1013],"class_list":{"0":"post-131622","1":"product","2":"type-product","3":"status-publish","4":"has-post-thumbnail","6":"product_cat-ripsivari","7":"pa_brand-max-factor","8":"berocket_brand-max-factor","10":"first","11":"instock","12":"sale","13":"taxable","14":"shipping-taxable","15":"purchasable","16":"product-type-simple"},"_links":{"self":[{"href":"https:\/\/stylingagenten.com\/fi\/wp-json\/wp\/v2\/product\/131622","targetHints":{"allow":["GET"]}}],"collection":[{"href":"https:\/\/stylingagenten.com\/fi\/wp-json\/wp\/v2\/product"}],"about":[{"href":"https:\/\/stylingagenten.com\/fi\/wp-json\/wp\/v2\/types\/product"}],"replies":[{"embeddable":true,"href":"https:\/\/stylingagenten.com\/fi\/wp-json\/wp\/v2\/comments?post=131622"}],"version-history":[{"count":0,"href":"https:\/\/stylingagenten.com\/fi\/wp-json\/wp\/v2\/product\/131622\/revisions"}],"wp:featuredmedia":[{"embeddable":true,"href":"https:\/\/stylingagenten.com\/fi\/wp-json\/wp\/v2\/media\/131614"}],"wp:attachment":[{"href":"https:\/\/stylingagenten.com\/fi\/wp-json\/wp\/v2\/media?parent=131622"}],"wp:term":[{"taxonomy":"product_brand","embeddable":true,"href":"https:\/\/stylingagenten.com\/fi\/wp-json\/wp\/v2\/product_brand?post=131622"},{"taxonomy":"product_cat","embeddable":true,"href":"https:\/\/stylingagenten.com\/fi\/wp-json\/wp\/v2\/product_cat?post=131622"},{"taxonomy":"product_tag","embeddable":true,"href":"https:\/\/stylingagenten.com\/fi\/wp-json\/wp\/v2\/product_tag?post=131622"},{"taxonomy":"berocket_brand","embeddable":true,"href":"https:\/\/stylingagenten.com\/fi\/wp-json\/wp\/v2\/berocket_brand?post=131622"}],"curies":[{"name":"wp","href":"https:\/\/api.w.org\/{rel}","templated":true}]}}