{"id":131618,"date":"2025-05-18T22:26:43","date_gmt":"2025-05-18T22:26:43","guid":{"rendered":"https:\/\/staging2.stylingagenten.com\/fi\/produkt\/wet-n-wild-megalast-breakup-proof-waterproof-boosting-mascara-ultra-black\/"},"modified":"2025-11-19T12:47:12","modified_gmt":"2025-11-19T12:47:12","slug":"wet-n-wild-megalast-breakup-proof-waterproof-boosting-mascara-ultra-black","status":"publish","type":"product","link":"https:\/\/stylingagenten.com\/fi\/tuote\/wet-n-wild-megalast-breakup-proof-waterproof-boosting-mascara-ultra-black\/","title":{"rendered":"Wet n Wild Megalast Breakup Proof Waterproof Boosting Mascara Ultra Black"},"content":{"rendered":"<p>Tehosta ripsi\u00e4si Wet n Wild Megalast Breakup Proof Waterproof Boosting Mascara Ultra Black -maskaralla! Risiini\u00f6ljyn, E-vitamiinin ja kasvipohjaisen kollageenin yhdistelm\u00e4ll\u00e4 ripsesi n\u00e4ytt\u00e4v\u00e4t tuuheammilta kuin koskaan aiemmin. Ainutlaatuinen harja peitt\u00e4\u00e4 jokaisen ripsen tyvest\u00e4 k\u00e4rkeen upean lopputuloksen saavuttamiseksi.<br \/>\n<br \/>8 ml<\/p>\n","protected":false},"excerpt":{"rendered":"<p>Tehosta ripsi\u00e4si Wet n Wild Megalast Breakup Proof Waterproof Boosting Mascara Ultra Black -maskaralla! Risiini\u00f6ljyn, E-vitamiinin ja kasvipohjaisen kollageenin yhdistelm\u00e4ll\u00e4 ripsesi n\u00e4ytt\u00e4v\u00e4t tuuheammilta kuin koskaan aiemmin. Ainutlaatuinen harja peitt\u00e4\u00e4 jokaisen ripsen tyvest\u00e4 k\u00e4rkeen upean lopputuloksen saavuttamiseksi. 8 ml<\/p>\n","protected":false},"featured_media":131601,"comment_status":"open","ping_status":"closed","template":"","meta":{"_trash_the_other_posts":false},"product_brand":[],"product_cat":[618],"product_tag":[],"berocket_brand":[1035],"class_list":{"0":"post-131618","1":"product","2":"type-product","3":"status-publish","4":"has-post-thumbnail","6":"product_cat-ripsivari","7":"pa_brand-wet-n-wild","8":"berocket_brand-wet-n-wild","10":"first","11":"instock","12":"sale","13":"taxable","14":"shipping-taxable","15":"purchasable","16":"product-type-simple"},"_links":{"self":[{"href":"https:\/\/stylingagenten.com\/fi\/wp-json\/wp\/v2\/product\/131618","targetHints":{"allow":["GET"]}}],"collection":[{"href":"https:\/\/stylingagenten.com\/fi\/wp-json\/wp\/v2\/product"}],"about":[{"href":"https:\/\/stylingagenten.com\/fi\/wp-json\/wp\/v2\/types\/product"}],"replies":[{"embeddable":true,"href":"https:\/\/stylingagenten.com\/fi\/wp-json\/wp\/v2\/comments?post=131618"}],"version-history":[{"count":0,"href":"https:\/\/stylingagenten.com\/fi\/wp-json\/wp\/v2\/product\/131618\/revisions"}],"wp:featuredmedia":[{"embeddable":true,"href":"https:\/\/stylingagenten.com\/fi\/wp-json\/wp\/v2\/media\/131601"}],"wp:attachment":[{"href":"https:\/\/stylingagenten.com\/fi\/wp-json\/wp\/v2\/media?parent=131618"}],"wp:term":[{"taxonomy":"product_brand","embeddable":true,"href":"https:\/\/stylingagenten.com\/fi\/wp-json\/wp\/v2\/product_brand?post=131618"},{"taxonomy":"product_cat","embeddable":true,"href":"https:\/\/stylingagenten.com\/fi\/wp-json\/wp\/v2\/product_cat?post=131618"},{"taxonomy":"product_tag","embeddable":true,"href":"https:\/\/stylingagenten.com\/fi\/wp-json\/wp\/v2\/product_tag?post=131618"},{"taxonomy":"berocket_brand","embeddable":true,"href":"https:\/\/stylingagenten.com\/fi\/wp-json\/wp\/v2\/berocket_brand?post=131618"}],"curies":[{"name":"wp","href":"https:\/\/api.w.org\/{rel}","templated":true}]}}