{"id":131603,"date":"2025-05-18T22:26:40","date_gmt":"2025-05-18T22:26:40","guid":{"rendered":"https:\/\/staging2.stylingagenten.com\/fi\/produkt\/artdeco-twist-for-volume-mascara-8ml\/"},"modified":"2025-11-19T12:43:43","modified_gmt":"2025-11-19T12:43:43","slug":"artdeco-twist-for-volume-mascara-8ml","status":"publish","type":"product","link":"https:\/\/stylingagenten.com\/fi\/tuote\/artdeco-twist-for-volume-mascara-8ml\/","title":{"rendered":"Artdeco Twist For Volume Mascara 8ml"},"content":{"rendered":"<p>Let&#8217;s twist! Artdeco Twist for Volume Mascara on 2-in-1 ripsiv\u00e4ri, joka antaa sek\u00e4 pituutta ett\u00e4 volyymia. Pituutta ja erottelua varten valitse twisted-out-tila. Jos haluat volyymia ja kaarevuutta, valitse twisted-in-tila. Haluatko kaiken? Yhdist\u00e4 harjat!<\/p>\n<p>-2-in-1 ripsiv\u00e4ri, joka antaa pituutta, volyymia, kaarevuutta ja eroteltuja ripsi\u00e4<br \/>\n<br \/>-Helppo valita vaikutus twist-toiminnolla<br \/>\n<br \/>-Karnaubavaha ravitsee ja antaa kiiltoa<br \/>\n<br \/>-Ricin\u00f6ljy vahvistaa ripsi\u00e4 ja voi tehd\u00e4 niist\u00e4 t\u00e4ytel\u00e4isempi\u00e4 ajan my\u00f6t\u00e4<br \/>\n<br \/>-Vegaaninen<\/p>\n","protected":false},"excerpt":{"rendered":"<p>Let&#8217;s twist! Artdeco Twist for Volume Mascara on 2-in-1 ripsiv\u00e4ri, joka antaa sek\u00e4 pituutta ett\u00e4 volyymia. Pituutta ja erottelua varten valitse twisted-out-tila. Jos haluat volyymia ja kaarevuutta, valitse twisted-in-tila. Haluatko kaiken? Yhdist\u00e4 harjat! -2-in-1 ripsiv\u00e4ri, joka antaa pituutta, volyymia, kaarevuutta ja eroteltuja ripsi\u00e4 -Helppo valita vaikutus twist-toiminnolla -Karnaubavaha ravitsee ja antaa kiiltoa -Ricin\u00f6ljy vahvistaa ripsi\u00e4 [&hellip;]<\/p>\n","protected":false},"featured_media":131583,"comment_status":"open","ping_status":"closed","template":"","meta":{"_trash_the_other_posts":false},"product_brand":[],"product_cat":[618],"product_tag":[],"berocket_brand":[1385],"class_list":{"0":"post-131603","1":"product","2":"type-product","3":"status-publish","4":"has-post-thumbnail","6":"product_cat-ripsivari","7":"pa_brand-artdeco","8":"berocket_brand-artdeco","10":"first","11":"instock","12":"sale","13":"taxable","14":"shipping-taxable","15":"purchasable","16":"product-type-simple"},"_links":{"self":[{"href":"https:\/\/stylingagenten.com\/fi\/wp-json\/wp\/v2\/product\/131603","targetHints":{"allow":["GET"]}}],"collection":[{"href":"https:\/\/stylingagenten.com\/fi\/wp-json\/wp\/v2\/product"}],"about":[{"href":"https:\/\/stylingagenten.com\/fi\/wp-json\/wp\/v2\/types\/product"}],"replies":[{"embeddable":true,"href":"https:\/\/stylingagenten.com\/fi\/wp-json\/wp\/v2\/comments?post=131603"}],"version-history":[{"count":0,"href":"https:\/\/stylingagenten.com\/fi\/wp-json\/wp\/v2\/product\/131603\/revisions"}],"wp:featuredmedia":[{"embeddable":true,"href":"https:\/\/stylingagenten.com\/fi\/wp-json\/wp\/v2\/media\/131583"}],"wp:attachment":[{"href":"https:\/\/stylingagenten.com\/fi\/wp-json\/wp\/v2\/media?parent=131603"}],"wp:term":[{"taxonomy":"product_brand","embeddable":true,"href":"https:\/\/stylingagenten.com\/fi\/wp-json\/wp\/v2\/product_brand?post=131603"},{"taxonomy":"product_cat","embeddable":true,"href":"https:\/\/stylingagenten.com\/fi\/wp-json\/wp\/v2\/product_cat?post=131603"},{"taxonomy":"product_tag","embeddable":true,"href":"https:\/\/stylingagenten.com\/fi\/wp-json\/wp\/v2\/product_tag?post=131603"},{"taxonomy":"berocket_brand","embeddable":true,"href":"https:\/\/stylingagenten.com\/fi\/wp-json\/wp\/v2\/berocket_brand?post=131603"}],"curies":[{"name":"wp","href":"https:\/\/api.w.org\/{rel}","templated":true}]}}