{"id":131597,"date":"2025-05-18T22:26:38","date_gmt":"2025-05-18T22:26:38","guid":{"rendered":"https:\/\/staging2.stylingagenten.com\/fi\/produkt\/maybelline-falsies-surreal-extensions-mascara-very-black-10ml\/"},"modified":"2026-02-21T12:16:55","modified_gmt":"2026-02-21T12:16:55","slug":"maybelline-falsies-surreal-extensions-mascara-very-black-10ml","status":"publish","type":"product","link":"https:\/\/stylingagenten.com\/fi\/tuote\/maybelline-falsies-surreal-extensions-mascara-very-black-10ml\/","title":{"rendered":"Maybelline Falsies Surreal Extensions Mascara Very Black 10ml"},"content":{"rendered":"<p>Tuo esiin ripsiesi parhaat puolet Maybelline New York Falsies Surreal Extensions Mascara Very Black -ripsiv\u00e4rill\u00e4! T\u00e4m\u00e4 kuituripsiv\u00e4ri pident\u00e4\u00e4 ripsi\u00e4si ja antaa sinun helposti rakentaa sek\u00e4 kaarevuutta ett\u00e4 jopa 10x enemm\u00e4n volyymi\u00e4*. Sile\u00e4n harjan avulla levit\u00e4t helposti intensiivisen mustan koostumuksen kerros kerrokselta, kunnes saavutat unelmiesi volyymin.<\/p>\n<p>10ml<\/p>\n","protected":false},"excerpt":{"rendered":"<p>Tuo esiin ripsiesi parhaat puolet Maybelline New York Falsies Surreal Extensions Mascara Very Black -ripsiv\u00e4rill\u00e4! T\u00e4m\u00e4 kuituripsiv\u00e4ri pident\u00e4\u00e4 ripsi\u00e4si ja antaa sinun helposti rakentaa sek\u00e4 kaarevuutta ett\u00e4 jopa 10x enemm\u00e4n volyymi\u00e4*. Sile\u00e4n harjan avulla levit\u00e4t helposti intensiivisen mustan koostumuksen kerros kerrokselta, kunnes saavutat unelmiesi volyymin. 10ml<\/p>\n","protected":false},"featured_media":131568,"comment_status":"open","ping_status":"closed","template":"","meta":{"_trash_the_other_posts":false},"product_brand":[],"product_cat":[618],"product_tag":[],"berocket_brand":[1016],"class_list":{"0":"post-131597","1":"product","2":"type-product","3":"status-publish","4":"has-post-thumbnail","6":"product_cat-ripsivari","7":"pa_brand-maybelline","8":"berocket_brand-maybelline","10":"first","11":"instock","12":"sale","13":"taxable","14":"shipping-taxable","15":"purchasable","16":"product-type-simple"},"_links":{"self":[{"href":"https:\/\/stylingagenten.com\/fi\/wp-json\/wp\/v2\/product\/131597","targetHints":{"allow":["GET"]}}],"collection":[{"href":"https:\/\/stylingagenten.com\/fi\/wp-json\/wp\/v2\/product"}],"about":[{"href":"https:\/\/stylingagenten.com\/fi\/wp-json\/wp\/v2\/types\/product"}],"replies":[{"embeddable":true,"href":"https:\/\/stylingagenten.com\/fi\/wp-json\/wp\/v2\/comments?post=131597"}],"version-history":[{"count":0,"href":"https:\/\/stylingagenten.com\/fi\/wp-json\/wp\/v2\/product\/131597\/revisions"}],"wp:featuredmedia":[{"embeddable":true,"href":"https:\/\/stylingagenten.com\/fi\/wp-json\/wp\/v2\/media\/131568"}],"wp:attachment":[{"href":"https:\/\/stylingagenten.com\/fi\/wp-json\/wp\/v2\/media?parent=131597"}],"wp:term":[{"taxonomy":"product_brand","embeddable":true,"href":"https:\/\/stylingagenten.com\/fi\/wp-json\/wp\/v2\/product_brand?post=131597"},{"taxonomy":"product_cat","embeddable":true,"href":"https:\/\/stylingagenten.com\/fi\/wp-json\/wp\/v2\/product_cat?post=131597"},{"taxonomy":"product_tag","embeddable":true,"href":"https:\/\/stylingagenten.com\/fi\/wp-json\/wp\/v2\/product_tag?post=131597"},{"taxonomy":"berocket_brand","embeddable":true,"href":"https:\/\/stylingagenten.com\/fi\/wp-json\/wp\/v2\/berocket_brand?post=131597"}],"curies":[{"name":"wp","href":"https:\/\/api.w.org\/{rel}","templated":true}]}}