{"id":131594,"date":"2025-05-18T22:26:38","date_gmt":"2025-05-18T22:26:38","guid":{"rendered":"https:\/\/staging2.stylingagenten.com\/fi\/produkt\/artdeco-ultra-deep-black-mascara-8ml\/"},"modified":"2026-02-21T07:36:37","modified_gmt":"2026-02-21T07:36:37","slug":"artdeco-ultra-deep-black-mascara-8ml","status":"publish","type":"product","link":"https:\/\/stylingagenten.com\/fi\/tuote\/artdeco-ultra-deep-black-mascara-8ml\/","title":{"rendered":"Artdeco Ultra Deep Black Mascara 8ml"},"content":{"rendered":"<p>Ultra Deep Black Mascara sis\u00e4lt\u00e4\u00e4 intensiivisi\u00e4 mustia pigmenttej\u00e4, jotka kietovat ripsesi tasaisen ja syv\u00e4n mustan lopputuloksen saavuttamiseksi. Innovatiivinen harja voimistaa syv\u00e4n mustaa vaikutusta tihe\u00e4sti pakattujen, eripituisista harjaksistaan. T\u00e4m\u00e4 takaa erityisen tasaisen ja intensiivisen kerroksen ripsiv\u00e4ri\u00e4. Kuminen harjan lyhyemm\u00e4t harjakset tavoittavat jopa lyhyimm\u00e4t ripset, ymp\u00e4r\u00f6iden ne tummalla s\u00e4vyll\u00e4 ja luoden volyymia, kun taas pidemm\u00e4t harjakset erottavat ripset ja saavat ne n\u00e4ytt\u00e4m\u00e4\u00e4n pidemmilt\u00e4. Harjan k\u00e4rjess\u00e4 on my\u00f6s lyhyit\u00e4 harjaksia viimeistelty\u00e4 ripset t\u00e4ydellisesti. Luonnollisen karnaubavahan ja risiini\u00f6ljyn lis\u00e4ys koostumukseen suojaa ripsi\u00e4 ja pit\u00e4\u00e4 ne notkeina.<\/p>\n<p>8 ml<\/p>\n","protected":false},"excerpt":{"rendered":"<p>Ultra Deep Black Mascara sis\u00e4lt\u00e4\u00e4 intensiivisi\u00e4 mustia pigmenttej\u00e4, jotka kietovat ripsesi tasaisen ja syv\u00e4n mustan lopputuloksen saavuttamiseksi. Innovatiivinen harja voimistaa syv\u00e4n mustaa vaikutusta tihe\u00e4sti pakattujen, eripituisista harjaksistaan. T\u00e4m\u00e4 takaa erityisen tasaisen ja intensiivisen kerroksen ripsiv\u00e4ri\u00e4. Kuminen harjan lyhyemm\u00e4t harjakset tavoittavat jopa lyhyimm\u00e4t ripset, ymp\u00e4r\u00f6iden ne tummalla s\u00e4vyll\u00e4 ja luoden volyymia, kun taas pidemm\u00e4t harjakset erottavat [&hellip;]<\/p>\n","protected":false},"featured_media":131584,"comment_status":"open","ping_status":"closed","template":"","meta":{"_trash_the_other_posts":false},"product_brand":[],"product_cat":[618],"product_tag":[],"berocket_brand":[1385],"class_list":{"0":"post-131594","1":"product","2":"type-product","3":"status-publish","4":"has-post-thumbnail","6":"product_cat-ripsivari","7":"pa_brand-artdeco","8":"berocket_brand-artdeco","10":"first","11":"instock","12":"sale","13":"taxable","14":"shipping-taxable","15":"purchasable","16":"product-type-simple"},"_links":{"self":[{"href":"https:\/\/stylingagenten.com\/fi\/wp-json\/wp\/v2\/product\/131594","targetHints":{"allow":["GET"]}}],"collection":[{"href":"https:\/\/stylingagenten.com\/fi\/wp-json\/wp\/v2\/product"}],"about":[{"href":"https:\/\/stylingagenten.com\/fi\/wp-json\/wp\/v2\/types\/product"}],"replies":[{"embeddable":true,"href":"https:\/\/stylingagenten.com\/fi\/wp-json\/wp\/v2\/comments?post=131594"}],"version-history":[{"count":0,"href":"https:\/\/stylingagenten.com\/fi\/wp-json\/wp\/v2\/product\/131594\/revisions"}],"wp:featuredmedia":[{"embeddable":true,"href":"https:\/\/stylingagenten.com\/fi\/wp-json\/wp\/v2\/media\/131584"}],"wp:attachment":[{"href":"https:\/\/stylingagenten.com\/fi\/wp-json\/wp\/v2\/media?parent=131594"}],"wp:term":[{"taxonomy":"product_brand","embeddable":true,"href":"https:\/\/stylingagenten.com\/fi\/wp-json\/wp\/v2\/product_brand?post=131594"},{"taxonomy":"product_cat","embeddable":true,"href":"https:\/\/stylingagenten.com\/fi\/wp-json\/wp\/v2\/product_cat?post=131594"},{"taxonomy":"product_tag","embeddable":true,"href":"https:\/\/stylingagenten.com\/fi\/wp-json\/wp\/v2\/product_tag?post=131594"},{"taxonomy":"berocket_brand","embeddable":true,"href":"https:\/\/stylingagenten.com\/fi\/wp-json\/wp\/v2\/berocket_brand?post=131594"}],"curies":[{"name":"wp","href":"https:\/\/api.w.org\/{rel}","templated":true}]}}