{"id":131571,"date":"2025-05-18T22:26:33","date_gmt":"2025-05-18T22:26:33","guid":{"rendered":"https:\/\/staging2.stylingagenten.com\/fi\/produkt\/artdeco-amazing-effect-mascara-black-10ml\/"},"modified":"2026-02-19T08:47:37","modified_gmt":"2026-02-19T08:47:37","slug":"artdeco-amazing-effect-mascara-black-10ml","status":"publish","type":"product","link":"https:\/\/stylingagenten.com\/fi\/tuote\/artdeco-amazing-effect-mascara-black-10ml\/","title":{"rendered":"Artdeco Amazing Effect Mascara Black 10ml"},"content":{"rendered":"<p>Pieni mutta voimakas! Amazing Effect Mascara on t\u00e4ydellinen ripsiv\u00e4ri sinulle, joka haluat tuuheammat ja runsaat ripset ilman paakkuja. Pieni harja tavoittaa jopa hienoimmat ja pienimm\u00e4t ripset, luoden upean silmi\u00e4 avaavan vaikutuksen.<\/p>\n<p>Luonnollisilla vahoilla \u2013 jojoba, auringonkukka, candelilla ja carnauba \u2013 rikastettu ripsiv\u00e4ri auttaa s\u00e4ilytt\u00e4m\u00e4\u00e4n kosteuden ja pit\u00e4\u00e4 ripset pehmein\u00e4 ja joustavina. Silkkiproteiinit tarjoavat tasoittavan ja hoitavan vaikutuksen, kun taas keh\u00e4kukkauute rauhoittaa ja hoitaa herkk\u00e4\u00e4 ihoa jokaisella levityskerralla.<\/p>\n<p>Ripsiv\u00e4ri, joka yll\u00e4tt\u00e4\u00e4 koollaan!<\/p>\n<p>Avainainesosat &amp; niiden edut:<\/p>\n<p>Luonnolliset vahot \u2013 s\u00e4ilytt\u00e4v\u00e4t kosteuden ja pit\u00e4v\u00e4t ripset pehmein\u00e4<\/p>\n<p>Silkkiproteiinit \u2013 hoitavat ja tekev\u00e4t ripsist\u00e4 sile\u00e4t ja pehme\u00e4t<\/p>\n<p>Keh\u00e4kukkauute \u2013 rauhoittaa ja suojaa herkk\u00e4\u00e4 ihoa<\/p>\n<p>Anna ripsillesi maksimaalinen teho minimaalisella vaivalla!<\/p>\n<p>10ml<\/p>\n","protected":false},"excerpt":{"rendered":"<p>Pieni mutta voimakas! Amazing Effect Mascara on t\u00e4ydellinen ripsiv\u00e4ri sinulle, joka haluat tuuheammat ja runsaat ripset ilman paakkuja. Pieni harja tavoittaa jopa hienoimmat ja pienimm\u00e4t ripset, luoden upean silmi\u00e4 avaavan vaikutuksen. Luonnollisilla vahoilla \u2013 jojoba, auringonkukka, candelilla ja carnauba \u2013 rikastettu ripsiv\u00e4ri auttaa s\u00e4ilytt\u00e4m\u00e4\u00e4n kosteuden ja pit\u00e4\u00e4 ripset pehmein\u00e4 ja joustavina. Silkkiproteiinit tarjoavat tasoittavan ja [&hellip;]<\/p>\n","protected":false},"featured_media":131557,"comment_status":"open","ping_status":"closed","template":"","meta":{"_trash_the_other_posts":false},"product_brand":[],"product_cat":[618],"product_tag":[],"berocket_brand":[1385],"class_list":{"0":"post-131571","1":"product","2":"type-product","3":"status-publish","4":"has-post-thumbnail","6":"product_cat-ripsivari","7":"pa_brand-artdeco","8":"berocket_brand-artdeco","10":"first","11":"instock","12":"sale","13":"taxable","14":"shipping-taxable","15":"purchasable","16":"product-type-simple"},"_links":{"self":[{"href":"https:\/\/stylingagenten.com\/fi\/wp-json\/wp\/v2\/product\/131571","targetHints":{"allow":["GET"]}}],"collection":[{"href":"https:\/\/stylingagenten.com\/fi\/wp-json\/wp\/v2\/product"}],"about":[{"href":"https:\/\/stylingagenten.com\/fi\/wp-json\/wp\/v2\/types\/product"}],"replies":[{"embeddable":true,"href":"https:\/\/stylingagenten.com\/fi\/wp-json\/wp\/v2\/comments?post=131571"}],"version-history":[{"count":0,"href":"https:\/\/stylingagenten.com\/fi\/wp-json\/wp\/v2\/product\/131571\/revisions"}],"wp:featuredmedia":[{"embeddable":true,"href":"https:\/\/stylingagenten.com\/fi\/wp-json\/wp\/v2\/media\/131557"}],"wp:attachment":[{"href":"https:\/\/stylingagenten.com\/fi\/wp-json\/wp\/v2\/media?parent=131571"}],"wp:term":[{"taxonomy":"product_brand","embeddable":true,"href":"https:\/\/stylingagenten.com\/fi\/wp-json\/wp\/v2\/product_brand?post=131571"},{"taxonomy":"product_cat","embeddable":true,"href":"https:\/\/stylingagenten.com\/fi\/wp-json\/wp\/v2\/product_cat?post=131571"},{"taxonomy":"product_tag","embeddable":true,"href":"https:\/\/stylingagenten.com\/fi\/wp-json\/wp\/v2\/product_tag?post=131571"},{"taxonomy":"berocket_brand","embeddable":true,"href":"https:\/\/stylingagenten.com\/fi\/wp-json\/wp\/v2\/berocket_brand?post=131571"}],"curies":[{"name":"wp","href":"https:\/\/api.w.org\/{rel}","templated":true}]}}