{"id":131561,"date":"2025-05-18T22:26:31","date_gmt":"2025-05-18T22:26:31","guid":{"rendered":"https:\/\/staging2.stylingagenten.com\/fi\/produkt\/wet-n-wild-mega-volume-so-defined-volumizing-defining-mascara-black\/"},"modified":"2025-11-30T09:21:26","modified_gmt":"2025-11-30T09:21:26","slug":"wet-n-wild-mega-volume-so-defined-volumizing-defining-mascara-black","status":"publish","type":"product","link":"https:\/\/stylingagenten.com\/fi\/tuote\/wet-n-wild-mega-volume-so-defined-volumizing-defining-mascara-black\/","title":{"rendered":"Wet n Wild Mega Volume So Defined Volumizing + Defining Mascara Black"},"content":{"rendered":"<p>Haluatko volyymia ilman paakkuja? Saavuta maksimaalinen vaikutus ja m\u00e4\u00e4rittely ripsillesi MegaVolume So Defined Volumizing Mascara -maskaralla. T\u00e4m\u00e4 ultrasynkk\u00e4 ripsiv\u00e4ri on rikastettu risiini\u00f6ljyll\u00e4, joka ravitsee ripsi\u00e4 omega-6-rasvahapoilla ja proteiineilla, ja se peitt\u00e4\u00e4 jokaisen ripsen kest\u00e4v\u00e4ll\u00e4 muoviharjalla, joka kammottaa paakkuja pois, jotta saat ultra-volyymiset, pidennetyt ja kaarevat ripset puhtaalla m\u00e4\u00e4rittelyll\u00e4.<br \/>\n<br \/>10 ml<\/p>\n","protected":false},"excerpt":{"rendered":"<p>Haluatko volyymia ilman paakkuja? Saavuta maksimaalinen vaikutus ja m\u00e4\u00e4rittely ripsillesi MegaVolume So Defined Volumizing Mascara -maskaralla. T\u00e4m\u00e4 ultrasynkk\u00e4 ripsiv\u00e4ri on rikastettu risiini\u00f6ljyll\u00e4, joka ravitsee ripsi\u00e4 omega-6-rasvahapoilla ja proteiineilla, ja se peitt\u00e4\u00e4 jokaisen ripsen kest\u00e4v\u00e4ll\u00e4 muoviharjalla, joka kammottaa paakkuja pois, jotta saat ultra-volyymiset, pidennetyt ja kaarevat ripset puhtaalla m\u00e4\u00e4rittelyll\u00e4. 10 ml<\/p>\n","protected":false},"featured_media":131551,"comment_status":"open","ping_status":"closed","template":"","meta":{"_trash_the_other_posts":false},"product_brand":[],"product_cat":[618],"product_tag":[],"berocket_brand":[1035],"class_list":{"0":"post-131561","1":"product","2":"type-product","3":"status-publish","4":"has-post-thumbnail","6":"product_cat-ripsivari","7":"pa_brand-wet-n-wild","8":"berocket_brand-wet-n-wild","10":"first","11":"instock","12":"sale","13":"taxable","14":"shipping-taxable","15":"purchasable","16":"product-type-simple"},"_links":{"self":[{"href":"https:\/\/stylingagenten.com\/fi\/wp-json\/wp\/v2\/product\/131561","targetHints":{"allow":["GET"]}}],"collection":[{"href":"https:\/\/stylingagenten.com\/fi\/wp-json\/wp\/v2\/product"}],"about":[{"href":"https:\/\/stylingagenten.com\/fi\/wp-json\/wp\/v2\/types\/product"}],"replies":[{"embeddable":true,"href":"https:\/\/stylingagenten.com\/fi\/wp-json\/wp\/v2\/comments?post=131561"}],"version-history":[{"count":0,"href":"https:\/\/stylingagenten.com\/fi\/wp-json\/wp\/v2\/product\/131561\/revisions"}],"wp:featuredmedia":[{"embeddable":true,"href":"https:\/\/stylingagenten.com\/fi\/wp-json\/wp\/v2\/media\/131551"}],"wp:attachment":[{"href":"https:\/\/stylingagenten.com\/fi\/wp-json\/wp\/v2\/media?parent=131561"}],"wp:term":[{"taxonomy":"product_brand","embeddable":true,"href":"https:\/\/stylingagenten.com\/fi\/wp-json\/wp\/v2\/product_brand?post=131561"},{"taxonomy":"product_cat","embeddable":true,"href":"https:\/\/stylingagenten.com\/fi\/wp-json\/wp\/v2\/product_cat?post=131561"},{"taxonomy":"product_tag","embeddable":true,"href":"https:\/\/stylingagenten.com\/fi\/wp-json\/wp\/v2\/product_tag?post=131561"},{"taxonomy":"berocket_brand","embeddable":true,"href":"https:\/\/stylingagenten.com\/fi\/wp-json\/wp\/v2\/berocket_brand?post=131561"}],"curies":[{"name":"wp","href":"https:\/\/api.w.org\/{rel}","templated":true}]}}