{"id":131555,"date":"2025-05-18T22:26:29","date_gmt":"2025-05-18T22:26:29","guid":{"rendered":"https:\/\/staging2.stylingagenten.com\/fi\/produkt\/artdeco-volume-sensation-mascara-black-15ml\/"},"modified":"2026-03-24T06:07:31","modified_gmt":"2026-03-24T06:07:31","slug":"artdeco-volume-sensation-mascara-black-15ml","status":"publish","type":"product","link":"https:\/\/stylingagenten.com\/fi\/tuote\/artdeco-volume-sensation-mascara-black-15ml\/","title":{"rendered":"Artdeco Volume Sensation Mascara Black 15ml"},"content":{"rendered":"<p>Anna ripsillesi wow-efekti Volume Sensation Mascaralla \u2013 ripsiv\u00e4rill\u00e4, joka taatusti k\u00e4\u00e4nt\u00e4\u00e4 katseet! Ekstrasuuren volyynihajaharjan ansiosta se luo t\u00e4ytel\u00e4isemm\u00e4t, pidemm\u00e4t ja tarkemmin m\u00e4\u00e4ritellyt ripset vain muutamalla vedolla. Innovatiivinen &#8221;high-heel&#8221;-efekti antaa vaikuttavan pident\u00e4v\u00e4n vaikutuksen, tehden silmist\u00e4 vastustamattomat.<\/p>\n<p>Silkkisen pehme\u00e4 koostumus yhdess\u00e4 pehme\u00e4n, volyymia lis\u00e4\u00e4v\u00e4n harjan kanssa korostaa ripsien luonnollista muotoa ja antaa sek\u00e4 v\u00e4lit\u00f6nt\u00e4 tuuheutta ett\u00e4 upeaa pituutta \u2013 t\u00e4ysin ilman paakkuja! Puhdasten pigmenttien ansiosta ripsiv\u00e4rin s\u00e4vy on intensiivinen ja todella kirkastaa katsetta.<\/p>\n<p>Haluatko viel\u00e4 enemm\u00e4n tuuheutta ja pituutta? Levit\u00e4 useita kerroksia ja rakenna ripset asteittain saadaksesi dramaattisen ja huomiota her\u00e4tt\u00e4v\u00e4n lopputuloksen.<\/p>\n<p>15ml<\/p>\n","protected":false},"excerpt":{"rendered":"<p>Anna ripsillesi wow-efekti Volume Sensation Mascaralla \u2013 ripsiv\u00e4rill\u00e4, joka taatusti k\u00e4\u00e4nt\u00e4\u00e4 katseet! Ekstrasuuren volyynihajaharjan ansiosta se luo t\u00e4ytel\u00e4isemm\u00e4t, pidemm\u00e4t ja tarkemmin m\u00e4\u00e4ritellyt ripset vain muutamalla vedolla. Innovatiivinen &#8221;high-heel&#8221;-efekti antaa vaikuttavan pident\u00e4v\u00e4n vaikutuksen, tehden silmist\u00e4 vastustamattomat. Silkkisen pehme\u00e4 koostumus yhdess\u00e4 pehme\u00e4n, volyymia lis\u00e4\u00e4v\u00e4n harjan kanssa korostaa ripsien luonnollista muotoa ja antaa sek\u00e4 v\u00e4lit\u00f6nt\u00e4 tuuheutta ett\u00e4 upeaa [&hellip;]<\/p>\n","protected":false},"featured_media":131542,"comment_status":"open","ping_status":"closed","template":"","meta":{"_trash_the_other_posts":false},"product_brand":[],"product_cat":[618],"product_tag":[],"berocket_brand":[1385],"class_list":{"0":"post-131555","1":"product","2":"type-product","3":"status-publish","4":"has-post-thumbnail","6":"product_cat-ripsivari","7":"pa_brand-artdeco","8":"berocket_brand-artdeco","10":"first","11":"outofstock","12":"sale","13":"taxable","14":"shipping-taxable","15":"purchasable","16":"product-type-simple"},"_links":{"self":[{"href":"https:\/\/stylingagenten.com\/fi\/wp-json\/wp\/v2\/product\/131555","targetHints":{"allow":["GET"]}}],"collection":[{"href":"https:\/\/stylingagenten.com\/fi\/wp-json\/wp\/v2\/product"}],"about":[{"href":"https:\/\/stylingagenten.com\/fi\/wp-json\/wp\/v2\/types\/product"}],"replies":[{"embeddable":true,"href":"https:\/\/stylingagenten.com\/fi\/wp-json\/wp\/v2\/comments?post=131555"}],"version-history":[{"count":0,"href":"https:\/\/stylingagenten.com\/fi\/wp-json\/wp\/v2\/product\/131555\/revisions"}],"wp:featuredmedia":[{"embeddable":true,"href":"https:\/\/stylingagenten.com\/fi\/wp-json\/wp\/v2\/media\/131542"}],"wp:attachment":[{"href":"https:\/\/stylingagenten.com\/fi\/wp-json\/wp\/v2\/media?parent=131555"}],"wp:term":[{"taxonomy":"product_brand","embeddable":true,"href":"https:\/\/stylingagenten.com\/fi\/wp-json\/wp\/v2\/product_brand?post=131555"},{"taxonomy":"product_cat","embeddable":true,"href":"https:\/\/stylingagenten.com\/fi\/wp-json\/wp\/v2\/product_cat?post=131555"},{"taxonomy":"product_tag","embeddable":true,"href":"https:\/\/stylingagenten.com\/fi\/wp-json\/wp\/v2\/product_tag?post=131555"},{"taxonomy":"berocket_brand","embeddable":true,"href":"https:\/\/stylingagenten.com\/fi\/wp-json\/wp\/v2\/berocket_brand?post=131555"}],"curies":[{"name":"wp","href":"https:\/\/api.w.org\/{rel}","templated":true}]}}