{"id":131548,"date":"2025-05-18T22:26:27","date_gmt":"2025-05-18T22:26:27","guid":{"rendered":"https:\/\/staging2.stylingagenten.com\/fi\/produkt\/artdeco-all-in-one-mascara-black-10ml\/"},"modified":"2026-03-10T19:57:26","modified_gmt":"2026-03-10T19:57:26","slug":"artdeco-all-in-one-mascara-black-10ml","status":"publish","type":"product","link":"https:\/\/stylingagenten.com\/fi\/tuote\/artdeco-all-in-one-mascara-black-10ml\/","title":{"rendered":"Artdeco All In One Mascara Black 10ml"},"content":{"rendered":"<p>All In One Mascara \u2013 kauniit ripset, olipa tilaisuus mik\u00e4 tahansa! T\u00e4m\u00e4 ripsiv\u00e4ri selviytyy kaikista haasteista ja antaa ripsille sek\u00e4 pituutta ett\u00e4 volyymia upealla kaarella. Se muotoilee ripset t\u00e4ydellisesti peitt\u00e4m\u00e4ll\u00e4 ne hell\u00e4varaisesti, tehden niist\u00e4 tuuheammat ja pidemm\u00e4t. Erityisesti suunniteltu mascaraharja on valmistettu yhdist\u00e4m\u00e4ll\u00e4 kaksi erilaista harjaa, jolloin kuidut tarttuvat toisiinsa. Tihe\u00e4mm\u00e4t alueet ovat t\u00e4ydellisi\u00e4 ripsien erotteluun, kun taas v\u00e4hemm\u00e4n kuituja sis\u00e4lt\u00e4v\u00e4t alueet lis\u00e4\u00e4v\u00e4t v\u00e4ri\u00e4 ja volyymia. Et tarvitse huolehtia tahraantumisesta tai hilseilyst\u00e4 p\u00e4iv\u00e4n aikana \u2013 koostumus on smudge-proof ja eritt\u00e4in pitk\u00e4kestoinen! All In One Mascara on my\u00f6s ihanan ravitseva. Carnaubavaha carnaubapalmun puusta hoitaa ripsi\u00e4 ja pit\u00e4\u00e4 ne pehmein\u00e4 ja joustavina. All In One Mascara \u2013 todella koukuttaville ripsille.<\/p>\n<p>10ml<\/p>\n","protected":false},"excerpt":{"rendered":"<p>All In One Mascara \u2013 kauniit ripset, olipa tilaisuus mik\u00e4 tahansa! T\u00e4m\u00e4 ripsiv\u00e4ri selviytyy kaikista haasteista ja antaa ripsille sek\u00e4 pituutta ett\u00e4 volyymia upealla kaarella. Se muotoilee ripset t\u00e4ydellisesti peitt\u00e4m\u00e4ll\u00e4 ne hell\u00e4varaisesti, tehden niist\u00e4 tuuheammat ja pidemm\u00e4t. Erityisesti suunniteltu mascaraharja on valmistettu yhdist\u00e4m\u00e4ll\u00e4 kaksi erilaista harjaa, jolloin kuidut tarttuvat toisiinsa. Tihe\u00e4mm\u00e4t alueet ovat t\u00e4ydellisi\u00e4 ripsien [&hellip;]<\/p>\n","protected":false},"featured_media":131539,"comment_status":"open","ping_status":"closed","template":"","meta":{"_trash_the_other_posts":false},"product_brand":[],"product_cat":[618],"product_tag":[],"berocket_brand":[1385],"class_list":{"0":"post-131548","1":"product","2":"type-product","3":"status-publish","4":"has-post-thumbnail","6":"product_cat-ripsivari","7":"pa_brand-artdeco","8":"berocket_brand-artdeco","10":"first","11":"instock","12":"sale","13":"taxable","14":"shipping-taxable","15":"purchasable","16":"product-type-simple"},"_links":{"self":[{"href":"https:\/\/stylingagenten.com\/fi\/wp-json\/wp\/v2\/product\/131548","targetHints":{"allow":["GET"]}}],"collection":[{"href":"https:\/\/stylingagenten.com\/fi\/wp-json\/wp\/v2\/product"}],"about":[{"href":"https:\/\/stylingagenten.com\/fi\/wp-json\/wp\/v2\/types\/product"}],"replies":[{"embeddable":true,"href":"https:\/\/stylingagenten.com\/fi\/wp-json\/wp\/v2\/comments?post=131548"}],"version-history":[{"count":0,"href":"https:\/\/stylingagenten.com\/fi\/wp-json\/wp\/v2\/product\/131548\/revisions"}],"wp:featuredmedia":[{"embeddable":true,"href":"https:\/\/stylingagenten.com\/fi\/wp-json\/wp\/v2\/media\/131539"}],"wp:attachment":[{"href":"https:\/\/stylingagenten.com\/fi\/wp-json\/wp\/v2\/media?parent=131548"}],"wp:term":[{"taxonomy":"product_brand","embeddable":true,"href":"https:\/\/stylingagenten.com\/fi\/wp-json\/wp\/v2\/product_brand?post=131548"},{"taxonomy":"product_cat","embeddable":true,"href":"https:\/\/stylingagenten.com\/fi\/wp-json\/wp\/v2\/product_cat?post=131548"},{"taxonomy":"product_tag","embeddable":true,"href":"https:\/\/stylingagenten.com\/fi\/wp-json\/wp\/v2\/product_tag?post=131548"},{"taxonomy":"berocket_brand","embeddable":true,"href":"https:\/\/stylingagenten.com\/fi\/wp-json\/wp\/v2\/berocket_brand?post=131548"}],"curies":[{"name":"wp","href":"https:\/\/api.w.org\/{rel}","templated":true}]}}