{"id":131544,"date":"2025-05-18T22:26:26","date_gmt":"2025-05-18T22:26:26","guid":{"rendered":"https:\/\/staging2.stylingagenten.com\/fi\/produkt\/max-factor-clump-defy-mascara-black-131ml\/"},"modified":"2026-04-01T12:08:26","modified_gmt":"2026-04-01T12:08:26","slug":"max-factor-clump-defy-mascara-black-131ml","status":"publish","type":"product","link":"https:\/\/stylingagenten.com\/fi\/tuote\/max-factor-clump-defy-mascara-black-131ml\/","title":{"rendered":"Max Factor Clump Defy Mascara Black 13,1ml"},"content":{"rendered":"<p>Max Factor Clump Defy Mascaran avulla voit rakentaa kerroksia; kerrostaa ja kuormittaa ripsi\u00e4si jopa 200 % enemm\u00e4n volyymia s\u00e4ilytt\u00e4en samalla niiden erottelun ja tarkkuuden.<\/p>\n<p>Salaisuus piilee uudessa paakkuuntumista est\u00e4v\u00e4ss\u00e4 harjassa, Max Factorin ensimm\u00e4isess\u00e4 t\u00e4ysin paakkuuntumattomassa levityssiveltimess\u00e4. Harjan kovera muoto tarjoaa poikkeuksellisen latauskapasiteetin, joka lis\u00e4\u00e4 v\u00e4litt\u00f6m\u00e4sti tilavuutta, kun taas sen tarkasti tasaisesti sijoitetut ja suoraan sijoitetut harjakset pys\u00e4ytt\u00e4v\u00e4t paakkujen muodostumisen ennen niiden muodostumista. Kaikki t\u00e4m\u00e4 saadaksesi maksimaalisen ripsien volyymin, t\u00e4ydellisen erottelun ja tarkkuuden!<\/p>\n<p><strong>Sis\u00e4lt\u00e4\u00e4:<\/strong> 13,1 ml<\/p>\n","protected":false},"excerpt":{"rendered":"<p>Max Factor Clump Defy Mascaran avulla voit rakentaa kerroksia; kerrostaa ja kuormittaa ripsi\u00e4si jopa 200 % enemm\u00e4n volyymia s\u00e4ilytt\u00e4en samalla niiden erottelun ja tarkkuuden. Salaisuus piilee uudessa paakkuuntumista est\u00e4v\u00e4ss\u00e4 harjassa, Max Factorin ensimm\u00e4isess\u00e4 t\u00e4ysin paakkuuntumattomassa levityssiveltimess\u00e4. Harjan kovera muoto tarjoaa poikkeuksellisen latauskapasiteetin, joka lis\u00e4\u00e4 v\u00e4litt\u00f6m\u00e4sti tilavuutta, kun taas sen tarkasti tasaisesti sijoitetut ja suoraan sijoitetut [&hellip;]<\/p>\n","protected":false},"featured_media":131531,"comment_status":"open","ping_status":"closed","template":"","meta":{"_trash_the_other_posts":false},"product_brand":[],"product_cat":[1003,618],"product_tag":[],"berocket_brand":[1013],"class_list":{"0":"post-131544","1":"product","2":"type-product","3":"status-publish","4":"has-post-thumbnail","6":"product_cat-myydyimmat","7":"product_cat-ripsivari","8":"pa_brand-max-factor","9":"berocket_brand-max-factor","11":"first","12":"instock","13":"sale","14":"taxable","15":"shipping-taxable","16":"purchasable","17":"product-type-simple"},"_links":{"self":[{"href":"https:\/\/stylingagenten.com\/fi\/wp-json\/wp\/v2\/product\/131544","targetHints":{"allow":["GET"]}}],"collection":[{"href":"https:\/\/stylingagenten.com\/fi\/wp-json\/wp\/v2\/product"}],"about":[{"href":"https:\/\/stylingagenten.com\/fi\/wp-json\/wp\/v2\/types\/product"}],"replies":[{"embeddable":true,"href":"https:\/\/stylingagenten.com\/fi\/wp-json\/wp\/v2\/comments?post=131544"}],"version-history":[{"count":0,"href":"https:\/\/stylingagenten.com\/fi\/wp-json\/wp\/v2\/product\/131544\/revisions"}],"wp:featuredmedia":[{"embeddable":true,"href":"https:\/\/stylingagenten.com\/fi\/wp-json\/wp\/v2\/media\/131531"}],"wp:attachment":[{"href":"https:\/\/stylingagenten.com\/fi\/wp-json\/wp\/v2\/media?parent=131544"}],"wp:term":[{"taxonomy":"product_brand","embeddable":true,"href":"https:\/\/stylingagenten.com\/fi\/wp-json\/wp\/v2\/product_brand?post=131544"},{"taxonomy":"product_cat","embeddable":true,"href":"https:\/\/stylingagenten.com\/fi\/wp-json\/wp\/v2\/product_cat?post=131544"},{"taxonomy":"product_tag","embeddable":true,"href":"https:\/\/stylingagenten.com\/fi\/wp-json\/wp\/v2\/product_tag?post=131544"},{"taxonomy":"berocket_brand","embeddable":true,"href":"https:\/\/stylingagenten.com\/fi\/wp-json\/wp\/v2\/berocket_brand?post=131544"}],"curies":[{"name":"wp","href":"https:\/\/api.w.org\/{rel}","templated":true}]}}