{"id":130772,"date":"2025-05-18T22:23:13","date_gmt":"2025-05-18T22:23:13","guid":{"rendered":"https:\/\/staging2.stylingagenten.com\/fi\/produkt\/beauty-uk-matte-lipstick-no-19-temptress\/"},"modified":"2025-11-19T11:20:18","modified_gmt":"2025-11-19T11:20:18","slug":"beauty-uk-matte-lipstick-no-19-temptress","status":"publish","type":"product","link":"https:\/\/stylingagenten.com\/fi\/tuote\/beauty-uk-matte-lipstick-no-19-temptress\/","title":{"rendered":"Beauty UK Matte Lipstick no.19 &#8211; Temptress"},"content":{"rendered":"<p>F&aring; suudeltavan pehme\u00e4t ja v\u00e4rikk\u00e4\u00e4t huulet Beauty UK:n myydyimm\u00e4ll\u00e4 mattahuulipunakokoelmalla.<br \/>Pehme\u00e4 levitys, pehme\u00e4 ja ravitseva koostumus lupaa olla lumoavia leikkis\u00e4 s\u00e4vyj\u00e4 pitk\u00e4ik\u00e4isi\u00e4 kauniita huulia!<\/p>\n","protected":false},"excerpt":{"rendered":"<p>F&aring; suudeltavan pehme\u00e4t ja v\u00e4rikk\u00e4\u00e4t huulet Beauty UK:n myydyimm\u00e4ll\u00e4 mattahuulipunakokoelmalla.Pehme\u00e4 levitys, pehme\u00e4 ja ravitseva koostumus lupaa olla lumoavia leikkis\u00e4 s\u00e4vyj\u00e4 pitk\u00e4ik\u00e4isi\u00e4 kauniita huulia!<\/p>\n","protected":false},"featured_media":130769,"comment_status":"open","ping_status":"closed","template":"","meta":{"_trash_the_other_posts":false},"product_brand":[],"product_cat":[607],"product_tag":[2513],"berocket_brand":[1059],"class_list":{"0":"post-130772","1":"product","2":"type-product","3":"status-publish","4":"has-post-thumbnail","6":"product_cat-huulipuna","7":"product_tag-beauty-uk-matte-lipstick","8":"pa_brand-beautyuk","9":"pa_variantti-no-19-temptress","10":"berocket_brand-beautyuk","12":"first","13":"instock","14":"sale","15":"taxable","16":"shipping-taxable","17":"purchasable","18":"product-type-simple"},"_links":{"self":[{"href":"https:\/\/stylingagenten.com\/fi\/wp-json\/wp\/v2\/product\/130772","targetHints":{"allow":["GET"]}}],"collection":[{"href":"https:\/\/stylingagenten.com\/fi\/wp-json\/wp\/v2\/product"}],"about":[{"href":"https:\/\/stylingagenten.com\/fi\/wp-json\/wp\/v2\/types\/product"}],"replies":[{"embeddable":true,"href":"https:\/\/stylingagenten.com\/fi\/wp-json\/wp\/v2\/comments?post=130772"}],"version-history":[{"count":0,"href":"https:\/\/stylingagenten.com\/fi\/wp-json\/wp\/v2\/product\/130772\/revisions"}],"wp:featuredmedia":[{"embeddable":true,"href":"https:\/\/stylingagenten.com\/fi\/wp-json\/wp\/v2\/media\/130769"}],"wp:attachment":[{"href":"https:\/\/stylingagenten.com\/fi\/wp-json\/wp\/v2\/media?parent=130772"}],"wp:term":[{"taxonomy":"product_brand","embeddable":true,"href":"https:\/\/stylingagenten.com\/fi\/wp-json\/wp\/v2\/product_brand?post=130772"},{"taxonomy":"product_cat","embeddable":true,"href":"https:\/\/stylingagenten.com\/fi\/wp-json\/wp\/v2\/product_cat?post=130772"},{"taxonomy":"product_tag","embeddable":true,"href":"https:\/\/stylingagenten.com\/fi\/wp-json\/wp\/v2\/product_tag?post=130772"},{"taxonomy":"berocket_brand","embeddable":true,"href":"https:\/\/stylingagenten.com\/fi\/wp-json\/wp\/v2\/berocket_brand?post=130772"}],"curies":[{"name":"wp","href":"https:\/\/api.w.org\/{rel}","templated":true}]}}