{"id":130674,"date":"2025-05-18T22:22:51","date_gmt":"2025-05-18T22:22:51","guid":{"rendered":"https:\/\/staging2.stylingagenten.com\/fi\/produkt\/wet-n-wild-megalast-lip-color-sand-storm\/"},"modified":"2026-03-20T16:09:26","modified_gmt":"2026-03-20T16:09:26","slug":"wet-n-wild-megalast-lip-color-sand-storm","status":"publish","type":"product","link":"https:\/\/stylingagenten.com\/fi\/tuote\/wet-n-wild-megalast-lip-color-sand-storm\/","title":{"rendered":"Wet n Wild MegaLast Lip Color Sand Storm"},"content":{"rendered":"<p>Wet n Wildin Mega Last Lip Color on kirkkaiden v\u00e4rien huulipuna, joka tarjoaa pitk\u00e4kestoisen v\u00e4rin ja vaikutuksen. Koostumus tarjoaa keskipitk\u00e4n tai t\u00e4yden peitt\u00e4v\u00e4n v\u00e4rin.<br \/>Helppo levitt\u00e4\u00e4 ja kosteuttaa huulia jopa nelj\u00e4ksi tunniksi. Saatavana useissa houkuttelevissa v\u00e4reiss\u00e4.<\/p>\n","protected":false},"excerpt":{"rendered":"<p>Wet n Wildin Mega Last Lip Color on kirkkaiden v\u00e4rien huulipuna, joka tarjoaa pitk\u00e4kestoisen v\u00e4rin ja vaikutuksen. Koostumus tarjoaa keskipitk\u00e4n tai t\u00e4yden peitt\u00e4v\u00e4n v\u00e4rin.Helppo levitt\u00e4\u00e4 ja kosteuttaa huulia jopa nelj\u00e4ksi tunniksi. Saatavana useissa houkuttelevissa v\u00e4reiss\u00e4.<\/p>\n","protected":false},"featured_media":130673,"comment_status":"open","ping_status":"closed","template":"","meta":{"_trash_the_other_posts":false},"product_brand":[],"product_cat":[607],"product_tag":[4100],"berocket_brand":[1035],"class_list":{"0":"post-130674","1":"product","2":"type-product","3":"status-publish","4":"has-post-thumbnail","6":"product_cat-huulipuna","7":"product_tag-wet-n-wild-megalast-lip-color","8":"pa_brand-wet-n-wild","9":"pa_variantti-sand-storm","10":"berocket_brand-wet-n-wild","12":"first","13":"instock","14":"sale","15":"taxable","16":"shipping-taxable","17":"purchasable","18":"product-type-simple"},"_links":{"self":[{"href":"https:\/\/stylingagenten.com\/fi\/wp-json\/wp\/v2\/product\/130674","targetHints":{"allow":["GET"]}}],"collection":[{"href":"https:\/\/stylingagenten.com\/fi\/wp-json\/wp\/v2\/product"}],"about":[{"href":"https:\/\/stylingagenten.com\/fi\/wp-json\/wp\/v2\/types\/product"}],"replies":[{"embeddable":true,"href":"https:\/\/stylingagenten.com\/fi\/wp-json\/wp\/v2\/comments?post=130674"}],"version-history":[{"count":0,"href":"https:\/\/stylingagenten.com\/fi\/wp-json\/wp\/v2\/product\/130674\/revisions"}],"wp:featuredmedia":[{"embeddable":true,"href":"https:\/\/stylingagenten.com\/fi\/wp-json\/wp\/v2\/media\/130673"}],"wp:attachment":[{"href":"https:\/\/stylingagenten.com\/fi\/wp-json\/wp\/v2\/media?parent=130674"}],"wp:term":[{"taxonomy":"product_brand","embeddable":true,"href":"https:\/\/stylingagenten.com\/fi\/wp-json\/wp\/v2\/product_brand?post=130674"},{"taxonomy":"product_cat","embeddable":true,"href":"https:\/\/stylingagenten.com\/fi\/wp-json\/wp\/v2\/product_cat?post=130674"},{"taxonomy":"product_tag","embeddable":true,"href":"https:\/\/stylingagenten.com\/fi\/wp-json\/wp\/v2\/product_tag?post=130674"},{"taxonomy":"berocket_brand","embeddable":true,"href":"https:\/\/stylingagenten.com\/fi\/wp-json\/wp\/v2\/berocket_brand?post=130674"}],"curies":[{"name":"wp","href":"https:\/\/api.w.org\/{rel}","templated":true}]}}