{"id":130136,"date":"2025-05-18T22:21:26","date_gmt":"2025-05-18T22:21:26","guid":{"rendered":"https:\/\/staging2.stylingagenten.com\/fi\/produkt\/nyx-prof-makeup-soft-matte-lip-cream-los-angeles\/"},"modified":"2025-11-19T11:38:24","modified_gmt":"2025-11-19T11:38:24","slug":"nyx-prof-makeup-soft-matte-lip-cream-los-angeles","status":"publish","type":"product","link":"https:\/\/stylingagenten.com\/fi\/tuote\/nyx-prof-makeup-soft-matte-lip-cream-los-angeles\/","title":{"rendered":"NYX PROF. MAKEUP Soft Matte Lip Cream Los Angeles"},"content":{"rendered":"<p>NYX PROFESSIONAL MAKEUP Soft Matte Lip Cream &#8211; Se ei ole huulipuna eik\u00e4 huulikiilto, se on huulipunavoide! Silkkisen koostumuksen ja pehmeiden mattav\u00e4rien ansiosta n\u00e4m\u00e4 pitk\u00e4kestoiset huulivoiteet pit\u00e4v\u00e4t huulesi kosteutettuina ja v\u00e4rj\u00e4ttyin\u00e4 koko p\u00e4iv\u00e4n. Sis\u00e4lt\u00f6: 8 ml<\/p>\n","protected":false},"excerpt":{"rendered":"<p>NYX PROFESSIONAL MAKEUP Soft Matte Lip Cream &#8211; Se ei ole huulipuna eik\u00e4 huulikiilto, se on huulipunavoide! Silkkisen koostumuksen ja pehmeiden mattav\u00e4rien ansiosta n\u00e4m\u00e4 pitk\u00e4kestoiset huulivoiteet pit\u00e4v\u00e4t huulesi kosteutettuina ja v\u00e4rj\u00e4ttyin\u00e4 koko p\u00e4iv\u00e4n. Sis\u00e4lt\u00f6: 8 ml<\/p>\n","protected":false},"featured_media":130123,"comment_status":"open","ping_status":"closed","template":"","meta":{"_trash_the_other_posts":false},"product_brand":[],"product_cat":[607,1005],"product_tag":[3699],"berocket_brand":[1025],"class_list":{"0":"post-130136","1":"product","2":"type-product","3":"status-publish","4":"has-post-thumbnail","6":"product_cat-huulipuna","7":"product_cat-outlet","8":"product_tag-nyx-prof-makeup-soft-matte-lip-cream","9":"pa_brand-nyx","10":"pa_variantti-los-angeles","11":"berocket_brand-nyx","13":"first","14":"instock","15":"sale","16":"taxable","17":"shipping-taxable","18":"purchasable","19":"product-type-simple"},"_links":{"self":[{"href":"https:\/\/stylingagenten.com\/fi\/wp-json\/wp\/v2\/product\/130136","targetHints":{"allow":["GET"]}}],"collection":[{"href":"https:\/\/stylingagenten.com\/fi\/wp-json\/wp\/v2\/product"}],"about":[{"href":"https:\/\/stylingagenten.com\/fi\/wp-json\/wp\/v2\/types\/product"}],"replies":[{"embeddable":true,"href":"https:\/\/stylingagenten.com\/fi\/wp-json\/wp\/v2\/comments?post=130136"}],"version-history":[{"count":0,"href":"https:\/\/stylingagenten.com\/fi\/wp-json\/wp\/v2\/product\/130136\/revisions"}],"wp:featuredmedia":[{"embeddable":true,"href":"https:\/\/stylingagenten.com\/fi\/wp-json\/wp\/v2\/media\/130123"}],"wp:attachment":[{"href":"https:\/\/stylingagenten.com\/fi\/wp-json\/wp\/v2\/media?parent=130136"}],"wp:term":[{"taxonomy":"product_brand","embeddable":true,"href":"https:\/\/stylingagenten.com\/fi\/wp-json\/wp\/v2\/product_brand?post=130136"},{"taxonomy":"product_cat","embeddable":true,"href":"https:\/\/stylingagenten.com\/fi\/wp-json\/wp\/v2\/product_cat?post=130136"},{"taxonomy":"product_tag","embeddable":true,"href":"https:\/\/stylingagenten.com\/fi\/wp-json\/wp\/v2\/product_tag?post=130136"},{"taxonomy":"berocket_brand","embeddable":true,"href":"https:\/\/stylingagenten.com\/fi\/wp-json\/wp\/v2\/berocket_brand?post=130136"}],"curies":[{"name":"wp","href":"https:\/\/api.w.org\/{rel}","templated":true}]}}