{"id":130097,"date":"2025-05-18T22:21:19","date_gmt":"2025-05-18T22:21:19","guid":{"rendered":"https:\/\/staging2.stylingagenten.com\/fi\/produkt\/wet-n-wild-megalast-lipstick-high-shine-sangria-time\/"},"modified":"2025-12-30T12:46:37","modified_gmt":"2025-12-30T12:46:37","slug":"wet-n-wild-megalast-lipstick-high-shine-sangria-time","status":"publish","type":"product","link":"https:\/\/stylingagenten.com\/fi\/tuote\/wet-n-wild-megalast-lipstick-high-shine-sangria-time\/","title":{"rendered":"Wet n Wild Megalast Lipstick High-Shine &#8211; Sangria Time"},"content":{"rendered":"<p>Mehev\u00e4, kiilt\u00e4v\u00e4 huulipuna, jossa on huulia rakastavia ainesosia, kuten Murumuru-voita, mangovoita sek\u00e4 auringonkukka- ja vesimeloninsiemen\u00f6ljyj\u00e4, jotka ravitsevat ja kosteuttavat huuliasi. Koostumus on pitk\u00e4kestoinen ja sen kermainen koostumus helpottaa levitt\u00e4mist\u00e4. Silkkinen, rakennettava v\u00e4ri liukuu; ilman ongelmia ja on maailmanluokan kest\u00e4vyys, joka ei vuoda. Saatavana useissa cruelty-free-, gluteeni- ja hajusteettomissa s\u00e4vyiss\u00e4.<\/p>\n","protected":false},"excerpt":{"rendered":"<p>Mehev\u00e4, kiilt\u00e4v\u00e4 huulipuna, jossa on huulia rakastavia ainesosia, kuten Murumuru-voita, mangovoita sek\u00e4 auringonkukka- ja vesimeloninsiemen\u00f6ljyj\u00e4, jotka ravitsevat ja kosteuttavat huuliasi. Koostumus on pitk\u00e4kestoinen ja sen kermainen koostumus helpottaa levitt\u00e4mist\u00e4. Silkkinen, rakennettava v\u00e4ri liukuu; ilman ongelmia ja on maailmanluokan kest\u00e4vyys, joka ei vuoda. Saatavana useissa cruelty-free-, gluteeni- ja hajusteettomissa s\u00e4vyiss\u00e4.<\/p>\n","protected":false},"featured_media":130093,"comment_status":"open","ping_status":"closed","template":"","meta":{"_trash_the_other_posts":false},"product_brand":[],"product_cat":[607],"product_tag":[4102],"berocket_brand":[1035],"class_list":{"0":"post-130097","1":"product","2":"type-product","3":"status-publish","4":"has-post-thumbnail","6":"product_cat-huulipuna","7":"product_tag-wet-n-wild-megalast-lipstick-high-shine","8":"pa_brand-wet-n-wild","9":"pa_variantti-sangria-time","10":"berocket_brand-wet-n-wild","12":"first","13":"instock","14":"sale","15":"taxable","16":"shipping-taxable","17":"purchasable","18":"product-type-simple"},"_links":{"self":[{"href":"https:\/\/stylingagenten.com\/fi\/wp-json\/wp\/v2\/product\/130097","targetHints":{"allow":["GET"]}}],"collection":[{"href":"https:\/\/stylingagenten.com\/fi\/wp-json\/wp\/v2\/product"}],"about":[{"href":"https:\/\/stylingagenten.com\/fi\/wp-json\/wp\/v2\/types\/product"}],"replies":[{"embeddable":true,"href":"https:\/\/stylingagenten.com\/fi\/wp-json\/wp\/v2\/comments?post=130097"}],"version-history":[{"count":0,"href":"https:\/\/stylingagenten.com\/fi\/wp-json\/wp\/v2\/product\/130097\/revisions"}],"wp:featuredmedia":[{"embeddable":true,"href":"https:\/\/stylingagenten.com\/fi\/wp-json\/wp\/v2\/media\/130093"}],"wp:attachment":[{"href":"https:\/\/stylingagenten.com\/fi\/wp-json\/wp\/v2\/media?parent=130097"}],"wp:term":[{"taxonomy":"product_brand","embeddable":true,"href":"https:\/\/stylingagenten.com\/fi\/wp-json\/wp\/v2\/product_brand?post=130097"},{"taxonomy":"product_cat","embeddable":true,"href":"https:\/\/stylingagenten.com\/fi\/wp-json\/wp\/v2\/product_cat?post=130097"},{"taxonomy":"product_tag","embeddable":true,"href":"https:\/\/stylingagenten.com\/fi\/wp-json\/wp\/v2\/product_tag?post=130097"},{"taxonomy":"berocket_brand","embeddable":true,"href":"https:\/\/stylingagenten.com\/fi\/wp-json\/wp\/v2\/berocket_brand?post=130097"}],"curies":[{"name":"wp","href":"https:\/\/api.w.org\/{rel}","templated":true}]}}