{"id":130064,"date":"2025-05-18T22:21:13","date_gmt":"2025-05-18T22:21:13","guid":{"rendered":"https:\/\/staging2.stylingagenten.com\/fi\/produkt\/wet-n-wild-megalast-lipstick-matte-bare-it-all\/"},"modified":"2025-11-28T18:42:31","modified_gmt":"2025-11-28T18:42:31","slug":"wet-n-wild-megalast-lipstick-matte-bare-it-all","status":"publish","type":"product","link":"https:\/\/stylingagenten.com\/fi\/tuote\/wet-n-wild-megalast-lipstick-matte-bare-it-all\/","title":{"rendered":"Wet n Wild Megalast Lipstick Matte &#8211; Bare It All"},"content":{"rendered":"<p>Wet n Wildin Mega Last -huulipuna tarjoaa pitk\u00e4kestoisen v\u00e4rin ja sis\u00e4lt\u00e4\u00e4 ainesosia luonnollisista meren kasviuutteista, jotka tekev\u00e4t huulistasi pehme\u00e4t ja kosteutetut. Koostumus antaa t\u00e4ydellisen peitt\u00e4v\u00e4n v\u00e4rin samettisen ja mattapintaisella lopputuloksella. Saatavana useissa houkuttelevissa v\u00e4reiss\u00e4.<\/p>\n","protected":false},"excerpt":{"rendered":"<p>Wet n Wildin Mega Last -huulipuna tarjoaa pitk\u00e4kestoisen v\u00e4rin ja sis\u00e4lt\u00e4\u00e4 ainesosia luonnollisista meren kasviuutteista, jotka tekev\u00e4t huulistasi pehme\u00e4t ja kosteutetut. Koostumus antaa t\u00e4ydellisen peitt\u00e4v\u00e4n v\u00e4rin samettisen ja mattapintaisella lopputuloksella. Saatavana useissa houkuttelevissa v\u00e4reiss\u00e4.<\/p>\n","protected":false},"featured_media":130054,"comment_status":"open","ping_status":"closed","template":"","meta":{"_trash_the_other_posts":false},"product_brand":[],"product_cat":[607],"product_tag":[4103],"berocket_brand":[1035],"class_list":{"0":"post-130064","1":"product","2":"type-product","3":"status-publish","4":"has-post-thumbnail","6":"product_cat-huulipuna","7":"product_tag-wet-n-wild-megalast-lipstick-matte","8":"pa_brand-wet-n-wild","9":"pa_variantti-bare-it-all","10":"berocket_brand-wet-n-wild","12":"first","13":"instock","14":"sale","15":"taxable","16":"shipping-taxable","17":"purchasable","18":"product-type-simple"},"_links":{"self":[{"href":"https:\/\/stylingagenten.com\/fi\/wp-json\/wp\/v2\/product\/130064","targetHints":{"allow":["GET"]}}],"collection":[{"href":"https:\/\/stylingagenten.com\/fi\/wp-json\/wp\/v2\/product"}],"about":[{"href":"https:\/\/stylingagenten.com\/fi\/wp-json\/wp\/v2\/types\/product"}],"replies":[{"embeddable":true,"href":"https:\/\/stylingagenten.com\/fi\/wp-json\/wp\/v2\/comments?post=130064"}],"version-history":[{"count":0,"href":"https:\/\/stylingagenten.com\/fi\/wp-json\/wp\/v2\/product\/130064\/revisions"}],"wp:featuredmedia":[{"embeddable":true,"href":"https:\/\/stylingagenten.com\/fi\/wp-json\/wp\/v2\/media\/130054"}],"wp:attachment":[{"href":"https:\/\/stylingagenten.com\/fi\/wp-json\/wp\/v2\/media?parent=130064"}],"wp:term":[{"taxonomy":"product_brand","embeddable":true,"href":"https:\/\/stylingagenten.com\/fi\/wp-json\/wp\/v2\/product_brand?post=130064"},{"taxonomy":"product_cat","embeddable":true,"href":"https:\/\/stylingagenten.com\/fi\/wp-json\/wp\/v2\/product_cat?post=130064"},{"taxonomy":"product_tag","embeddable":true,"href":"https:\/\/stylingagenten.com\/fi\/wp-json\/wp\/v2\/product_tag?post=130064"},{"taxonomy":"berocket_brand","embeddable":true,"href":"https:\/\/stylingagenten.com\/fi\/wp-json\/wp\/v2\/berocket_brand?post=130064"}],"curies":[{"name":"wp","href":"https:\/\/api.w.org\/{rel}","templated":true}]}}