{"id":129998,"date":"2025-05-18T22:21:02","date_gmt":"2025-05-18T22:21:02","guid":{"rendered":"https:\/\/staging2.stylingagenten.com\/fi\/produkt\/makeup-revolution-satin-kiss-lipstick-heart-race\/"},"modified":"2025-11-19T11:43:37","modified_gmt":"2025-11-19T11:43:37","slug":"makeup-revolution-satin-kiss-lipstick-heart-race","status":"publish","type":"product","link":"https:\/\/stylingagenten.com\/fi\/tuote\/makeup-revolution-satin-kiss-lipstick-heart-race\/","title":{"rendered":"Makeup Revolution Satin Kiss Lipstick &#8211; Heart Race"},"content":{"rendered":"<p>Peit\u00e4 huulesi satiinin suudelmaan. T\u00e4m\u00e4 t\u00e4ytel\u00e4inen ja kermainen sametinv\u00e4rinen huulipunakoostumus on saatavana 9 upeassa s\u00e4vyss\u00e4, jotka sopivat kaikkiin tilaisuuksiin alastonv\u00e4reist\u00e4 vahvoihin v\u00e4reihin.<\/p>\n<p>Kuvake &#8211; oranssinv\u00e4rinen alastonkuva<br \/> Kuljettaja &#8211; vaaleanruskean s\u00e4vyinen nude<br \/> Fling &#8211; ruskea nude<br \/>Heart Race &#8211; persikka-alasto<br \/>Cupcake &#8211; vaalea vauvan pinkki<br \/>Cutie &#8211; vahva vaaleanpunainen<br \/>Decadence &#8211; k&ouml;rsb&auml;rsr&amp;ouml ;d<br \/>Ruby &#8211; syv\u00e4 rubiininpunainen<br \/>Rose &#8211; mykistetty tumma ruusu<\/p>\n","protected":false},"excerpt":{"rendered":"<p>Peit\u00e4 huulesi satiinin suudelmaan. T\u00e4m\u00e4 t\u00e4ytel\u00e4inen ja kermainen sametinv\u00e4rinen huulipunakoostumus on saatavana 9 upeassa s\u00e4vyss\u00e4, jotka sopivat kaikkiin tilaisuuksiin alastonv\u00e4reist\u00e4 vahvoihin v\u00e4reihin. Kuvake &#8211; oranssinv\u00e4rinen alastonkuva Kuljettaja &#8211; vaaleanruskean s\u00e4vyinen nude Fling &#8211; ruskea nudeHeart Race &#8211; persikka-alastoCupcake &#8211; vaalea vauvan pinkkiCutie &#8211; vahva vaaleanpunainenDecadence &#8211; k&ouml;rsb&auml;rsr&amp;ouml ;dRuby &#8211; syv\u00e4 rubiininpunainenRose &#8211; mykistetty tumma ruusu<\/p>\n","protected":false},"featured_media":129994,"comment_status":"open","ping_status":"closed","template":"","meta":{"_trash_the_other_posts":false},"product_brand":[],"product_cat":[607],"product_tag":[3352],"berocket_brand":[1050],"class_list":{"0":"post-129998","1":"product","2":"type-product","3":"status-publish","4":"has-post-thumbnail","6":"product_cat-huulipuna","7":"product_tag-makeup-revolution-satin-kiss-lipstick","8":"pa_brand-makeup-revolution","9":"pa_variantti-heart-race","10":"berocket_brand-makeup-revolution","12":"first","13":"instock","14":"sale","15":"taxable","16":"shipping-taxable","17":"purchasable","18":"product-type-simple"},"_links":{"self":[{"href":"https:\/\/stylingagenten.com\/fi\/wp-json\/wp\/v2\/product\/129998","targetHints":{"allow":["GET"]}}],"collection":[{"href":"https:\/\/stylingagenten.com\/fi\/wp-json\/wp\/v2\/product"}],"about":[{"href":"https:\/\/stylingagenten.com\/fi\/wp-json\/wp\/v2\/types\/product"}],"replies":[{"embeddable":true,"href":"https:\/\/stylingagenten.com\/fi\/wp-json\/wp\/v2\/comments?post=129998"}],"version-history":[{"count":0,"href":"https:\/\/stylingagenten.com\/fi\/wp-json\/wp\/v2\/product\/129998\/revisions"}],"wp:featuredmedia":[{"embeddable":true,"href":"https:\/\/stylingagenten.com\/fi\/wp-json\/wp\/v2\/media\/129994"}],"wp:attachment":[{"href":"https:\/\/stylingagenten.com\/fi\/wp-json\/wp\/v2\/media?parent=129998"}],"wp:term":[{"taxonomy":"product_brand","embeddable":true,"href":"https:\/\/stylingagenten.com\/fi\/wp-json\/wp\/v2\/product_brand?post=129998"},{"taxonomy":"product_cat","embeddable":true,"href":"https:\/\/stylingagenten.com\/fi\/wp-json\/wp\/v2\/product_cat?post=129998"},{"taxonomy":"product_tag","embeddable":true,"href":"https:\/\/stylingagenten.com\/fi\/wp-json\/wp\/v2\/product_tag?post=129998"},{"taxonomy":"berocket_brand","embeddable":true,"href":"https:\/\/stylingagenten.com\/fi\/wp-json\/wp\/v2\/berocket_brand?post=129998"}],"curies":[{"name":"wp","href":"https:\/\/api.w.org\/{rel}","templated":true}]}}