{"id":129922,"date":"2025-05-18T22:20:51","date_gmt":"2025-05-18T22:20:51","guid":{"rendered":"https:\/\/staging2.stylingagenten.com\/fi\/produkt\/bellapierre-lipstick-liner-duo-incognito\/"},"modified":"2025-11-19T11:47:22","modified_gmt":"2025-11-19T11:47:22","slug":"bellapierre-lipstick-liner-duo-incognito","status":"publish","type":"product","link":"https:\/\/stylingagenten.com\/fi\/tuote\/bellapierre-lipstick-liner-duo-incognito\/","title":{"rendered":"Bellapierre Lipstick &amp; Liner Duo &#8211; Incognito"},"content":{"rendered":"<p>Bellapierre Matte Lipstick on runsaasti pigmentti\u00e4 sis\u00e4lt\u00e4v\u00e4 huulipuna, joka sis\u00e4lt\u00e4\u00e4 ravitsevia ainesosia, kuten auringonkukka\u00f6ljy\u00e4 ja jojobaa.<br \/>Samettimainen mattakoostumus kest\u00e4\u00e4 tunteja kuivattamatta huulia.<\/p>\n<p>Setti sis\u00e4lt\u00e4\u00e4 huulipuna ja huulikyn\u00e4 yhteensopivissa v\u00e4reiss\u00e4, jotta saat tyylikk\u00e4\u00e4n lookin, joka kest\u00e4\u00e4 koko p\u00e4iv\u00e4n.&nbsp;<\/p>\n","protected":false},"excerpt":{"rendered":"<p>Bellapierre Matte Lipstick on runsaasti pigmentti\u00e4 sis\u00e4lt\u00e4v\u00e4 huulipuna, joka sis\u00e4lt\u00e4\u00e4 ravitsevia ainesosia, kuten auringonkukka\u00f6ljy\u00e4 ja jojobaa.Samettimainen mattakoostumus kest\u00e4\u00e4 tunteja kuivattamatta huulia. Setti sis\u00e4lt\u00e4\u00e4 huulipuna ja huulikyn\u00e4 yhteensopivissa v\u00e4reiss\u00e4, jotta saat tyylikk\u00e4\u00e4n lookin, joka kest\u00e4\u00e4 koko p\u00e4iv\u00e4n.&nbsp;<\/p>\n","protected":false},"featured_media":129921,"comment_status":"open","ping_status":"closed","template":"","meta":{"_trash_the_other_posts":false},"product_brand":[],"product_cat":[607],"product_tag":[2532],"berocket_brand":[1113],"class_list":{"0":"post-129922","1":"product","2":"type-product","3":"status-publish","4":"has-post-thumbnail","6":"product_cat-huulipuna","7":"product_tag-bellapierre-lipstick-liner-duo","8":"pa_brand-bellapierre","9":"pa_variantti-incognito","10":"berocket_brand-bellapierre","12":"first","13":"instock","14":"sale","15":"taxable","16":"shipping-taxable","17":"purchasable","18":"product-type-simple"},"_links":{"self":[{"href":"https:\/\/stylingagenten.com\/fi\/wp-json\/wp\/v2\/product\/129922","targetHints":{"allow":["GET"]}}],"collection":[{"href":"https:\/\/stylingagenten.com\/fi\/wp-json\/wp\/v2\/product"}],"about":[{"href":"https:\/\/stylingagenten.com\/fi\/wp-json\/wp\/v2\/types\/product"}],"replies":[{"embeddable":true,"href":"https:\/\/stylingagenten.com\/fi\/wp-json\/wp\/v2\/comments?post=129922"}],"version-history":[{"count":0,"href":"https:\/\/stylingagenten.com\/fi\/wp-json\/wp\/v2\/product\/129922\/revisions"}],"wp:featuredmedia":[{"embeddable":true,"href":"https:\/\/stylingagenten.com\/fi\/wp-json\/wp\/v2\/media\/129921"}],"wp:attachment":[{"href":"https:\/\/stylingagenten.com\/fi\/wp-json\/wp\/v2\/media?parent=129922"}],"wp:term":[{"taxonomy":"product_brand","embeddable":true,"href":"https:\/\/stylingagenten.com\/fi\/wp-json\/wp\/v2\/product_brand?post=129922"},{"taxonomy":"product_cat","embeddable":true,"href":"https:\/\/stylingagenten.com\/fi\/wp-json\/wp\/v2\/product_cat?post=129922"},{"taxonomy":"product_tag","embeddable":true,"href":"https:\/\/stylingagenten.com\/fi\/wp-json\/wp\/v2\/product_tag?post=129922"},{"taxonomy":"berocket_brand","embeddable":true,"href":"https:\/\/stylingagenten.com\/fi\/wp-json\/wp\/v2\/berocket_brand?post=129922"}],"curies":[{"name":"wp","href":"https:\/\/api.w.org\/{rel}","templated":true}]}}