{"id":129898,"date":"2025-05-18T22:20:48","date_gmt":"2025-05-18T22:20:48","guid":{"rendered":"https:\/\/staging2.stylingagenten.com\/fi\/produkt\/beauty-uk-lips-matter-no-5-wham-bam-thank-yo-8g\/"},"modified":"2025-11-27T20:02:06","modified_gmt":"2025-11-27T20:02:06","slug":"beauty-uk-lips-matter-no-5-wham-bam-thank-yo-8g","status":"publish","type":"product","link":"https:\/\/stylingagenten.com\/fi\/tuote\/beauty-uk-lips-matter-no-5-wham-bam-thank-yo-8g\/","title":{"rendered":"Beauty UK Lips Matter &#8211; No.5 Wham Bam Thank Yo 8g"},"content":{"rendered":"<p>Beauty UK Lips Matter &#8211; No.5 Wham Bam Thank Yo on ylellinen samettisen mattahuulivoide, joka lupaa intensiivist\u00e4 v\u00e4ri\u00e4 ja uskomatonta pysyvyytt\u00e4. Huulipunaa on saatavana 8 eloisaa, v\u00e4ri\u00e4 pomppivassa s\u00e4vyss\u00e4. Ainutlaatuisella koostumuksella on rikas, kermainen koostumus ja se kuivuu \u00e4\u00e4rimm\u00e4isen mattapintaisella pinnalla!<\/p>\n<p>Huulipuna No.5 Wham Bam Thank Yo<\/p>\n","protected":false},"excerpt":{"rendered":"<p>Beauty UK Lips Matter &#8211; No.5 Wham Bam Thank Yo on ylellinen samettisen mattahuulivoide, joka lupaa intensiivist\u00e4 v\u00e4ri\u00e4 ja uskomatonta pysyvyytt\u00e4. Huulipunaa on saatavana 8 eloisaa, v\u00e4ri\u00e4 pomppivassa s\u00e4vyss\u00e4. Ainutlaatuisella koostumuksella on rikas, kermainen koostumus ja se kuivuu \u00e4\u00e4rimm\u00e4isen mattapintaisella pinnalla! Huulipuna No.5 Wham Bam Thank Yo<\/p>\n","protected":false},"featured_media":129897,"comment_status":"open","ping_status":"closed","template":"","meta":{"_trash_the_other_posts":false},"product_brand":[],"product_cat":[607,1005],"product_tag":[2501],"berocket_brand":[1059],"class_list":{"0":"post-129898","1":"product","2":"type-product","3":"status-publish","4":"has-post-thumbnail","6":"product_cat-huulipuna","7":"product_cat-outlet","8":"product_tag-beauty-uk-lips-matter-8g","9":"pa_brand-beautyuk","10":"pa_variantti-no-5-wham-bam-thank-yo","11":"berocket_brand-beautyuk","13":"first","14":"instock","15":"sale","16":"taxable","17":"shipping-taxable","18":"purchasable","19":"product-type-simple"},"_links":{"self":[{"href":"https:\/\/stylingagenten.com\/fi\/wp-json\/wp\/v2\/product\/129898","targetHints":{"allow":["GET"]}}],"collection":[{"href":"https:\/\/stylingagenten.com\/fi\/wp-json\/wp\/v2\/product"}],"about":[{"href":"https:\/\/stylingagenten.com\/fi\/wp-json\/wp\/v2\/types\/product"}],"replies":[{"embeddable":true,"href":"https:\/\/stylingagenten.com\/fi\/wp-json\/wp\/v2\/comments?post=129898"}],"version-history":[{"count":0,"href":"https:\/\/stylingagenten.com\/fi\/wp-json\/wp\/v2\/product\/129898\/revisions"}],"wp:featuredmedia":[{"embeddable":true,"href":"https:\/\/stylingagenten.com\/fi\/wp-json\/wp\/v2\/media\/129897"}],"wp:attachment":[{"href":"https:\/\/stylingagenten.com\/fi\/wp-json\/wp\/v2\/media?parent=129898"}],"wp:term":[{"taxonomy":"product_brand","embeddable":true,"href":"https:\/\/stylingagenten.com\/fi\/wp-json\/wp\/v2\/product_brand?post=129898"},{"taxonomy":"product_cat","embeddable":true,"href":"https:\/\/stylingagenten.com\/fi\/wp-json\/wp\/v2\/product_cat?post=129898"},{"taxonomy":"product_tag","embeddable":true,"href":"https:\/\/stylingagenten.com\/fi\/wp-json\/wp\/v2\/product_tag?post=129898"},{"taxonomy":"berocket_brand","embeddable":true,"href":"https:\/\/stylingagenten.com\/fi\/wp-json\/wp\/v2\/berocket_brand?post=129898"}],"curies":[{"name":"wp","href":"https:\/\/api.w.org\/{rel}","templated":true}]}}