{"id":129896,"date":"2025-05-18T22:20:47","date_gmt":"2025-05-18T22:20:47","guid":{"rendered":"https:\/\/staging2.stylingagenten.com\/fi\/produkt\/elizabeth-arden-eight-hour-lip-protectant-stick-spf15-3-7g\/"},"modified":"2026-04-13T07:09:28","modified_gmt":"2026-04-13T07:09:28","slug":"elizabeth-arden-eight-hour-lip-protectant-stick-spf15-3-7g","status":"publish","type":"product","link":"https:\/\/stylingagenten.com\/fi\/tuote\/elizabeth-arden-eight-hour-lip-protectant-stick-spf15-3-7g\/","title":{"rendered":"Elizabeth Arden Eight Hour Lip Protectant Stick SPF15 3.7g"},"content":{"rendered":"<p>Elizabeth Ardenin kuuluisa Eight Hour Cream &auml;my\u00f6s&amp;aing; saatavana t\u00e4m\u00e4n suojaavana, kannettavana huulille tarkoitettuna tikkuna.&nbsp;<\/p>\n<p>Rikkastettu pehment\u00e4vill\u00e4 ainesosilla, aurinkosuojalla ja E-vitamiinilla. S&aring; anna huulten tuntua tiet\u00e4\u00e4 Eight Hour Care ja anna niille ihana kiilto samaan aikaan.<\/p>\n<p>Kosteuttaa, pehment\u00e4\u00e4 ja tekee huulistasi sile\u00e4t.<\/p>\n<p>E-vitamiini tarjoaa suojaa antioksidantteilla.<\/p>\n<p> &gt;SPF 15 suojaa auringon haitallisilta s\u00e4teilt\u00e4.<\/p>\n<p><\/p>\n","protected":false},"excerpt":{"rendered":"<p>Elizabeth Ardenin kuuluisa Eight Hour Cream &auml;my\u00f6s&amp;aing; saatavana t\u00e4m\u00e4n suojaavana, kannettavana huulille tarkoitettuna tikkuna.&nbsp; Rikkastettu pehment\u00e4vill\u00e4 ainesosilla, aurinkosuojalla ja E-vitamiinilla. S&aring; anna huulten tuntua tiet\u00e4\u00e4 Eight Hour Care ja anna niille ihana kiilto samaan aikaan. Kosteuttaa, pehment\u00e4\u00e4 ja tekee huulistasi sile\u00e4t. E-vitamiini tarjoaa suojaa antioksidantteilla. &gt;SPF 15 suojaa auringon haitallisilta s\u00e4teilt\u00e4.<\/p>\n","protected":false},"featured_media":129888,"comment_status":"open","ping_status":"closed","template":"","meta":{"_trash_the_other_posts":false},"product_brand":[],"product_cat":[607],"product_tag":[],"berocket_brand":[1303],"class_list":{"0":"post-129896","1":"product","2":"type-product","3":"status-publish","4":"has-post-thumbnail","6":"product_cat-huulipuna","7":"pa_brand-elizabeth-arden","8":"berocket_brand-elizabeth-arden","10":"first","11":"instock","12":"sale","13":"taxable","14":"shipping-taxable","15":"purchasable","16":"product-type-simple"},"_links":{"self":[{"href":"https:\/\/stylingagenten.com\/fi\/wp-json\/wp\/v2\/product\/129896","targetHints":{"allow":["GET"]}}],"collection":[{"href":"https:\/\/stylingagenten.com\/fi\/wp-json\/wp\/v2\/product"}],"about":[{"href":"https:\/\/stylingagenten.com\/fi\/wp-json\/wp\/v2\/types\/product"}],"replies":[{"embeddable":true,"href":"https:\/\/stylingagenten.com\/fi\/wp-json\/wp\/v2\/comments?post=129896"}],"version-history":[{"count":0,"href":"https:\/\/stylingagenten.com\/fi\/wp-json\/wp\/v2\/product\/129896\/revisions"}],"wp:featuredmedia":[{"embeddable":true,"href":"https:\/\/stylingagenten.com\/fi\/wp-json\/wp\/v2\/media\/129888"}],"wp:attachment":[{"href":"https:\/\/stylingagenten.com\/fi\/wp-json\/wp\/v2\/media?parent=129896"}],"wp:term":[{"taxonomy":"product_brand","embeddable":true,"href":"https:\/\/stylingagenten.com\/fi\/wp-json\/wp\/v2\/product_brand?post=129896"},{"taxonomy":"product_cat","embeddable":true,"href":"https:\/\/stylingagenten.com\/fi\/wp-json\/wp\/v2\/product_cat?post=129896"},{"taxonomy":"product_tag","embeddable":true,"href":"https:\/\/stylingagenten.com\/fi\/wp-json\/wp\/v2\/product_tag?post=129896"},{"taxonomy":"berocket_brand","embeddable":true,"href":"https:\/\/stylingagenten.com\/fi\/wp-json\/wp\/v2\/berocket_brand?post=129896"}],"curies":[{"name":"wp","href":"https:\/\/api.w.org\/{rel}","templated":true}]}}