{"id":129731,"date":"2025-05-18T22:20:15","date_gmt":"2025-05-18T22:20:15","guid":{"rendered":"https:\/\/staging2.stylingagenten.com\/fi\/produkt\/nyx-prof-makeup-soft-matte-lip-cream-athens\/"},"modified":"2026-03-16T12:07:55","modified_gmt":"2026-03-16T12:07:55","slug":"nyx-prof-makeup-soft-matte-lip-cream-athens","status":"publish","type":"product","link":"https:\/\/stylingagenten.com\/fi\/tuote\/nyx-prof-makeup-soft-matte-lip-cream-athens\/","title":{"rendered":"NYX PROF. MAKEUP Soft Matte Lip Cream Athens"},"content":{"rendered":"<p>NYX PROFESSIONAL MAKEUP Soft Matte Lip Cream Athens \u2013 Se ei ole huulipuna eik\u00e4 huulikiilto, se on huulipunavoide! Silkkisen koostumuksen ja pehmeiden mattav\u00e4rien ansiosta n\u00e4m\u00e4 pitk\u00e4kestoiset huulivoiteet pit\u00e4v\u00e4t huulesi kosteutettuina ja v\u00e4rikk\u00e4in\u00e4 koko p\u00e4iv\u00e4n. Sis\u00e4lt\u00f6: 6,5 g<\/p>\n","protected":false},"excerpt":{"rendered":"<p>NYX PROFESSIONAL MAKEUP Soft Matte Lip Cream Athens \u2013 Se ei ole huulipuna eik\u00e4 huulikiilto, se on huulipunavoide! Silkkisen koostumuksen ja pehmeiden mattav\u00e4rien ansiosta n\u00e4m\u00e4 pitk\u00e4kestoiset huulivoiteet pit\u00e4v\u00e4t huulesi kosteutettuina ja v\u00e4rikk\u00e4in\u00e4 koko p\u00e4iv\u00e4n. Sis\u00e4lt\u00f6: 6,5 g<\/p>\n","protected":false},"featured_media":129729,"comment_status":"open","ping_status":"closed","template":"","meta":{"_trash_the_other_posts":false},"product_brand":[],"product_cat":[607],"product_tag":[3699],"berocket_brand":[1025],"class_list":{"0":"post-129731","1":"product","2":"type-product","3":"status-publish","4":"has-post-thumbnail","6":"product_cat-huulipuna","7":"product_tag-nyx-prof-makeup-soft-matte-lip-cream","8":"pa_brand-nyx","9":"pa_variantti-athens","10":"berocket_brand-nyx","12":"first","13":"instock","14":"sale","15":"taxable","16":"shipping-taxable","17":"purchasable","18":"product-type-simple"},"_links":{"self":[{"href":"https:\/\/stylingagenten.com\/fi\/wp-json\/wp\/v2\/product\/129731","targetHints":{"allow":["GET"]}}],"collection":[{"href":"https:\/\/stylingagenten.com\/fi\/wp-json\/wp\/v2\/product"}],"about":[{"href":"https:\/\/stylingagenten.com\/fi\/wp-json\/wp\/v2\/types\/product"}],"replies":[{"embeddable":true,"href":"https:\/\/stylingagenten.com\/fi\/wp-json\/wp\/v2\/comments?post=129731"}],"version-history":[{"count":0,"href":"https:\/\/stylingagenten.com\/fi\/wp-json\/wp\/v2\/product\/129731\/revisions"}],"wp:featuredmedia":[{"embeddable":true,"href":"https:\/\/stylingagenten.com\/fi\/wp-json\/wp\/v2\/media\/129729"}],"wp:attachment":[{"href":"https:\/\/stylingagenten.com\/fi\/wp-json\/wp\/v2\/media?parent=129731"}],"wp:term":[{"taxonomy":"product_brand","embeddable":true,"href":"https:\/\/stylingagenten.com\/fi\/wp-json\/wp\/v2\/product_brand?post=129731"},{"taxonomy":"product_cat","embeddable":true,"href":"https:\/\/stylingagenten.com\/fi\/wp-json\/wp\/v2\/product_cat?post=129731"},{"taxonomy":"product_tag","embeddable":true,"href":"https:\/\/stylingagenten.com\/fi\/wp-json\/wp\/v2\/product_tag?post=129731"},{"taxonomy":"berocket_brand","embeddable":true,"href":"https:\/\/stylingagenten.com\/fi\/wp-json\/wp\/v2\/berocket_brand?post=129731"}],"curies":[{"name":"wp","href":"https:\/\/api.w.org\/{rel}","templated":true}]}}