{"id":129691,"date":"2025-05-18T22:20:05","date_gmt":"2025-05-18T22:20:05","guid":{"rendered":"https:\/\/staging2.stylingagenten.com\/fi\/produkt\/nyx-prof-makeup-soft-matte-lip-cream-san-paolo\/"},"modified":"2025-11-19T11:00:43","modified_gmt":"2025-11-19T11:00:43","slug":"nyx-prof-makeup-soft-matte-lip-cream-san-paolo","status":"publish","type":"product","link":"https:\/\/stylingagenten.com\/fi\/tuote\/nyx-prof-makeup-soft-matte-lip-cream-san-paolo\/","title":{"rendered":"NYX PROF. MAKEUP Soft Matte Lip Cream San Paolo"},"content":{"rendered":"<p>NYX PROFESSIONAL MAKEUP Soft Matte Lip Cream San Paolo &#8211; Se ei ole huulipuna eik\u00e4 huulikiilto, se on huulipunavoide! Silkkisen koostumuksen ja pehmeiden mattav\u00e4rien ansiosta n\u00e4m\u00e4 pitk\u00e4kestoiset huulivoiteet pit\u00e4v\u00e4t huulesi kosteutettuina ja v\u00e4rj\u00e4ttyin\u00e4 koko p\u00e4iv\u00e4n. Sis\u00e4lt\u00f6: 6,5 g<\/p>\n","protected":false},"excerpt":{"rendered":"<p>NYX PROFESSIONAL MAKEUP Soft Matte Lip Cream San Paolo &#8211; Se ei ole huulipuna eik\u00e4 huulikiilto, se on huulipunavoide! Silkkisen koostumuksen ja pehmeiden mattav\u00e4rien ansiosta n\u00e4m\u00e4 pitk\u00e4kestoiset huulivoiteet pit\u00e4v\u00e4t huulesi kosteutettuina ja v\u00e4rj\u00e4ttyin\u00e4 koko p\u00e4iv\u00e4n. Sis\u00e4lt\u00f6: 6,5 g<\/p>\n","protected":false},"featured_media":129690,"comment_status":"open","ping_status":"closed","template":"","meta":{"_trash_the_other_posts":false},"product_brand":[],"product_cat":[607],"product_tag":[3699],"berocket_brand":[1025],"class_list":{"0":"post-129691","1":"product","2":"type-product","3":"status-publish","4":"has-post-thumbnail","6":"product_cat-huulipuna","7":"product_tag-nyx-prof-makeup-soft-matte-lip-cream","8":"pa_brand-nyx","9":"pa_variantti-san-paolo","10":"berocket_brand-nyx","12":"first","13":"instock","14":"sale","15":"taxable","16":"shipping-taxable","17":"purchasable","18":"product-type-simple"},"_links":{"self":[{"href":"https:\/\/stylingagenten.com\/fi\/wp-json\/wp\/v2\/product\/129691","targetHints":{"allow":["GET"]}}],"collection":[{"href":"https:\/\/stylingagenten.com\/fi\/wp-json\/wp\/v2\/product"}],"about":[{"href":"https:\/\/stylingagenten.com\/fi\/wp-json\/wp\/v2\/types\/product"}],"replies":[{"embeddable":true,"href":"https:\/\/stylingagenten.com\/fi\/wp-json\/wp\/v2\/comments?post=129691"}],"version-history":[{"count":0,"href":"https:\/\/stylingagenten.com\/fi\/wp-json\/wp\/v2\/product\/129691\/revisions"}],"wp:featuredmedia":[{"embeddable":true,"href":"https:\/\/stylingagenten.com\/fi\/wp-json\/wp\/v2\/media\/129690"}],"wp:attachment":[{"href":"https:\/\/stylingagenten.com\/fi\/wp-json\/wp\/v2\/media?parent=129691"}],"wp:term":[{"taxonomy":"product_brand","embeddable":true,"href":"https:\/\/stylingagenten.com\/fi\/wp-json\/wp\/v2\/product_brand?post=129691"},{"taxonomy":"product_cat","embeddable":true,"href":"https:\/\/stylingagenten.com\/fi\/wp-json\/wp\/v2\/product_cat?post=129691"},{"taxonomy":"product_tag","embeddable":true,"href":"https:\/\/stylingagenten.com\/fi\/wp-json\/wp\/v2\/product_tag?post=129691"},{"taxonomy":"berocket_brand","embeddable":true,"href":"https:\/\/stylingagenten.com\/fi\/wp-json\/wp\/v2\/berocket_brand?post=129691"}],"curies":[{"name":"wp","href":"https:\/\/api.w.org\/{rel}","templated":true}]}}