{"id":129626,"date":"2025-05-18T22:19:50","date_gmt":"2025-05-18T22:19:50","guid":{"rendered":"https:\/\/staging2.stylingagenten.com\/fi\/produkt\/max-factor-colour-elixir-lipstick-velvet-matte-lipstick-raisin-65\/"},"modified":"2026-03-02T16:07:41","modified_gmt":"2026-03-02T16:07:41","slug":"max-factor-colour-elixir-lipstick-velvet-matte-lipstick-raisin-65","status":"publish","type":"product","link":"https:\/\/stylingagenten.com\/fi\/tuote\/max-factor-colour-elixir-lipstick-velvet-matte-lipstick-raisin-65\/","title":{"rendered":"Max Factor Colour Elixir Lipstick Velvet Matte Lipstick Raisin 65"},"content":{"rendered":"<p>Max Factor Color Elixir Lipstick Velvet Matte Lipstick Raisin 65 on t\u00e4ydellinen sinulle, joka rakastat huulipunaa, jossa on paljon kaunista v\u00e4ri\u00e4 ja miellytt\u00e4v\u00e4n tuntuista, joka kest\u00e4\u00e4 pitk\u00e4\u00e4n. T\u00e4m\u00e4 v\u00e4riintensiivinen, mattahuulipuna antaa kauniin lopputuloksen yhdell\u00e4 vedolla, on helppo levitt\u00e4\u00e4 tarkasti ja tuntuu mukavalta koko p\u00e4iv\u00e4n.<br \/>&#8211;<br \/>Max Factor Color Elixir Lipstick Velvet Matte on vegaaninen ja t\u00e4ynn\u00e4 ihoa hoitavia ainesosia , mukaan lukien a. risiini\u00f6ljy\u00e4, aloe veraa, sheavoita ja avokado\u00f6ljy\u00e4. Huulipuna on rikastettu luonnollisella kosteuttavalla kompleksilla, joka saa huulet tuntumaan kosteutetuilta koko p\u00e4iv\u00e4n, jopa huulipunan poistamisen j\u00e4lkeen! Kermainen ja kevyt koostumus tarkoittaa, ett\u00e4 huulipuna liukuu helposti huulten yli ja antaa t\u00e4yden peitt\u00e4vyyden yhdell\u00e4 vedolla.<\/p>\n","protected":false},"excerpt":{"rendered":"<p>Max Factor Color Elixir Lipstick Velvet Matte Lipstick Raisin 65 on t\u00e4ydellinen sinulle, joka rakastat huulipunaa, jossa on paljon kaunista v\u00e4ri\u00e4 ja miellytt\u00e4v\u00e4n tuntuista, joka kest\u00e4\u00e4 pitk\u00e4\u00e4n. T\u00e4m\u00e4 v\u00e4riintensiivinen, mattahuulipuna antaa kauniin lopputuloksen yhdell\u00e4 vedolla, on helppo levitt\u00e4\u00e4 tarkasti ja tuntuu mukavalta koko p\u00e4iv\u00e4n.&#8211;Max Factor Color Elixir Lipstick Velvet Matte on vegaaninen ja t\u00e4ynn\u00e4 ihoa [&hellip;]<\/p>\n","protected":false},"featured_media":129614,"comment_status":"open","ping_status":"closed","template":"","meta":{"_trash_the_other_posts":false},"product_brand":[],"product_cat":[607],"product_tag":[3470],"berocket_brand":[1013],"class_list":{"0":"post-129626","1":"product","2":"type-product","3":"status-publish","4":"has-post-thumbnail","6":"product_cat-huulipuna","7":"product_tag-max-factor-colour-elixir-lipstick-velvet-matte-lipstick","8":"pa_brand-max-factor","9":"pa_variantti-raisin-65","10":"berocket_brand-max-factor","12":"first","13":"instock","14":"sale","15":"taxable","16":"shipping-taxable","17":"purchasable","18":"product-type-simple"},"_links":{"self":[{"href":"https:\/\/stylingagenten.com\/fi\/wp-json\/wp\/v2\/product\/129626","targetHints":{"allow":["GET"]}}],"collection":[{"href":"https:\/\/stylingagenten.com\/fi\/wp-json\/wp\/v2\/product"}],"about":[{"href":"https:\/\/stylingagenten.com\/fi\/wp-json\/wp\/v2\/types\/product"}],"replies":[{"embeddable":true,"href":"https:\/\/stylingagenten.com\/fi\/wp-json\/wp\/v2\/comments?post=129626"}],"version-history":[{"count":0,"href":"https:\/\/stylingagenten.com\/fi\/wp-json\/wp\/v2\/product\/129626\/revisions"}],"wp:featuredmedia":[{"embeddable":true,"href":"https:\/\/stylingagenten.com\/fi\/wp-json\/wp\/v2\/media\/129614"}],"wp:attachment":[{"href":"https:\/\/stylingagenten.com\/fi\/wp-json\/wp\/v2\/media?parent=129626"}],"wp:term":[{"taxonomy":"product_brand","embeddable":true,"href":"https:\/\/stylingagenten.com\/fi\/wp-json\/wp\/v2\/product_brand?post=129626"},{"taxonomy":"product_cat","embeddable":true,"href":"https:\/\/stylingagenten.com\/fi\/wp-json\/wp\/v2\/product_cat?post=129626"},{"taxonomy":"product_tag","embeddable":true,"href":"https:\/\/stylingagenten.com\/fi\/wp-json\/wp\/v2\/product_tag?post=129626"},{"taxonomy":"berocket_brand","embeddable":true,"href":"https:\/\/stylingagenten.com\/fi\/wp-json\/wp\/v2\/berocket_brand?post=129626"}],"curies":[{"name":"wp","href":"https:\/\/api.w.org\/{rel}","templated":true}]}}