{"id":129280,"date":"2025-05-18T22:18:43","date_gmt":"2025-05-18T22:18:43","guid":{"rendered":"https:\/\/staging2.stylingagenten.com\/fi\/produkt\/nyx-prof-makeup-shine-loud-pro-pigment-lip-shine-never-basic\/"},"modified":"2025-11-19T11:51:08","modified_gmt":"2025-11-19T11:51:08","slug":"nyx-prof-makeup-shine-loud-pro-pigment-lip-shine-never-basic","status":"publish","type":"product","link":"https:\/\/stylingagenten.com\/fi\/tuote\/nyx-prof-makeup-shine-loud-pro-pigment-lip-shine-never-basic\/","title":{"rendered":"NYX PROF. MAKEUP Shine Loud Pro Pigment Lip Shine &#8211; Never Basic"},"content":{"rendered":"<p><strong>16h LOUD SHINE LIP COLOR!<\/strong><\/p>\n<p>T\u00e4m\u00e4 on NYX:n ensimm\u00e4inen eritt\u00e4in pigmentoitunut huuliv\u00e4ri, jossa on kiilto ja jopa 16 tunnin k\u00e4ytt\u00f6ik\u00e4; Ei tahroja, ei tartu hienoihin juonteisiin, ei v\u00e4rih\u00e4vi\u00f6it\u00e4: voit suudella, juoda, heitell\u00e4 hiuksiasi, jopa k\u00e4ytt\u00e4\u00e4 niit\u00e4 naamion alla!<\/p>\n<p>Kevyt ja mukava; m p&aring; Huulille t\u00e4m\u00e4 vegaaninen koostumus antaa lakaisuisen, eritt\u00e4in pigmenttisen v\u00e4rin ja tahrattoman kiilt\u00e4v\u00e4n lopputuloksen. Yhdist\u00e4 vain eritt\u00e4in pigmenttinen perusv\u00e4ri, johon on infusoitu ihoa rakastavia \u00f6ljyj\u00e4*, eritt\u00e4in heijastavan ja tarttumattoman p\u00e4\u00e4llyslakin ** kanssa saadaksesi kiiltoa, jonka olet koskaan n\u00e4hnyt!<\/p>\n<p><\/p>\n<p>Sis\u00e4lt\u00f6: 2 x 3,4 ml&nbsp;<\/p>\n<p>* makadamiansiemen\u00f6ljyll\u00e4, korianterin hedelm\u00e4\u00f6ljyll\u00e4, jojobansiemen\u00f6ljyll\u00e4, aprikoosi\u00f6ljyll\u00e4, passionhedelm\u00e4n siemen\u00f6ljyll\u00e4 ** t\u00e4ynn\u00e4 E-vitamiinijohdannaisia<\/p>\n","protected":false},"excerpt":{"rendered":"<p>16h LOUD SHINE LIP COLOR! T\u00e4m\u00e4 on NYX:n ensimm\u00e4inen eritt\u00e4in pigmentoitunut huuliv\u00e4ri, jossa on kiilto ja jopa 16 tunnin k\u00e4ytt\u00f6ik\u00e4; Ei tahroja, ei tartu hienoihin juonteisiin, ei v\u00e4rih\u00e4vi\u00f6it\u00e4: voit suudella, juoda, heitell\u00e4 hiuksiasi, jopa k\u00e4ytt\u00e4\u00e4 niit\u00e4 naamion alla! Kevyt ja mukava; m p&aring; Huulille t\u00e4m\u00e4 vegaaninen koostumus antaa lakaisuisen, eritt\u00e4in pigmenttisen v\u00e4rin ja tahrattoman kiilt\u00e4v\u00e4n [&hellip;]<\/p>\n","protected":false},"featured_media":129250,"comment_status":"open","ping_status":"closed","template":"","meta":{"_trash_the_other_posts":false},"product_brand":[],"product_cat":[607,717],"product_tag":[3696],"berocket_brand":[1025],"class_list":{"0":"post-129280","1":"product","2":"type-product","3":"status-publish","4":"has-post-thumbnail","6":"product_cat-huulipuna","7":"product_cat-virustuotteet","8":"product_tag-nyx-prof-makeup-shine-loud-pro-pigment-lip-shine","9":"pa_brand-nyx","10":"pa_variantti-never-basic","11":"berocket_brand-nyx","13":"first","14":"instock","15":"sale","16":"taxable","17":"shipping-taxable","18":"purchasable","19":"product-type-simple"},"_links":{"self":[{"href":"https:\/\/stylingagenten.com\/fi\/wp-json\/wp\/v2\/product\/129280","targetHints":{"allow":["GET"]}}],"collection":[{"href":"https:\/\/stylingagenten.com\/fi\/wp-json\/wp\/v2\/product"}],"about":[{"href":"https:\/\/stylingagenten.com\/fi\/wp-json\/wp\/v2\/types\/product"}],"replies":[{"embeddable":true,"href":"https:\/\/stylingagenten.com\/fi\/wp-json\/wp\/v2\/comments?post=129280"}],"version-history":[{"count":0,"href":"https:\/\/stylingagenten.com\/fi\/wp-json\/wp\/v2\/product\/129280\/revisions"}],"wp:featuredmedia":[{"embeddable":true,"href":"https:\/\/stylingagenten.com\/fi\/wp-json\/wp\/v2\/media\/129250"}],"wp:attachment":[{"href":"https:\/\/stylingagenten.com\/fi\/wp-json\/wp\/v2\/media?parent=129280"}],"wp:term":[{"taxonomy":"product_brand","embeddable":true,"href":"https:\/\/stylingagenten.com\/fi\/wp-json\/wp\/v2\/product_brand?post=129280"},{"taxonomy":"product_cat","embeddable":true,"href":"https:\/\/stylingagenten.com\/fi\/wp-json\/wp\/v2\/product_cat?post=129280"},{"taxonomy":"product_tag","embeddable":true,"href":"https:\/\/stylingagenten.com\/fi\/wp-json\/wp\/v2\/product_tag?post=129280"},{"taxonomy":"berocket_brand","embeddable":true,"href":"https:\/\/stylingagenten.com\/fi\/wp-json\/wp\/v2\/berocket_brand?post=129280"}],"curies":[{"name":"wp","href":"https:\/\/api.w.org\/{rel}","templated":true}]}}