{"id":129132,"date":"2025-05-18T22:18:17","date_gmt":"2025-05-18T22:18:17","guid":{"rendered":"https:\/\/staging2.stylingagenten.com\/fi\/produkt\/nyx-prof-makeup-butter-gloss-13-fortune-cookie\/"},"modified":"2025-11-19T10:58:04","modified_gmt":"2025-11-19T10:58:04","slug":"nyx-prof-makeup-butter-gloss-13-fortune-cookie","status":"publish","type":"product","link":"https:\/\/stylingagenten.com\/fi\/tuote\/nyx-prof-makeup-butter-gloss-13-fortune-cookie\/","title":{"rendered":"NYX PROF. MAKEUP Butter Gloss &#8211; Fortune Cookie"},"content":{"rendered":"<p>NYX PROFESSIONAL MAKEUP Butter Gloss Fortune Cookie on silkinpehme\u00e4 ja saa huulet n\u00e4ytt\u00e4m\u00e4\u00e4n uskomattoman herkulliselta! K\u00e4yt\u00e4 sellaisenaan tai suosikkihuulipunasi p\u00e4\u00e4lle saadaksesi kermaisen kiillon, joka sulaa ihoon. huulesi. NYX Butter Gloss ei ole tahmeaa.<\/p>\n<p>Sis\u00e4lt\u00f6: 8 ml<\/p>\n","protected":false},"excerpt":{"rendered":"<p>NYX PROFESSIONAL MAKEUP Butter Gloss Fortune Cookie on silkinpehme\u00e4 ja saa huulet n\u00e4ytt\u00e4m\u00e4\u00e4n uskomattoman herkulliselta! K\u00e4yt\u00e4 sellaisenaan tai suosikkihuulipunasi p\u00e4\u00e4lle saadaksesi kermaisen kiillon, joka sulaa ihoon. huulesi. NYX Butter Gloss ei ole tahmeaa. Sis\u00e4lt\u00f6: 8 ml<\/p>\n","protected":false},"featured_media":129123,"comment_status":"open","ping_status":"closed","template":"","meta":{"_trash_the_other_posts":false},"product_brand":[],"product_cat":[599],"product_tag":[3653],"berocket_brand":[1025],"class_list":{"0":"post-129132","1":"product","2":"type-product","3":"status-publish","4":"has-post-thumbnail","6":"product_cat-huulikiilto","7":"product_tag-nyx-prof-makeup-butter-gloss","8":"pa_brand-nyx","9":"pa_variantti-13-fortune-cookie","10":"berocket_brand-nyx","12":"first","13":"instock","14":"sale","15":"taxable","16":"shipping-taxable","17":"purchasable","18":"product-type-simple"},"_links":{"self":[{"href":"https:\/\/stylingagenten.com\/fi\/wp-json\/wp\/v2\/product\/129132","targetHints":{"allow":["GET"]}}],"collection":[{"href":"https:\/\/stylingagenten.com\/fi\/wp-json\/wp\/v2\/product"}],"about":[{"href":"https:\/\/stylingagenten.com\/fi\/wp-json\/wp\/v2\/types\/product"}],"replies":[{"embeddable":true,"href":"https:\/\/stylingagenten.com\/fi\/wp-json\/wp\/v2\/comments?post=129132"}],"version-history":[{"count":0,"href":"https:\/\/stylingagenten.com\/fi\/wp-json\/wp\/v2\/product\/129132\/revisions"}],"wp:featuredmedia":[{"embeddable":true,"href":"https:\/\/stylingagenten.com\/fi\/wp-json\/wp\/v2\/media\/129123"}],"wp:attachment":[{"href":"https:\/\/stylingagenten.com\/fi\/wp-json\/wp\/v2\/media?parent=129132"}],"wp:term":[{"taxonomy":"product_brand","embeddable":true,"href":"https:\/\/stylingagenten.com\/fi\/wp-json\/wp\/v2\/product_brand?post=129132"},{"taxonomy":"product_cat","embeddable":true,"href":"https:\/\/stylingagenten.com\/fi\/wp-json\/wp\/v2\/product_cat?post=129132"},{"taxonomy":"product_tag","embeddable":true,"href":"https:\/\/stylingagenten.com\/fi\/wp-json\/wp\/v2\/product_tag?post=129132"},{"taxonomy":"berocket_brand","embeddable":true,"href":"https:\/\/stylingagenten.com\/fi\/wp-json\/wp\/v2\/berocket_brand?post=129132"}],"curies":[{"name":"wp","href":"https:\/\/api.w.org\/{rel}","templated":true}]}}