{"id":129119,"date":"2025-05-18T22:18:15","date_gmt":"2025-05-18T22:18:15","guid":{"rendered":"https:\/\/staging2.stylingagenten.com\/fi\/produkt\/max-factor-colour-elixir-lip-cushion-035-baby-star-coral-lip-gloss\/"},"modified":"2026-04-12T17:59:14","modified_gmt":"2026-04-12T17:59:14","slug":"max-factor-colour-elixir-lip-cushion-035-baby-star-coral-lip-gloss","status":"publish","type":"product","link":"https:\/\/stylingagenten.com\/fi\/tuote\/max-factor-colour-elixir-lip-cushion-035-baby-star-coral-lip-gloss\/","title":{"rendered":"Max Factor Colour Elixir Lip Cushion &#8211; 035 Baby Star Coral Lip Gloss"},"content":{"rendered":"<p>Max Factor Color Elixir Lip Cushion on ravitseva huulikiilto, joka sis\u00e4lt\u00e4\u00e4 E-vitamiinia ja antioksidantteja, jotka auttavat pit\u00e4m\u00e4\u00e4n huulet pehmein\u00e4. K\u00e4yt\u00e4nn\u00f6llinen tyynyapplikaattori tekee huulikiilosta helpon ja miellytt\u00e4v\u00e4n levitt\u00e4\u00e4.<\/p>\n","protected":false},"excerpt":{"rendered":"<p>Max Factor Color Elixir Lip Cushion on ravitseva huulikiilto, joka sis\u00e4lt\u00e4\u00e4 E-vitamiinia ja antioksidantteja, jotka auttavat pit\u00e4m\u00e4\u00e4n huulet pehmein\u00e4. K\u00e4yt\u00e4nn\u00f6llinen tyynyapplikaattori tekee huulikiilosta helpon ja miellytt\u00e4v\u00e4n levitt\u00e4\u00e4.<\/p>\n","protected":false},"featured_media":129115,"comment_status":"open","ping_status":"closed","template":"","meta":{"_trash_the_other_posts":false},"product_brand":[],"product_cat":[599],"product_tag":[3466],"berocket_brand":[1013],"class_list":{"0":"post-129119","1":"product","2":"type-product","3":"status-publish","4":"has-post-thumbnail","6":"product_cat-huulikiilto","7":"product_tag-max-factor-colour-elixir-lip-cushion-lip-gloss","8":"pa_brand-max-factor","9":"pa_variantti-035-baby-star-coral","10":"berocket_brand-max-factor","12":"first","13":"instock","14":"sale","15":"taxable","16":"shipping-taxable","17":"purchasable","18":"product-type-simple"},"_links":{"self":[{"href":"https:\/\/stylingagenten.com\/fi\/wp-json\/wp\/v2\/product\/129119","targetHints":{"allow":["GET"]}}],"collection":[{"href":"https:\/\/stylingagenten.com\/fi\/wp-json\/wp\/v2\/product"}],"about":[{"href":"https:\/\/stylingagenten.com\/fi\/wp-json\/wp\/v2\/types\/product"}],"replies":[{"embeddable":true,"href":"https:\/\/stylingagenten.com\/fi\/wp-json\/wp\/v2\/comments?post=129119"}],"version-history":[{"count":0,"href":"https:\/\/stylingagenten.com\/fi\/wp-json\/wp\/v2\/product\/129119\/revisions"}],"wp:featuredmedia":[{"embeddable":true,"href":"https:\/\/stylingagenten.com\/fi\/wp-json\/wp\/v2\/media\/129115"}],"wp:attachment":[{"href":"https:\/\/stylingagenten.com\/fi\/wp-json\/wp\/v2\/media?parent=129119"}],"wp:term":[{"taxonomy":"product_brand","embeddable":true,"href":"https:\/\/stylingagenten.com\/fi\/wp-json\/wp\/v2\/product_brand?post=129119"},{"taxonomy":"product_cat","embeddable":true,"href":"https:\/\/stylingagenten.com\/fi\/wp-json\/wp\/v2\/product_cat?post=129119"},{"taxonomy":"product_tag","embeddable":true,"href":"https:\/\/stylingagenten.com\/fi\/wp-json\/wp\/v2\/product_tag?post=129119"},{"taxonomy":"berocket_brand","embeddable":true,"href":"https:\/\/stylingagenten.com\/fi\/wp-json\/wp\/v2\/berocket_brand?post=129119"}],"curies":[{"name":"wp","href":"https:\/\/api.w.org\/{rel}","templated":true}]}}