{"id":129042,"date":"2025-05-18T22:17:54","date_gmt":"2025-05-18T22:17:54","guid":{"rendered":"https:\/\/staging2.stylingagenten.com\/fi\/produkt\/maybelline-lifter-gloss-005-petal\/"},"modified":"2026-03-16T21:17:31","modified_gmt":"2026-03-16T21:17:31","slug":"maybelline-lifter-gloss-005-petal","status":"publish","type":"product","link":"https:\/\/stylingagenten.com\/fi\/tuote\/maybelline-lifter-gloss-005-petal\/","title":{"rendered":"Maybelline Lifter Gloss &#8211; 005 Petal"},"content":{"rendered":"<p>Lifter Gloss on kosteuttava huulikiilto hyaluronihapolla, joka auttaa sitomaan kosteutta. Huulikiilto pehment\u00e4\u00e4 ja kohottaa hell\u00e4sti huulia; ett\u00e4 ne n\u00e4ytt\u00e4v\u00e4t t\u00e4ytel\u00e4isemmilt\u00e4.<\/p>\n","protected":false},"excerpt":{"rendered":"<p>Lifter Gloss on kosteuttava huulikiilto hyaluronihapolla, joka auttaa sitomaan kosteutta. Huulikiilto pehment\u00e4\u00e4 ja kohottaa hell\u00e4sti huulia; ett\u00e4 ne n\u00e4ytt\u00e4v\u00e4t t\u00e4ytel\u00e4isemmilt\u00e4.<\/p>\n","protected":false},"featured_media":129029,"comment_status":"open","ping_status":"closed","template":"","meta":{"_trash_the_other_posts":false},"product_brand":[],"product_cat":[599],"product_tag":[3508],"berocket_brand":[1016],"class_list":{"0":"post-129042","1":"product","2":"type-product","3":"status-publish","4":"has-post-thumbnail","6":"product_cat-huulikiilto","7":"product_tag-maybelline-lifter-gloss","8":"pa_brand-maybelline","9":"pa_variantti-005-petal","10":"berocket_brand-maybelline","12":"first","13":"instock","14":"sale","15":"taxable","16":"shipping-taxable","17":"purchasable","18":"product-type-simple"},"_links":{"self":[{"href":"https:\/\/stylingagenten.com\/fi\/wp-json\/wp\/v2\/product\/129042","targetHints":{"allow":["GET"]}}],"collection":[{"href":"https:\/\/stylingagenten.com\/fi\/wp-json\/wp\/v2\/product"}],"about":[{"href":"https:\/\/stylingagenten.com\/fi\/wp-json\/wp\/v2\/types\/product"}],"replies":[{"embeddable":true,"href":"https:\/\/stylingagenten.com\/fi\/wp-json\/wp\/v2\/comments?post=129042"}],"version-history":[{"count":0,"href":"https:\/\/stylingagenten.com\/fi\/wp-json\/wp\/v2\/product\/129042\/revisions"}],"wp:featuredmedia":[{"embeddable":true,"href":"https:\/\/stylingagenten.com\/fi\/wp-json\/wp\/v2\/media\/129029"}],"wp:attachment":[{"href":"https:\/\/stylingagenten.com\/fi\/wp-json\/wp\/v2\/media?parent=129042"}],"wp:term":[{"taxonomy":"product_brand","embeddable":true,"href":"https:\/\/stylingagenten.com\/fi\/wp-json\/wp\/v2\/product_brand?post=129042"},{"taxonomy":"product_cat","embeddable":true,"href":"https:\/\/stylingagenten.com\/fi\/wp-json\/wp\/v2\/product_cat?post=129042"},{"taxonomy":"product_tag","embeddable":true,"href":"https:\/\/stylingagenten.com\/fi\/wp-json\/wp\/v2\/product_tag?post=129042"},{"taxonomy":"berocket_brand","embeddable":true,"href":"https:\/\/stylingagenten.com\/fi\/wp-json\/wp\/v2\/berocket_brand?post=129042"}],"curies":[{"name":"wp","href":"https:\/\/api.w.org\/{rel}","templated":true}]}}