{"id":128981,"date":"2025-05-18T22:17:41","date_gmt":"2025-05-18T22:17:41","guid":{"rendered":"https:\/\/staging2.stylingagenten.com\/fi\/produkt\/max-factor-colour-elixir-honey-lacquer-lip-gloss-35-blooming-berry\/"},"modified":"2026-04-03T23:18:27","modified_gmt":"2026-04-03T23:18:27","slug":"max-factor-colour-elixir-honey-lacquer-lip-gloss-35-blooming-berry","status":"publish","type":"product","link":"https:\/\/stylingagenten.com\/fi\/tuote\/max-factor-colour-elixir-honey-lacquer-lip-gloss-35-blooming-berry\/","title":{"rendered":"Max Factor Colour Elixir Honey Lacquer Lip Gloss &#8211; 35 Blooming Berry"},"content":{"rendered":"<p>Max Factorin Color Elixir Honey Lacquer on 3 in 1 nestem\u00e4inen huulipuna, jolla on ihana koostumus kuin hunaja. Se antaa v\u00e4ri\u00e4 kuin huulipuna, tuntuu pehme\u00e4lt\u00e4 kuin balsami ja antaa kiiltoa kuin huulikiilto. Saatavana useissa v\u00e4reiss\u00e4.<\/p>\n<p>\u2022Nestem\u00e4inen huulipuna<br \/>\u2022Antaa v\u00e4ri\u00e4 kuin huulipuna<br \/>\u2022Tuntuu pehme\u00e4lt\u00e4 kuin balsami<br \/>\u2022Antaa kiiltoa kuin huulikiilto<\/p>\n","protected":false},"excerpt":{"rendered":"<p>Max Factorin Color Elixir Honey Lacquer on 3 in 1 nestem\u00e4inen huulipuna, jolla on ihana koostumus kuin hunaja. Se antaa v\u00e4ri\u00e4 kuin huulipuna, tuntuu pehme\u00e4lt\u00e4 kuin balsami ja antaa kiiltoa kuin huulikiilto. Saatavana useissa v\u00e4reiss\u00e4. \u2022Nestem\u00e4inen huulipuna\u2022Antaa v\u00e4ri\u00e4 kuin huulipuna\u2022Tuntuu pehme\u00e4lt\u00e4 kuin balsami\u2022Antaa kiiltoa kuin huulikiilto<\/p>\n","protected":false},"featured_media":128973,"comment_status":"open","ping_status":"closed","template":"","meta":{"_trash_the_other_posts":false},"product_brand":[],"product_cat":[599],"product_tag":[3465],"berocket_brand":[1013],"class_list":{"0":"post-128981","1":"product","2":"type-product","3":"status-publish","4":"has-post-thumbnail","6":"product_cat-huulikiilto","7":"product_tag-max-factor-colour-elixir-honey-lacquer-lip-gloss","8":"pa_brand-max-factor","9":"pa_variantti-35-blooming-berry","10":"berocket_brand-max-factor","12":"first","13":"instock","14":"sale","15":"taxable","16":"shipping-taxable","17":"purchasable","18":"product-type-simple"},"_links":{"self":[{"href":"https:\/\/stylingagenten.com\/fi\/wp-json\/wp\/v2\/product\/128981","targetHints":{"allow":["GET"]}}],"collection":[{"href":"https:\/\/stylingagenten.com\/fi\/wp-json\/wp\/v2\/product"}],"about":[{"href":"https:\/\/stylingagenten.com\/fi\/wp-json\/wp\/v2\/types\/product"}],"replies":[{"embeddable":true,"href":"https:\/\/stylingagenten.com\/fi\/wp-json\/wp\/v2\/comments?post=128981"}],"version-history":[{"count":0,"href":"https:\/\/stylingagenten.com\/fi\/wp-json\/wp\/v2\/product\/128981\/revisions"}],"wp:featuredmedia":[{"embeddable":true,"href":"https:\/\/stylingagenten.com\/fi\/wp-json\/wp\/v2\/media\/128973"}],"wp:attachment":[{"href":"https:\/\/stylingagenten.com\/fi\/wp-json\/wp\/v2\/media?parent=128981"}],"wp:term":[{"taxonomy":"product_brand","embeddable":true,"href":"https:\/\/stylingagenten.com\/fi\/wp-json\/wp\/v2\/product_brand?post=128981"},{"taxonomy":"product_cat","embeddable":true,"href":"https:\/\/stylingagenten.com\/fi\/wp-json\/wp\/v2\/product_cat?post=128981"},{"taxonomy":"product_tag","embeddable":true,"href":"https:\/\/stylingagenten.com\/fi\/wp-json\/wp\/v2\/product_tag?post=128981"},{"taxonomy":"berocket_brand","embeddable":true,"href":"https:\/\/stylingagenten.com\/fi\/wp-json\/wp\/v2\/berocket_brand?post=128981"}],"curies":[{"name":"wp","href":"https:\/\/api.w.org\/{rel}","templated":true}]}}