{"id":128976,"date":"2025-05-18T22:17:40","date_gmt":"2025-05-18T22:17:40","guid":{"rendered":"https:\/\/staging2.stylingagenten.com\/fi\/produkt\/wet-n-wild-megalast-lipgloss-reflective-kisses\/"},"modified":"2026-02-28T18:27:44","modified_gmt":"2026-02-28T18:27:44","slug":"wet-n-wild-megalast-lipgloss-reflective-kisses","status":"publish","type":"product","link":"https:\/\/stylingagenten.com\/fi\/tuote\/wet-n-wild-megalast-lipgloss-reflective-kisses\/","title":{"rendered":"Wet n Wild Megalast Lipgloss Reflective Kisses"},"content":{"rendered":"<p>Wet n Wild Megalast -huulikiilto heijastavat suudelmat. Huulikiillon ja huulipunan t\u00e4ydellinen yhdistelm\u00e4 nestem\u00e4isess\u00e4 koostumuksessa, joka sulaa t\u00e4ydellisesti huulille ja antaa kiiltoa ja v\u00e4ri\u00e4, joka kest\u00e4\u00e4 tuntikausia. Rikastettu kosteuttavilla ja pehment\u00e4vill\u00e4 \u00f6ljyill\u00e4. Antaa upean vinyylikiillon.<\/p>\n","protected":false},"excerpt":{"rendered":"<p>Wet n Wild Megalast -huulikiilto heijastavat suudelmat. Huulikiillon ja huulipunan t\u00e4ydellinen yhdistelm\u00e4 nestem\u00e4isess\u00e4 koostumuksessa, joka sulaa t\u00e4ydellisesti huulille ja antaa kiiltoa ja v\u00e4ri\u00e4, joka kest\u00e4\u00e4 tuntikausia. Rikastettu kosteuttavilla ja pehment\u00e4vill\u00e4 \u00f6ljyill\u00e4. Antaa upean vinyylikiillon.<\/p>\n","protected":false},"featured_media":128962,"comment_status":"open","ping_status":"closed","template":"","meta":{"_trash_the_other_posts":false},"product_brand":[],"product_cat":[599],"product_tag":[4101],"berocket_brand":[1035],"class_list":{"0":"post-128976","1":"product","2":"type-product","3":"status-publish","4":"has-post-thumbnail","6":"product_cat-huulikiilto","7":"product_tag-wet-n-wild-megalast-lipgloss","8":"pa_brand-wet-n-wild","9":"pa_variantti-reflective-kisses","10":"berocket_brand-wet-n-wild","12":"first","13":"instock","14":"sale","15":"taxable","16":"shipping-taxable","17":"purchasable","18":"product-type-simple"},"_links":{"self":[{"href":"https:\/\/stylingagenten.com\/fi\/wp-json\/wp\/v2\/product\/128976","targetHints":{"allow":["GET"]}}],"collection":[{"href":"https:\/\/stylingagenten.com\/fi\/wp-json\/wp\/v2\/product"}],"about":[{"href":"https:\/\/stylingagenten.com\/fi\/wp-json\/wp\/v2\/types\/product"}],"replies":[{"embeddable":true,"href":"https:\/\/stylingagenten.com\/fi\/wp-json\/wp\/v2\/comments?post=128976"}],"version-history":[{"count":0,"href":"https:\/\/stylingagenten.com\/fi\/wp-json\/wp\/v2\/product\/128976\/revisions"}],"wp:featuredmedia":[{"embeddable":true,"href":"https:\/\/stylingagenten.com\/fi\/wp-json\/wp\/v2\/media\/128962"}],"wp:attachment":[{"href":"https:\/\/stylingagenten.com\/fi\/wp-json\/wp\/v2\/media?parent=128976"}],"wp:term":[{"taxonomy":"product_brand","embeddable":true,"href":"https:\/\/stylingagenten.com\/fi\/wp-json\/wp\/v2\/product_brand?post=128976"},{"taxonomy":"product_cat","embeddable":true,"href":"https:\/\/stylingagenten.com\/fi\/wp-json\/wp\/v2\/product_cat?post=128976"},{"taxonomy":"product_tag","embeddable":true,"href":"https:\/\/stylingagenten.com\/fi\/wp-json\/wp\/v2\/product_tag?post=128976"},{"taxonomy":"berocket_brand","embeddable":true,"href":"https:\/\/stylingagenten.com\/fi\/wp-json\/wp\/v2\/berocket_brand?post=128976"}],"curies":[{"name":"wp","href":"https:\/\/api.w.org\/{rel}","templated":true}]}}