{"id":128940,"date":"2025-05-18T22:17:33","date_gmt":"2025-05-18T22:17:33","guid":{"rendered":"https:\/\/staging2.stylingagenten.com\/fi\/produkt\/beauty-uk-glacier-gloss-no-5-tickle-me-pink\/"},"modified":"2026-02-14T09:57:07","modified_gmt":"2026-02-14T09:57:07","slug":"beauty-uk-glacier-gloss-no-5-tickle-me-pink","status":"publish","type":"product","link":"https:\/\/stylingagenten.com\/fi\/tuote\/beauty-uk-glacier-gloss-no-5-tickle-me-pink\/","title":{"rendered":"Beauty UK Glacier Gloss No.5 Tickle Me Pink"},"content":{"rendered":"<p>Glacier Gloss -sarjamme on huulikiiltokokoelma, joka lupaa upeaa tehoa, kiiltoa ja intensiivist\u00e4 v\u00e4ri\u00e4. Glacier Gloss peitt\u00e4\u00e4 huulet ylellisesti useissa eri s\u00e4vyiss\u00e4 hienostuneella ja intensiivisell\u00e4 kiilteell\u00e4.<\/p>\n<p>Silkkinen rakenne ja sile\u00e4 applikaattori tekev\u00e4t levitt\u00e4misest\u00e4 helppoa, mik\u00e4 johtaa pidemp\u00e4\u00e4n kest\u00e4v\u00e4\u00e4n ja mukavampaan k\u00e4ytt\u00f6\u00f6n.<\/p>\n","protected":false},"excerpt":{"rendered":"<p>Glacier Gloss -sarjamme on huulikiiltokokoelma, joka lupaa upeaa tehoa, kiiltoa ja intensiivist\u00e4 v\u00e4ri\u00e4. Glacier Gloss peitt\u00e4\u00e4 huulet ylellisesti useissa eri s\u00e4vyiss\u00e4 hienostuneella ja intensiivisell\u00e4 kiilteell\u00e4. Silkkinen rakenne ja sile\u00e4 applikaattori tekev\u00e4t levitt\u00e4misest\u00e4 helppoa, mik\u00e4 johtaa pidemp\u00e4\u00e4n kest\u00e4v\u00e4\u00e4n ja mukavampaan k\u00e4ytt\u00f6\u00f6n.<\/p>\n","protected":false},"featured_media":128938,"comment_status":"open","ping_status":"closed","template":"","meta":{"_trash_the_other_posts":false},"product_brand":[],"product_cat":[599],"product_tag":[2496],"berocket_brand":[1059],"class_list":{"0":"post-128940","1":"product","2":"type-product","3":"status-publish","4":"has-post-thumbnail","6":"product_cat-huulikiilto","7":"product_tag-beauty-uk-glacier-gloss","8":"pa_brand-beautyuk","9":"pa_variantti-no-5-tickle-me-pink","10":"berocket_brand-beautyuk","12":"first","13":"instock","14":"sale","15":"taxable","16":"shipping-taxable","17":"purchasable","18":"product-type-simple"},"_links":{"self":[{"href":"https:\/\/stylingagenten.com\/fi\/wp-json\/wp\/v2\/product\/128940","targetHints":{"allow":["GET"]}}],"collection":[{"href":"https:\/\/stylingagenten.com\/fi\/wp-json\/wp\/v2\/product"}],"about":[{"href":"https:\/\/stylingagenten.com\/fi\/wp-json\/wp\/v2\/types\/product"}],"replies":[{"embeddable":true,"href":"https:\/\/stylingagenten.com\/fi\/wp-json\/wp\/v2\/comments?post=128940"}],"version-history":[{"count":0,"href":"https:\/\/stylingagenten.com\/fi\/wp-json\/wp\/v2\/product\/128940\/revisions"}],"wp:featuredmedia":[{"embeddable":true,"href":"https:\/\/stylingagenten.com\/fi\/wp-json\/wp\/v2\/media\/128938"}],"wp:attachment":[{"href":"https:\/\/stylingagenten.com\/fi\/wp-json\/wp\/v2\/media?parent=128940"}],"wp:term":[{"taxonomy":"product_brand","embeddable":true,"href":"https:\/\/stylingagenten.com\/fi\/wp-json\/wp\/v2\/product_brand?post=128940"},{"taxonomy":"product_cat","embeddable":true,"href":"https:\/\/stylingagenten.com\/fi\/wp-json\/wp\/v2\/product_cat?post=128940"},{"taxonomy":"product_tag","embeddable":true,"href":"https:\/\/stylingagenten.com\/fi\/wp-json\/wp\/v2\/product_tag?post=128940"},{"taxonomy":"berocket_brand","embeddable":true,"href":"https:\/\/stylingagenten.com\/fi\/wp-json\/wp\/v2\/berocket_brand?post=128940"}],"curies":[{"name":"wp","href":"https:\/\/api.w.org\/{rel}","templated":true}]}}