{"id":128891,"date":"2025-05-18T22:17:23","date_gmt":"2025-05-18T22:17:23","guid":{"rendered":"https:\/\/staging2.stylingagenten.com\/fi\/produkt\/artdeco-color-booster-lip-balm-8-nude-3g\/"},"modified":"2026-01-08T12:37:27","modified_gmt":"2026-01-08T12:37:27","slug":"artdeco-color-booster-lip-balm-8-nude-3g","status":"publish","type":"product","link":"https:\/\/stylingagenten.com\/fi\/tuote\/artdeco-color-booster-lip-balm-8-nude-3g\/","title":{"rendered":"Artdeco Color Booster Lip Balm 8 Nude 3g"},"content":{"rendered":"<p>Artdeco Color Booster Lip Balm 8 Nude 3g<br \/>Color Booster Lip Balm on pigmenttej\u00e4 sis\u00e4lt\u00e4v\u00e4 huulirasva, joka mukautuu huultesi pH-arvoon ja vahvistaa niiden luonnollista v\u00e4ri\u00e4. Sis\u00e4lt\u00e4\u00e4 my\u00f6s ravitsevaa aprikoosinsiemen\u00f6ljy\u00e4 ja persikkauutetta, ja vihermintun tuoksu antaa ihanan virkist\u00e4v\u00e4n tunteen.<br \/>\u2022 Huulivoide, joka parantaa luonnollista v\u00e4ri\u00e4<br \/>\u2022 Aprikoosinsiemen\u00f6ljy ja persikkauute hoitaa ja kosteuttaa<br \/>\u2022 Viherminttu antaa raikkaan tunteen<\/p>\n","protected":false},"excerpt":{"rendered":"<p>Artdeco Color Booster Lip Balm 8 Nude 3gColor Booster Lip Balm on pigmenttej\u00e4 sis\u00e4lt\u00e4v\u00e4 huulirasva, joka mukautuu huultesi pH-arvoon ja vahvistaa niiden luonnollista v\u00e4ri\u00e4. Sis\u00e4lt\u00e4\u00e4 my\u00f6s ravitsevaa aprikoosinsiemen\u00f6ljy\u00e4 ja persikkauutetta, ja vihermintun tuoksu antaa ihanan virkist\u00e4v\u00e4n tunteen.\u2022 Huulivoide, joka parantaa luonnollista v\u00e4ri\u00e4\u2022 Aprikoosinsiemen\u00f6ljy ja persikkauute hoitaa ja kosteuttaa\u2022 Viherminttu antaa raikkaan tunteen<\/p>\n","protected":false},"featured_media":128889,"comment_status":"open","ping_status":"closed","template":"","meta":{"_trash_the_other_posts":false},"product_brand":[],"product_cat":[599],"product_tag":[2437],"berocket_brand":[1385],"class_list":{"0":"post-128891","1":"product","2":"type-product","3":"status-publish","4":"has-post-thumbnail","6":"product_cat-huulikiilto","7":"product_tag-artdeco-color-booster-lip-balm-3g","8":"pa_brand-artdeco","9":"pa_variantti-8-nude","10":"berocket_brand-artdeco","12":"first","13":"instock","14":"sale","15":"taxable","16":"shipping-taxable","17":"purchasable","18":"product-type-simple"},"_links":{"self":[{"href":"https:\/\/stylingagenten.com\/fi\/wp-json\/wp\/v2\/product\/128891","targetHints":{"allow":["GET"]}}],"collection":[{"href":"https:\/\/stylingagenten.com\/fi\/wp-json\/wp\/v2\/product"}],"about":[{"href":"https:\/\/stylingagenten.com\/fi\/wp-json\/wp\/v2\/types\/product"}],"replies":[{"embeddable":true,"href":"https:\/\/stylingagenten.com\/fi\/wp-json\/wp\/v2\/comments?post=128891"}],"version-history":[{"count":0,"href":"https:\/\/stylingagenten.com\/fi\/wp-json\/wp\/v2\/product\/128891\/revisions"}],"wp:featuredmedia":[{"embeddable":true,"href":"https:\/\/stylingagenten.com\/fi\/wp-json\/wp\/v2\/media\/128889"}],"wp:attachment":[{"href":"https:\/\/stylingagenten.com\/fi\/wp-json\/wp\/v2\/media?parent=128891"}],"wp:term":[{"taxonomy":"product_brand","embeddable":true,"href":"https:\/\/stylingagenten.com\/fi\/wp-json\/wp\/v2\/product_brand?post=128891"},{"taxonomy":"product_cat","embeddable":true,"href":"https:\/\/stylingagenten.com\/fi\/wp-json\/wp\/v2\/product_cat?post=128891"},{"taxonomy":"product_tag","embeddable":true,"href":"https:\/\/stylingagenten.com\/fi\/wp-json\/wp\/v2\/product_tag?post=128891"},{"taxonomy":"berocket_brand","embeddable":true,"href":"https:\/\/stylingagenten.com\/fi\/wp-json\/wp\/v2\/berocket_brand?post=128891"}],"curies":[{"name":"wp","href":"https:\/\/api.w.org\/{rel}","templated":true}]}}