{"id":128885,"date":"2025-05-18T22:17:22","date_gmt":"2025-05-18T22:17:22","guid":{"rendered":"https:\/\/staging2.stylingagenten.com\/fi\/produkt\/artdeco-glossy-lip-volumizer-6ml\/"},"modified":"2026-04-07T18:18:28","modified_gmt":"2026-04-07T18:18:28","slug":"artdeco-glossy-lip-volumizer-6ml","status":"publish","type":"product","link":"https:\/\/stylingagenten.com\/fi\/tuote\/artdeco-glossy-lip-volumizer-6ml\/","title":{"rendered":"Artdeco Glossy Lip Volumizer 6ml"},"content":{"rendered":"<p>Ihmekiilto volyymia ja kosteutta varten! Glossy Lip Volumizer sis\u00e4lt\u00e4\u00e4 hyaluronihappoa ja mangovoita, jotka antavat t\u00e4yteaineen ja pit\u00e4v\u00e4t huulet ihanan kosteutettuina. Hienovaraisen vaaleanpunaisen s\u00e4vyn koostumuksessa on my\u00f6s raikas vaniljan ja mintun tuoksu.<\/p>\n<p>\u2022 Kosteuttava ja volyymia antava huulikiilto<br \/>\u2022 T\u00e4yteainevaikutelma ja vaaleanpunainen s\u00e4vy<br \/>\u2022 Sis\u00e4lt\u00e4\u00e4 hyaluronihappoa ja mangovoi<br \/>\u2022 Tuoksuu raikkaalta vaniljalta ja mintulta<\/p>\n","protected":false},"excerpt":{"rendered":"<p>Ihmekiilto volyymia ja kosteutta varten! Glossy Lip Volumizer sis\u00e4lt\u00e4\u00e4 hyaluronihappoa ja mangovoita, jotka antavat t\u00e4yteaineen ja pit\u00e4v\u00e4t huulet ihanan kosteutettuina. Hienovaraisen vaaleanpunaisen s\u00e4vyn koostumuksessa on my\u00f6s raikas vaniljan ja mintun tuoksu. \u2022 Kosteuttava ja volyymia antava huulikiilto\u2022 T\u00e4yteainevaikutelma ja vaaleanpunainen s\u00e4vy\u2022 Sis\u00e4lt\u00e4\u00e4 hyaluronihappoa ja mangovoi\u2022 Tuoksuu raikkaalta vaniljalta ja mintulta<\/p>\n","protected":false},"featured_media":128872,"comment_status":"open","ping_status":"closed","template":"","meta":{"_trash_the_other_posts":false},"product_brand":[],"product_cat":[661],"product_tag":[],"berocket_brand":[1385],"class_list":{"0":"post-128885","1":"product","2":"type-product","3":"status-publish","4":"has-post-thumbnail","6":"product_cat-huulten-taytelainen","7":"pa_brand-artdeco","8":"berocket_brand-artdeco","10":"first","11":"instock","12":"sale","13":"taxable","14":"shipping-taxable","15":"purchasable","16":"product-type-simple"},"_links":{"self":[{"href":"https:\/\/stylingagenten.com\/fi\/wp-json\/wp\/v2\/product\/128885","targetHints":{"allow":["GET"]}}],"collection":[{"href":"https:\/\/stylingagenten.com\/fi\/wp-json\/wp\/v2\/product"}],"about":[{"href":"https:\/\/stylingagenten.com\/fi\/wp-json\/wp\/v2\/types\/product"}],"replies":[{"embeddable":true,"href":"https:\/\/stylingagenten.com\/fi\/wp-json\/wp\/v2\/comments?post=128885"}],"version-history":[{"count":0,"href":"https:\/\/stylingagenten.com\/fi\/wp-json\/wp\/v2\/product\/128885\/revisions"}],"wp:featuredmedia":[{"embeddable":true,"href":"https:\/\/stylingagenten.com\/fi\/wp-json\/wp\/v2\/media\/128872"}],"wp:attachment":[{"href":"https:\/\/stylingagenten.com\/fi\/wp-json\/wp\/v2\/media?parent=128885"}],"wp:term":[{"taxonomy":"product_brand","embeddable":true,"href":"https:\/\/stylingagenten.com\/fi\/wp-json\/wp\/v2\/product_brand?post=128885"},{"taxonomy":"product_cat","embeddable":true,"href":"https:\/\/stylingagenten.com\/fi\/wp-json\/wp\/v2\/product_cat?post=128885"},{"taxonomy":"product_tag","embeddable":true,"href":"https:\/\/stylingagenten.com\/fi\/wp-json\/wp\/v2\/product_tag?post=128885"},{"taxonomy":"berocket_brand","embeddable":true,"href":"https:\/\/stylingagenten.com\/fi\/wp-json\/wp\/v2\/berocket_brand?post=128885"}],"curies":[{"name":"wp","href":"https:\/\/api.w.org\/{rel}","templated":true}]}}