{"id":128827,"date":"2025-05-18T22:17:10","date_gmt":"2025-05-18T22:17:10","guid":{"rendered":"https:\/\/staging2.stylingagenten.com\/fi\/produkt\/wet-n-wild-mega-slicks-lip-gloss-snuggle-sesh\/"},"modified":"2026-03-05T07:29:27","modified_gmt":"2026-03-05T07:29:27","slug":"wet-n-wild-mega-slicks-lip-gloss-snuggle-sesh","status":"publish","type":"product","link":"https:\/\/stylingagenten.com\/fi\/tuote\/wet-n-wild-mega-slicks-lip-gloss-snuggle-sesh\/","title":{"rendered":"Wet n Wild Mega Slicks Lip Gloss &#8211; Snuggle Sesh"},"content":{"rendered":"<p>Wet n Wild Mega Slicks Lip Gloss &#8211; Snuggle Sesh on kosteuttava huulikiilto, jolla on volyymia lis\u00e4\u00e4v\u00e4 vaikutus. Antaa loistavan kiillon ja fantastisen volyymin lis\u00e4yksen tahrattomassa koostumuksessa. Rikastettu kosteuttavilla ainesosilla, kuten hyaluronihapolla ja jojoballa. Mega Slicks Lipgloss koostuu kiilt\u00e4vist\u00e4, hohtavista ja kimaltelevista tehosteista, joita on saatavilla s\u00e4vyiss\u00e4 Crushed Grapes, Crystal Clear, Cherish, Sinless, Call Me Boss, Snuggle Sesh, Pink Champagne Please<\/p>\n<p>2,3 ml<\/p>\n","protected":false},"excerpt":{"rendered":"<p>Wet n Wild Mega Slicks Lip Gloss &#8211; Snuggle Sesh on kosteuttava huulikiilto, jolla on volyymia lis\u00e4\u00e4v\u00e4 vaikutus. Antaa loistavan kiillon ja fantastisen volyymin lis\u00e4yksen tahrattomassa koostumuksessa. Rikastettu kosteuttavilla ainesosilla, kuten hyaluronihapolla ja jojoballa. Mega Slicks Lipgloss koostuu kiilt\u00e4vist\u00e4, hohtavista ja kimaltelevista tehosteista, joita on saatavilla s\u00e4vyiss\u00e4 Crushed Grapes, Crystal Clear, Cherish, Sinless, Call Me [&hellip;]<\/p>\n","protected":false},"featured_media":128802,"comment_status":"open","ping_status":"closed","template":"","meta":{"_trash_the_other_posts":false},"product_brand":[],"product_cat":[599],"product_tag":[4094],"berocket_brand":[1035],"class_list":{"0":"post-128827","1":"product","2":"type-product","3":"status-publish","4":"has-post-thumbnail","6":"product_cat-huulikiilto","7":"product_tag-wet-n-wild-mega-slicks-lip-gloss","8":"pa_brand-wet-n-wild","9":"pa_variantti-snuggle-sesh","10":"berocket_brand-wet-n-wild","12":"first","13":"instock","14":"sale","15":"taxable","16":"shipping-taxable","17":"purchasable","18":"product-type-simple"},"_links":{"self":[{"href":"https:\/\/stylingagenten.com\/fi\/wp-json\/wp\/v2\/product\/128827","targetHints":{"allow":["GET"]}}],"collection":[{"href":"https:\/\/stylingagenten.com\/fi\/wp-json\/wp\/v2\/product"}],"about":[{"href":"https:\/\/stylingagenten.com\/fi\/wp-json\/wp\/v2\/types\/product"}],"replies":[{"embeddable":true,"href":"https:\/\/stylingagenten.com\/fi\/wp-json\/wp\/v2\/comments?post=128827"}],"version-history":[{"count":0,"href":"https:\/\/stylingagenten.com\/fi\/wp-json\/wp\/v2\/product\/128827\/revisions"}],"wp:featuredmedia":[{"embeddable":true,"href":"https:\/\/stylingagenten.com\/fi\/wp-json\/wp\/v2\/media\/128802"}],"wp:attachment":[{"href":"https:\/\/stylingagenten.com\/fi\/wp-json\/wp\/v2\/media?parent=128827"}],"wp:term":[{"taxonomy":"product_brand","embeddable":true,"href":"https:\/\/stylingagenten.com\/fi\/wp-json\/wp\/v2\/product_brand?post=128827"},{"taxonomy":"product_cat","embeddable":true,"href":"https:\/\/stylingagenten.com\/fi\/wp-json\/wp\/v2\/product_cat?post=128827"},{"taxonomy":"product_tag","embeddable":true,"href":"https:\/\/stylingagenten.com\/fi\/wp-json\/wp\/v2\/product_tag?post=128827"},{"taxonomy":"berocket_brand","embeddable":true,"href":"https:\/\/stylingagenten.com\/fi\/wp-json\/wp\/v2\/berocket_brand?post=128827"}],"curies":[{"name":"wp","href":"https:\/\/api.w.org\/{rel}","templated":true}]}}