{"id":128790,"date":"2025-05-18T22:17:02","date_gmt":"2025-05-18T22:17:02","guid":{"rendered":"https:\/\/staging2.stylingagenten.com\/fi\/produkt\/bareminerals-mineralist-lip-gloss-balm-heart\/"},"modified":"2025-12-05T13:32:39","modified_gmt":"2025-12-05T13:32:39","slug":"bareminerals-mineralist-lip-gloss-balm-heart","status":"publish","type":"product","link":"https:\/\/stylingagenten.com\/fi\/tuote\/bareminerals-mineralist-lip-gloss-balm-heart\/","title":{"rendered":"BareMinerals Mineralist Lip Gloss Balm Heart"},"content":{"rendered":"<p>Saat parhaat kiiltoa ja balsamia yhdess\u00e4: kevyt v\u00e4ri, korkea kiilto ja vastustamattoman pehme\u00e4t huulet ilman tahmeaa tunnetta.<br \/>T\u00e4m\u00e4 luonnollisilla ainesosilla, kuten kylm\u00e4puristetuilla hedelm\u00e4\u00f6ljyill\u00e4, t\u00e4ynn\u00e4 oleva kiilto-balsami-hybridi ravitsee huulia v\u00e4litt\u00f6m\u00e4sti silkkisen\u00e4. pehme\u00e4 koostumus, joka ei koskaan tunnu tahmealta. Huulet tuntuvat pehme\u00e4mmilt\u00e4, \u200b\u200bsile\u00e4mmilt\u00e4 ja kosteutetuilta ajan my\u00f6t\u00e4 &#8211; jopa poispesun j\u00e4lkeen.<\/p>\n<p>Kliinisesti testattu<br \/>Kliinisesti todistettu parantavan huulten pehmeytt\u00e4 ja sileytt\u00e4 sek\u00e4 v\u00e4litt\u00f6m\u00e4sti ett\u00e4 ajan my\u00f6t\u00e4<br \/>90 % tunsi, ett\u00e4 huulet tuntuvat v\u00e4litt\u00f6m\u00e4sti. tuntui kosteutetulta*<br \/>Tekee jopa 50 % sile\u00e4mm\u00e4t ja pehme\u00e4mm\u00e4t huulet vain viikossa*<\/p>\n<p>*Perustuu 1 viikon kliiniseen tutkimukseen, jossa oli 30 osallistujaa. Tulokset voivat vaihdella<\/p>\n","protected":false},"excerpt":{"rendered":"<p>Saat parhaat kiiltoa ja balsamia yhdess\u00e4: kevyt v\u00e4ri, korkea kiilto ja vastustamattoman pehme\u00e4t huulet ilman tahmeaa tunnetta.T\u00e4m\u00e4 luonnollisilla ainesosilla, kuten kylm\u00e4puristetuilla hedelm\u00e4\u00f6ljyill\u00e4, t\u00e4ynn\u00e4 oleva kiilto-balsami-hybridi ravitsee huulia v\u00e4litt\u00f6m\u00e4sti silkkisen\u00e4. pehme\u00e4 koostumus, joka ei koskaan tunnu tahmealta. Huulet tuntuvat pehme\u00e4mmilt\u00e4, \u200b\u200bsile\u00e4mmilt\u00e4 ja kosteutetuilta ajan my\u00f6t\u00e4 &#8211; jopa poispesun j\u00e4lkeen. Kliinisesti testattuKliinisesti todistettu parantavan huulten pehmeytt\u00e4 ja [&hellip;]<\/p>\n","protected":false},"featured_media":128777,"comment_status":"open","ping_status":"closed","template":"","meta":{"_trash_the_other_posts":false},"product_brand":[],"product_cat":[599],"product_tag":[2478],"berocket_brand":[2007],"class_list":{"0":"post-128790","1":"product","2":"type-product","3":"status-publish","4":"has-post-thumbnail","6":"product_cat-huulikiilto","7":"product_tag-bareminerals-mineralist-lip-gloss-balm","8":"pa_brand-id-bareminerals","9":"pa_variantti-heart","10":"berocket_brand-id-bareminerals","12":"first","13":"instock","14":"sale","15":"taxable","16":"shipping-taxable","17":"purchasable","18":"product-type-simple"},"_links":{"self":[{"href":"https:\/\/stylingagenten.com\/fi\/wp-json\/wp\/v2\/product\/128790","targetHints":{"allow":["GET"]}}],"collection":[{"href":"https:\/\/stylingagenten.com\/fi\/wp-json\/wp\/v2\/product"}],"about":[{"href":"https:\/\/stylingagenten.com\/fi\/wp-json\/wp\/v2\/types\/product"}],"replies":[{"embeddable":true,"href":"https:\/\/stylingagenten.com\/fi\/wp-json\/wp\/v2\/comments?post=128790"}],"version-history":[{"count":0,"href":"https:\/\/stylingagenten.com\/fi\/wp-json\/wp\/v2\/product\/128790\/revisions"}],"wp:featuredmedia":[{"embeddable":true,"href":"https:\/\/stylingagenten.com\/fi\/wp-json\/wp\/v2\/media\/128777"}],"wp:attachment":[{"href":"https:\/\/stylingagenten.com\/fi\/wp-json\/wp\/v2\/media?parent=128790"}],"wp:term":[{"taxonomy":"product_brand","embeddable":true,"href":"https:\/\/stylingagenten.com\/fi\/wp-json\/wp\/v2\/product_brand?post=128790"},{"taxonomy":"product_cat","embeddable":true,"href":"https:\/\/stylingagenten.com\/fi\/wp-json\/wp\/v2\/product_cat?post=128790"},{"taxonomy":"product_tag","embeddable":true,"href":"https:\/\/stylingagenten.com\/fi\/wp-json\/wp\/v2\/product_tag?post=128790"},{"taxonomy":"berocket_brand","embeddable":true,"href":"https:\/\/stylingagenten.com\/fi\/wp-json\/wp\/v2\/berocket_brand?post=128790"}],"curies":[{"name":"wp","href":"https:\/\/api.w.org\/{rel}","templated":true}]}}