{"id":128768,"date":"2025-05-18T22:16:57","date_gmt":"2025-05-18T22:16:57","guid":{"rendered":"https:\/\/staging2.stylingagenten.com\/fi\/produkt\/artdeco-color-booster-lip-balm-4-rose\/"},"modified":"2026-01-21T09:46:27","modified_gmt":"2026-01-21T09:46:27","slug":"artdeco-color-booster-lip-balm-4-rose","status":"publish","type":"product","link":"https:\/\/stylingagenten.com\/fi\/tuote\/artdeco-color-booster-lip-balm-4-rose\/","title":{"rendered":"Artdeco Color Booster Lip Balm 4 Ros\u00e9"},"content":{"rendered":"<p>Artdeco Color Booster Lip Balm on pigmenttej\u00e4 sis\u00e4lt\u00e4v\u00e4 huulivoide, joka mukautuu huultesi pH-arvoon ja vahvistaa niiden luonnollista v\u00e4ri\u00e4. Lis\u00e4ksi se sis\u00e4lt\u00e4\u00e4 hoitavaa aprikoosinsiemen\u00f6ljy\u00e4 ja persikka-uutetta, ja piparmintun aromi antaa ihanan virkist\u00e4v\u00e4n tunteen.<\/p>\n<p>3g<\/p>\n","protected":false},"excerpt":{"rendered":"<p>Artdeco Color Booster Lip Balm on pigmenttej\u00e4 sis\u00e4lt\u00e4v\u00e4 huulivoide, joka mukautuu huultesi pH-arvoon ja vahvistaa niiden luonnollista v\u00e4ri\u00e4. Lis\u00e4ksi se sis\u00e4lt\u00e4\u00e4 hoitavaa aprikoosinsiemen\u00f6ljy\u00e4 ja persikka-uutetta, ja piparmintun aromi antaa ihanan virkist\u00e4v\u00e4n tunteen. 3g<\/p>\n","protected":false},"featured_media":128752,"comment_status":"open","ping_status":"closed","template":"","meta":{"_trash_the_other_posts":false},"product_brand":[],"product_cat":[580],"product_tag":[2437],"berocket_brand":[1385],"class_list":{"0":"post-128768","1":"product","2":"type-product","3":"status-publish","4":"has-post-thumbnail","6":"product_cat-huulirasva","7":"product_tag-artdeco-color-booster-lip-balm-3g","8":"pa_brand-artdeco","9":"pa_variantti-4-rose","10":"berocket_brand-artdeco","12":"first","13":"instock","14":"sale","15":"taxable","16":"shipping-taxable","17":"purchasable","18":"product-type-simple"},"_links":{"self":[{"href":"https:\/\/stylingagenten.com\/fi\/wp-json\/wp\/v2\/product\/128768","targetHints":{"allow":["GET"]}}],"collection":[{"href":"https:\/\/stylingagenten.com\/fi\/wp-json\/wp\/v2\/product"}],"about":[{"href":"https:\/\/stylingagenten.com\/fi\/wp-json\/wp\/v2\/types\/product"}],"replies":[{"embeddable":true,"href":"https:\/\/stylingagenten.com\/fi\/wp-json\/wp\/v2\/comments?post=128768"}],"version-history":[{"count":0,"href":"https:\/\/stylingagenten.com\/fi\/wp-json\/wp\/v2\/product\/128768\/revisions"}],"wp:featuredmedia":[{"embeddable":true,"href":"https:\/\/stylingagenten.com\/fi\/wp-json\/wp\/v2\/media\/128752"}],"wp:attachment":[{"href":"https:\/\/stylingagenten.com\/fi\/wp-json\/wp\/v2\/media?parent=128768"}],"wp:term":[{"taxonomy":"product_brand","embeddable":true,"href":"https:\/\/stylingagenten.com\/fi\/wp-json\/wp\/v2\/product_brand?post=128768"},{"taxonomy":"product_cat","embeddable":true,"href":"https:\/\/stylingagenten.com\/fi\/wp-json\/wp\/v2\/product_cat?post=128768"},{"taxonomy":"product_tag","embeddable":true,"href":"https:\/\/stylingagenten.com\/fi\/wp-json\/wp\/v2\/product_tag?post=128768"},{"taxonomy":"berocket_brand","embeddable":true,"href":"https:\/\/stylingagenten.com\/fi\/wp-json\/wp\/v2\/berocket_brand?post=128768"}],"curies":[{"name":"wp","href":"https:\/\/api.w.org\/{rel}","templated":true}]}}