{"id":128761,"date":"2025-05-18T22:16:57","date_gmt":"2025-05-18T22:16:57","guid":{"rendered":"https:\/\/staging2.stylingagenten.com\/fi\/produkt\/beauty-uk-glacier-gloss-no-11-clear\/"},"modified":"2026-02-19T08:46:27","modified_gmt":"2026-02-19T08:46:27","slug":"beauty-uk-glacier-gloss-no-11-clear","status":"publish","type":"product","link":"https:\/\/stylingagenten.com\/fi\/tuote\/beauty-uk-glacier-gloss-no-11-clear\/","title":{"rendered":"Beauty UK Glacier Gloss no.11 &#8211; Clear"},"content":{"rendered":"<p>Glacier Gloss \u2013 huulikiiltokokoelma, joka lupaa voimakkaan kiillon ja intensiivisen v\u00e4rin!<br \/>Glacier Gloss peitt\u00e4\u00e4 huulet runsaasti eri s\u00e4vyiss\u00e4 hienostuneella ja intensiivisell\u00e4 kiilteell\u00e4. Silkkinen rakenne ja tyylik\u00e4s applikaattori tekev\u00e4t levityksest\u00e4 helppoa, mik\u00e4 johtaa pidemp\u00e4\u00e4n ja mukavampaan k\u00e4ytt\u00f6\u00f6n. Mallisto sis\u00e4lt\u00e4\u00e4 valikoiman trendikk\u00e4it\u00e4 s\u00e4vyj\u00e4 ja ikonisia suosikkeja t\u00e4ydelliseen valikoimaan tehosteita kirkkaasta kiillosta rohkeaan kiiltoon. Uudessa pakkauksessa on l\u00e4pin\u00e4kyv\u00e4 putki, joka parantaa v\u00e4rin n\u00e4kyvyytt\u00e4.<\/p>\n","protected":false},"excerpt":{"rendered":"<p>Glacier Gloss \u2013 huulikiiltokokoelma, joka lupaa voimakkaan kiillon ja intensiivisen v\u00e4rin!Glacier Gloss peitt\u00e4\u00e4 huulet runsaasti eri s\u00e4vyiss\u00e4 hienostuneella ja intensiivisell\u00e4 kiilteell\u00e4. Silkkinen rakenne ja tyylik\u00e4s applikaattori tekev\u00e4t levityksest\u00e4 helppoa, mik\u00e4 johtaa pidemp\u00e4\u00e4n ja mukavampaan k\u00e4ytt\u00f6\u00f6n. Mallisto sis\u00e4lt\u00e4\u00e4 valikoiman trendikk\u00e4it\u00e4 s\u00e4vyj\u00e4 ja ikonisia suosikkeja t\u00e4ydelliseen valikoimaan tehosteita kirkkaasta kiillosta rohkeaan kiiltoon. Uudessa pakkauksessa on l\u00e4pin\u00e4kyv\u00e4 putki, [&hellip;]<\/p>\n","protected":false},"featured_media":128758,"comment_status":"open","ping_status":"closed","template":"","meta":{"_trash_the_other_posts":false},"product_brand":[],"product_cat":[599],"product_tag":[2496],"berocket_brand":[1059],"class_list":{"0":"post-128761","1":"product","2":"type-product","3":"status-publish","4":"has-post-thumbnail","6":"product_cat-huulikiilto","7":"product_tag-beauty-uk-glacier-gloss","8":"pa_brand-beautyuk","9":"pa_variantti-no-11-clear","10":"berocket_brand-beautyuk","12":"first","13":"instock","14":"sale","15":"taxable","16":"shipping-taxable","17":"purchasable","18":"product-type-simple"},"_links":{"self":[{"href":"https:\/\/stylingagenten.com\/fi\/wp-json\/wp\/v2\/product\/128761","targetHints":{"allow":["GET"]}}],"collection":[{"href":"https:\/\/stylingagenten.com\/fi\/wp-json\/wp\/v2\/product"}],"about":[{"href":"https:\/\/stylingagenten.com\/fi\/wp-json\/wp\/v2\/types\/product"}],"replies":[{"embeddable":true,"href":"https:\/\/stylingagenten.com\/fi\/wp-json\/wp\/v2\/comments?post=128761"}],"version-history":[{"count":0,"href":"https:\/\/stylingagenten.com\/fi\/wp-json\/wp\/v2\/product\/128761\/revisions"}],"wp:featuredmedia":[{"embeddable":true,"href":"https:\/\/stylingagenten.com\/fi\/wp-json\/wp\/v2\/media\/128758"}],"wp:attachment":[{"href":"https:\/\/stylingagenten.com\/fi\/wp-json\/wp\/v2\/media?parent=128761"}],"wp:term":[{"taxonomy":"product_brand","embeddable":true,"href":"https:\/\/stylingagenten.com\/fi\/wp-json\/wp\/v2\/product_brand?post=128761"},{"taxonomy":"product_cat","embeddable":true,"href":"https:\/\/stylingagenten.com\/fi\/wp-json\/wp\/v2\/product_cat?post=128761"},{"taxonomy":"product_tag","embeddable":true,"href":"https:\/\/stylingagenten.com\/fi\/wp-json\/wp\/v2\/product_tag?post=128761"},{"taxonomy":"berocket_brand","embeddable":true,"href":"https:\/\/stylingagenten.com\/fi\/wp-json\/wp\/v2\/berocket_brand?post=128761"}],"curies":[{"name":"wp","href":"https:\/\/api.w.org\/{rel}","templated":true}]}}