{"id":128750,"date":"2025-05-18T22:16:53","date_gmt":"2025-05-18T22:16:53","guid":{"rendered":"https:\/\/staging2.stylingagenten.com\/fi\/produkt\/maybelline-lifter-gloss-016-rust\/"},"modified":"2026-02-21T23:16:45","modified_gmt":"2026-02-21T23:16:45","slug":"maybelline-lifter-gloss-016-rust","status":"publish","type":"product","link":"https:\/\/stylingagenten.com\/fi\/tuote\/maybelline-lifter-gloss-016-rust\/","title":{"rendered":"Maybelline Lifter Gloss \u2013 016 Rust"},"content":{"rendered":"<p>Lifter Gloss on kosteuttava huulikiilto, joka sis\u00e4lt\u00e4\u00e4 hyaluronihappoa ja auttaa sitomaan kosteutta. Huulikiilto pehment\u00e4\u00e4 ja kohottaa huulia, saaden ne n\u00e4ytt\u00e4m\u00e4\u00e4n t\u00e4ytel\u00e4isemmilt\u00e4.<\/p>\n","protected":false},"excerpt":{"rendered":"<p>Lifter Gloss on kosteuttava huulikiilto, joka sis\u00e4lt\u00e4\u00e4 hyaluronihappoa ja auttaa sitomaan kosteutta. Huulikiilto pehment\u00e4\u00e4 ja kohottaa huulia, saaden ne n\u00e4ytt\u00e4m\u00e4\u00e4n t\u00e4ytel\u00e4isemmilt\u00e4.<\/p>\n","protected":false},"featured_media":128739,"comment_status":"open","ping_status":"closed","template":"","meta":{"_trash_the_other_posts":false},"product_brand":[],"product_cat":[599],"product_tag":[3508],"berocket_brand":[1016],"class_list":{"0":"post-128750","1":"product","2":"type-product","3":"status-publish","4":"has-post-thumbnail","6":"product_cat-huulikiilto","7":"product_tag-maybelline-lifter-gloss","8":"pa_brand-maybelline","9":"pa_variantti-016-rust","10":"berocket_brand-maybelline","12":"first","13":"instock","14":"sale","15":"taxable","16":"shipping-taxable","17":"purchasable","18":"product-type-simple"},"_links":{"self":[{"href":"https:\/\/stylingagenten.com\/fi\/wp-json\/wp\/v2\/product\/128750","targetHints":{"allow":["GET"]}}],"collection":[{"href":"https:\/\/stylingagenten.com\/fi\/wp-json\/wp\/v2\/product"}],"about":[{"href":"https:\/\/stylingagenten.com\/fi\/wp-json\/wp\/v2\/types\/product"}],"replies":[{"embeddable":true,"href":"https:\/\/stylingagenten.com\/fi\/wp-json\/wp\/v2\/comments?post=128750"}],"version-history":[{"count":0,"href":"https:\/\/stylingagenten.com\/fi\/wp-json\/wp\/v2\/product\/128750\/revisions"}],"wp:featuredmedia":[{"embeddable":true,"href":"https:\/\/stylingagenten.com\/fi\/wp-json\/wp\/v2\/media\/128739"}],"wp:attachment":[{"href":"https:\/\/stylingagenten.com\/fi\/wp-json\/wp\/v2\/media?parent=128750"}],"wp:term":[{"taxonomy":"product_brand","embeddable":true,"href":"https:\/\/stylingagenten.com\/fi\/wp-json\/wp\/v2\/product_brand?post=128750"},{"taxonomy":"product_cat","embeddable":true,"href":"https:\/\/stylingagenten.com\/fi\/wp-json\/wp\/v2\/product_cat?post=128750"},{"taxonomy":"product_tag","embeddable":true,"href":"https:\/\/stylingagenten.com\/fi\/wp-json\/wp\/v2\/product_tag?post=128750"},{"taxonomy":"berocket_brand","embeddable":true,"href":"https:\/\/stylingagenten.com\/fi\/wp-json\/wp\/v2\/berocket_brand?post=128750"}],"curies":[{"name":"wp","href":"https:\/\/api.w.org\/{rel}","templated":true}]}}