{"id":128744,"date":"2025-05-18T22:16:52","date_gmt":"2025-05-18T22:16:52","guid":{"rendered":"https:\/\/staging2.stylingagenten.com\/fi\/produkt\/wet-n-wild-mega-glo-lipcheek-berry-true\/"},"modified":"2025-11-19T12:47:18","modified_gmt":"2025-11-19T12:47:18","slug":"wet-n-wild-mega-glo-lipcheek-berry-true","status":"publish","type":"product","link":"https:\/\/stylingagenten.com\/fi\/tuote\/wet-n-wild-mega-glo-lipcheek-berry-true\/","title":{"rendered":"Wet n Wild Mega Glo Lip&amp;Cheek &#8211; Berry True"},"content":{"rendered":"<p>Samettinen, kevyt, kermainen ja rakennettava, t\u00e4m\u00e4 huuli- ja poskiv\u00e4ri tuo v\u00e4litt\u00f6m\u00e4n luonnollisen hehkun ja sit\u00e4 voidaan kerrostaa huulille ja poskille intensiiviseksi hehkuksi. Se tarjoaa k\u00e4tev\u00e4n v\u00e4ripopin tai vieh\u00e4tt\u00e4v\u00e4n hehkun diffuusi, pehme\u00e4n mattapinnan.<\/p>\n<p>Huulille ja poskille: Lis\u00e4\u00e4 saumaton v\u00e4ri huulillesi ja poskillesi pehme\u00e4ll\u00e4 v\u00e4rivoimalla. Helppo levitt\u00e4\u00e4: Kermainen koostumus voidaan levitt\u00e4\u00e4 heti sormilla, siveltimell\u00e4 tai sienell\u00e4. Rakennettava ja sekoitettava: Eritt\u00e4in rakennettava ja helppo sekoittaa virheett\u00f6m\u00e4ksi lopputulokseksi. Upeat ulkon\u00e4\u00f6t: T\u00e4m\u00e4 painoton huuli- ja poskiv\u00e4ri on saatavilla unenomaisissa, k\u00e4yt\u00e4nn\u00f6llisiss\u00e4 v\u00e4reiss\u00e4, jotka luonnollisesti korostavat piirteit\u00e4si. El\u00e4inkokeeton: wet n wildin meikkituotteita ei koskaan testata el\u00e4imill\u00e4 ja ne ovat aina cruelty-free.<\/p>\n","protected":false},"excerpt":{"rendered":"<p>Samettinen, kevyt, kermainen ja rakennettava, t\u00e4m\u00e4 huuli- ja poskiv\u00e4ri tuo v\u00e4litt\u00f6m\u00e4n luonnollisen hehkun ja sit\u00e4 voidaan kerrostaa huulille ja poskille intensiiviseksi hehkuksi. Se tarjoaa k\u00e4tev\u00e4n v\u00e4ripopin tai vieh\u00e4tt\u00e4v\u00e4n hehkun diffuusi, pehme\u00e4n mattapinnan. Huulille ja poskille: Lis\u00e4\u00e4 saumaton v\u00e4ri huulillesi ja poskillesi pehme\u00e4ll\u00e4 v\u00e4rivoimalla. Helppo levitt\u00e4\u00e4: Kermainen koostumus voidaan levitt\u00e4\u00e4 heti sormilla, siveltimell\u00e4 tai sienell\u00e4. Rakennettava [&hellip;]<\/p>\n","protected":false},"featured_media":128730,"comment_status":"open","ping_status":"closed","template":"","meta":{"_trash_the_other_posts":false},"product_brand":[],"product_cat":[599],"product_tag":[4092],"berocket_brand":[1035],"class_list":{"0":"post-128744","1":"product","2":"type-product","3":"status-publish","4":"has-post-thumbnail","6":"product_cat-huulikiilto","7":"product_tag-wet-n-wild-mega-glo-lipcheek","8":"pa_brand-wet-n-wild","9":"pa_variantti-berry-true","10":"berocket_brand-wet-n-wild","12":"first","13":"instock","14":"sale","15":"taxable","16":"shipping-taxable","17":"purchasable","18":"product-type-simple"},"_links":{"self":[{"href":"https:\/\/stylingagenten.com\/fi\/wp-json\/wp\/v2\/product\/128744","targetHints":{"allow":["GET"]}}],"collection":[{"href":"https:\/\/stylingagenten.com\/fi\/wp-json\/wp\/v2\/product"}],"about":[{"href":"https:\/\/stylingagenten.com\/fi\/wp-json\/wp\/v2\/types\/product"}],"replies":[{"embeddable":true,"href":"https:\/\/stylingagenten.com\/fi\/wp-json\/wp\/v2\/comments?post=128744"}],"version-history":[{"count":0,"href":"https:\/\/stylingagenten.com\/fi\/wp-json\/wp\/v2\/product\/128744\/revisions"}],"wp:featuredmedia":[{"embeddable":true,"href":"https:\/\/stylingagenten.com\/fi\/wp-json\/wp\/v2\/media\/128730"}],"wp:attachment":[{"href":"https:\/\/stylingagenten.com\/fi\/wp-json\/wp\/v2\/media?parent=128744"}],"wp:term":[{"taxonomy":"product_brand","embeddable":true,"href":"https:\/\/stylingagenten.com\/fi\/wp-json\/wp\/v2\/product_brand?post=128744"},{"taxonomy":"product_cat","embeddable":true,"href":"https:\/\/stylingagenten.com\/fi\/wp-json\/wp\/v2\/product_cat?post=128744"},{"taxonomy":"product_tag","embeddable":true,"href":"https:\/\/stylingagenten.com\/fi\/wp-json\/wp\/v2\/product_tag?post=128744"},{"taxonomy":"berocket_brand","embeddable":true,"href":"https:\/\/stylingagenten.com\/fi\/wp-json\/wp\/v2\/berocket_brand?post=128744"}],"curies":[{"name":"wp","href":"https:\/\/api.w.org\/{rel}","templated":true}]}}